{"id":1861,"date":"2024-12-17T18:27:54","date_gmt":"2024-12-17T18:27:54","guid":{"rendered":"https:\/\/agi-sa.fr\/anwendungen\/kosmetika\/"},"modified":"2025-03-10T17:19:17","modified_gmt":"2025-03-10T17:19:17","slug":"koerperpflege","status":"publish","type":"page","link":"https:\/\/agi-sa.fr\/de\/anwendungen\/koerperpflege\/","title":{"rendered":"K\u00f6rperpflege"},"content":{"rendered":"<!-- Hero Banner - Hero Banner at the top of the page -->\n\n\n<div id=\"site-banner\" class=\"block__hero-banner \/  is-block theme-white theme-white-bg overflow-hidden md-down:pb-40\">\n\t<div class=\"container md:py-gutter\">\n\t\t<div class=\"flex flex-col \/ md:gap-gutter-xl md:grid md:grid-flow-col md:auto-cols-fr md:items-center md:min-h-banner-hero\">\n\n\t\t\t<div class=\"flex-stack gap-gutter justify-center order-2 max-w-banner-hero-width \/ md:order-1 \/ mt-gutter md:mt-0\">\n\t\t\t\t\t\t\t\t<p class=\"text-subtitle\" data-scroll-class='fadeInUpSmall' data-scroll-delay='200'>\n\t\t\t\t\tAnwendungen\n\t\t\t\t<\/p>\n\t\t\t\t\n\t\t\t\t<div class=\"has-text-lg text-balance\" data-scroll-class='fadeInUpSmall' data-scroll-delay='400'>\n\t\t\t\t\t<div class=\"flex-stack gap-24\">\n\n<h1 data-scroll-class=\"fadeInUpSmall\" class=\"wp-block-heading\"><mark style=\"background-color:rgba(0, 0, 0, 0)\" class=\"has-inline-color has-green-100-color\">Kosmetik&nbsp;<\/mark><\/h1>\n\n\n\n<p data-scroll-class=\"fadeInUpSmall\">Entdecken Sie eine Vielzahl ma\u00dfgeschneiderter texturierender L\u00f6sungen zur Verbesserung Ihrer K\u00f6rperpflegeprodukte \u2013 von Kosmetika bis zur Wundversorgung \u2013 alles aus pflanzlichen Quellen. Von Peel-off-Masken \u00fcber Cremes und Shampoos bis hin zu gelatinefreien Kapseln und sch\u00fctzenden Wundverb\u00e4nden. Unsere Formulierungen bieten eine \u00fcberlegene Textur, Stabilit\u00e4t und Haltbarkeit, die auf die Bed\u00fcrfnisse Ihres Produkts abgestimmt sind.<\/p>\n\n\n<!-- K\u00f6rperpflege - A group of buttons -->\n\n<div class=\"block__buttons \/  is-block pt-0 pb-0 \/ flex flex-row justify-start gap-gutter-sm flex-wrap\" data-scroll-class='fadeInUpSmall'>\n\t\n\t\n\n\t\n\t\t\t\t\t<a  href=\"https:\/\/agi-sa.fr\/de\/kontakt\/\" id=\"block_017e30790e15a604d4f95d7507bd2376\" class=\"btn-text \" target=\"\">\n\n\t<span class=\"btn-icon\">\n\t\t<span class=\"btn-icon-inner\"><\/span>\n\t<\/span>\n\n\tKontakt aufnehmen\n\n<\/a>\n\n\t\t\n\t\t\n\t\n\n<\/div>\n\n<\/div>\n\t\t\t\t<\/div>\n\t\t\t<\/div>\n\n\n\t\t\t\n\n\t\t<\/div>\n\t<\/div>\n<\/div>\n\n<script>\nvar body = document.body;\nbody.classList.add(\"has-banner\");\n<\/script>\n\n\n<!-- Introduction - Introduction block -->\n\n\t\n\n<div class=\"block__introduction \/  is-block theme-dark theme-dark-bg pt-lg pb-lg has-text-lg\">\n\t<div class=\"container\">\n\t\t<div class=\"flex flex-col gap-gutter \/ lg:grid lg:grid-flow-col lg:auto-cols-fr\">\n\n\t\t\t<div class=\"flex-stack gap-24\">\n\n<h2 data-scroll-class=\"fadeInUpSmall\" class=\"wp-block-heading has-xx-large-font-size\">Entdecken Sie, wie <mark style=\"background-color:rgba(0, 0, 0, 0)\" class=\"has-inline-color has-green-140-color\">unsere L\u00f6sungen<\/mark> Ihren Erfolg unterst\u00fctzen k\u00f6nnen  <\/h2>\n\n<\/div>\n\n\t\t\t<div class=\"flex-stack gap-24\" data-scroll-class='fadeIn' data-scroll-delay='600'>\n\t\t\t\t<p>Unser Expertenteam steht Ihnen zur Seite, um die richtigen Texturierungsl\u00f6sungen f\u00fcr Ihre Kosmetikprodukte zu finden. Setzen Sie sich noch heute mit unserem Verkaufsteam in Verbindung und erfahren Sie, wie wir Ihre Produkte verbessern und die Leistung steigern k\u00f6nnen.<\/p>\n\n\n\t\t\t\t\t\t\t\t\t<div>\n\t\t\t\t\t\t\n\t\t\t\t\t\t\n<a href=\"https:\/\/agi-sa.fr\/de\/kontakt\/\" id=\"block_221dede1b74edffb7da1918a1dae1062\" class=\"btn inline-flex \" target=\"\">\n\n\t<span class=\"btn-inner\">\n\n\t\t\t\t<svg width=\"8\" height=\"12\" viewBox=\"0 0 8 12\"  xmlns=\"http:\/\/www.w3.org\/2000\/svg\">\n<path  d=\"M0 0.294643L5.7737 5.94643V6.05357L0 11.7054V12H2.07951L8 6.24107V5.75893L2.07951 0H0V0.294643Z\"  fill=\"currentColor\" \/>\n<\/svg>\n\t\n\tKontakt Verkaufsteam\n\n\t\n\t<\/span>\n\n<\/a>\n\n\t\t\n\t\t\t\n\n\t\n\n\t\t\t\t\t<\/div>\n\t\t\t\t\n\t\t\t<\/div>\n\n\t\t<\/div>\n\t<\/div>\n<\/div>\n\n\n\n<!-- Content Container - Block to add a fixed width to your content -->\n\n<div class=\"block__content-container \/  is-block theme-light theme-light-bg pt-lg pb-lg text-start justify-start\">\n\t<div class=\"container\">\n\t\t<div class=\"acf-innerblocks-container\">\n<!-- Columns - Columns -->\n<div class=\"flex flex-col md:flex-row gap-Dachrinne md:gap-Dachrinne block__columns \/  is-block\">\n<!-- Column - Column -->\n<div class=\"block__column \/  is-block text-start justify-start flex-1 md:basis-1\/3\">\n\t<div class=\"acf-innerblocks-container\">\n\n<h2 data-scroll-class=\"fadeInUpSmall\" class=\"wp-block-heading\">Unsere anderen Anwendungs- bereiche<\/h2>\n\n<\/div>\n<\/div>\n\n\n<!-- Column - Column -->\n<div class=\"block__column \/  is-block text-start justify-start flex-1 md:basis-2\/3\">\n\t<div class=\"acf-innerblocks-container\">\n<!-- K\u00f6rperpflege - Application Categories -->\n\n<div class=\"block__application-categories \/  is-block pt-0 pb-0\">\n\t<div class=\"flex flex-col sm:grid sm:grid-cols-2 xl:grid-cols-4 gap-gutter\">\n\t\t\t\t\t<a href=\"https:\/\/agi-sa.fr\/de\/anwendungen\/lebensmittel\/\"\n\tclass=\"group\/product \/  flex flex-col bg-white \/ hover:text-blue-100 hover:no-underline\"\n\tdata-scroll-class=\"\"\n\tdata-scroll-delay=\"100\"\n\tid=\"post-1863\">\n\n<div class=\"hover:shadow-lg transition-shadow duration-300\">\n\n\t<figure class=\"aspect-square overflow-hidden bg-gray-10\">\n\t\t\t\n\t\t\t\t\n\t\t\t<img decoding=\"async\" class=\"aspect-square object-cover object-center min-w-[200px] \/ group-hover\/product:scale-110 duration-slow\" src=\"https:\/\/agi-sa.fr\/wp-content\/uploads\/2025\/01\/25-Gluten-free-Brownies-500x389.webp\" alt=\"Lebensmittel\" width=\"2500\" height=\"1944\" loading=\"lazy\">\n\t\t\t<\/figure>\n\n\t<h3 class=\"text-lg md:h5 mb-0 p-16 min-h-[6rem]\">\n\t\tLebensmittel\n\t<\/h3>\n\n<\/div>\n\n<\/a>\n\t\t\t\t\t<a href=\"https:\/\/agi-sa.fr\/de\/anwendungen\/tiernahrung\/\"\n\tclass=\"group\/product \/  flex flex-col bg-white \/ hover:text-blue-100 hover:no-underline\"\n\tdata-scroll-class=\"\"\n\tdata-scroll-delay=\"200\"\n\tid=\"post-1865\">\n\n<div class=\"hover:shadow-lg transition-shadow duration-300\">\n\n\t<figure class=\"aspect-square overflow-hidden bg-gray-10\">\n\t\t\t\n\t\t\t\t\n\t\t\t<img decoding=\"async\" class=\"aspect-square object-cover object-center min-w-[200px] \/ group-hover\/product:scale-110 duration-slow\" src=\"https:\/\/agi-sa.fr\/wp-content\/uploads\/2025\/01\/30-Dry-Pet-Food-500x389.webp\" alt=\"Tiernahrung\" width=\"2500\" height=\"1944\" loading=\"lazy\">\n\t\t\t<\/figure>\n\n\t<h3 class=\"text-lg md:h5 mb-0 p-16 min-h-[6rem]\">\n\t\tTiernahrung\n\t<\/h3>\n\n<\/div>\n\n<\/a>\n\t\t\t\t\t<a href=\"https:\/\/agi-sa.fr\/de\/anwendungen\/koerperpflege\/\"\n\tclass=\"group\/product \/  flex flex-col bg-white \/ hover:text-blue-100 hover:no-underline\"\n\tdata-scroll-class=\"\"\n\tdata-scroll-delay=\"300\"\n\tid=\"post-1861\">\n\n<div class=\"hover:shadow-lg transition-shadow duration-300\">\n\n\t<figure class=\"aspect-square overflow-hidden bg-gray-10\">\n\t\t\t\n\t\t\t\t\n\t\t\t<img decoding=\"async\" class=\"aspect-square object-cover object-center min-w-[200px] \/ group-hover\/product:scale-110 duration-slow\" src=\"https:\/\/agi-sa.fr\/wp-content\/uploads\/2025\/01\/37-Moisturizer-cream-500x389.webp\" alt=\"K\u00f6rperpflege\" width=\"1000\" height=\"778\" loading=\"lazy\">\n\t\t\t<\/figure>\n\n\t<h3 class=\"text-lg md:h5 mb-0 p-16 min-h-[6rem]\">\n\t\tK\u00f6rperpflege\n\t<\/h3>\n\n<\/div>\n\n<\/a>\n\t\t\t\t\t<a href=\"https:\/\/agi-sa.fr\/de\/anwendungen\/technische-anwendungen\/\"\n\tclass=\"group\/product \/  flex flex-col bg-white \/ hover:text-blue-100 hover:no-underline\"\n\tdata-scroll-class=\"\"\n\tdata-scroll-delay=\"400\"\n\tid=\"post-1869\">\n\n<div class=\"hover:shadow-lg transition-shadow duration-300\">\n\n\t<figure class=\"aspect-square overflow-hidden bg-gray-10\">\n\t\t\t\n\t\t\t\t\n\t\t\t<img decoding=\"async\" class=\"aspect-square object-cover object-center min-w-[200px] \/ group-hover\/product:scale-110 duration-slow\" src=\"https:\/\/agi-sa.fr\/wp-content\/uploads\/2025\/01\/39-Air-freshner-500x389.webp\" alt=\"Technische Anwendungen\" width=\"1000\" height=\"778\" loading=\"lazy\">\n\t\t\t<\/figure>\n\n\t<h3 class=\"text-lg md:h5 mb-0 p-16 min-h-[6rem]\">\n\t\tTechnische Anwendungen\n\t<\/h3>\n\n<\/div>\n\n<\/a>\n\t\t\t<\/div>\n\n<\/div>\n\n<\/div>\n<\/div>\n\n<\/div>\n\n\n<\/div>\n\t<\/div>\n<\/div>\n","protected":false},"excerpt":{"rendered":"","protected":false},"author":1,"featured_media":1102,"parent":1856,"menu_order":0,"comment_status":"closed","ping_status":"closed","template":"","meta":{"_acf_changed":false,"inline_featured_image":false,"footnotes":""},"class_list":["post-1861","page","type-page","status-publish","has-post-thumbnail","hentry"],"acf":[],"_links":{"self":[{"href":"https:\/\/agi-sa.fr\/de\/wp-json\/wp\/v2\/pages\/1861","targetHints":{"allow":["GET"]}}],"collection":[{"href":"https:\/\/agi-sa.fr\/de\/wp-json\/wp\/v2\/pages"}],"about":[{"href":"https:\/\/agi-sa.fr\/de\/wp-json\/wp\/v2\/types\/page"}],"author":[{"embeddable":true,"href":"https:\/\/agi-sa.fr\/de\/wp-json\/wp\/v2\/users\/1"}],"replies":[{"embeddable":true,"href":"https:\/\/agi-sa.fr\/de\/wp-json\/wp\/v2\/comments?post=1861"}],"version-history":[{"count":0,"href":"https:\/\/agi-sa.fr\/de\/wp-json\/wp\/v2\/pages\/1861\/revisions"}],"up":[{"embeddable":true,"href":"https:\/\/agi-sa.fr\/de\/wp-json\/wp\/v2\/pages\/1856"}],"wp:featuredmedia":[{"embeddable":true,"href":"https:\/\/agi-sa.fr\/de\/wp-json\/wp\/v2\/media\/1102"}],"wp:attachment":[{"href":"https:\/\/agi-sa.fr\/de\/wp-json\/wp\/v2\/media?parent=1861"}],"curies":[{"name":"wp","href":"https:\/\/api.w.org\/{rel}","templated":true}]}}