{"id":1865,"date":"2024-12-17T18:26:47","date_gmt":"2024-12-17T18:26:47","guid":{"rendered":"https:\/\/agi-sa.fr\/anwendungen\/haustier-und-tierfutter\/"},"modified":"2025-03-07T15:03:19","modified_gmt":"2025-03-07T15:03:19","slug":"tiernahrung","status":"publish","type":"page","link":"https:\/\/agi-sa.fr\/de\/anwendungen\/tiernahrung\/","title":{"rendered":"Tiernahrung"},"content":{"rendered":"<!-- Hero Banner - Hero Banner at the top of the page -->\n\n\n<div id=\"site-banner\" class=\"block__hero-banner \/  is-block theme-white theme-white-bg overflow-hidden md-down:pb-40\">\n\t<div class=\"container md:py-gutter\">\n\t\t<div class=\"flex flex-col \/ md:gap-gutter-xl md:grid md:grid-flow-col md:auto-cols-fr md:items-center md:min-h-banner-hero\">\n\n\t\t\t<div class=\"flex-stack gap-gutter justify-center order-2 max-w-banner-hero-width \/ md:order-1 \/ mt-gutter md:mt-0\">\n\t\t\t\t\t\t\t\t<p class=\"text-subtitle\" data-scroll-class='fadeInUpSmall' data-scroll-delay='200'>\n\t\t\t\t\tAnwendungen\n\t\t\t\t<\/p>\n\t\t\t\t\n\t\t\t\t<div class=\"has-text-lg text-balance\" data-scroll-class='fadeInUpSmall' data-scroll-delay='400'>\n\t\t\t\t\t<div class=\"flex-stack gap-24\">\n\n<h1 data-scroll-class=\"fadeInUpSmall\" class=\"wp-block-heading\">Tiernahrung<\/h1>\n\n\n\n<p data-scroll-class=\"fadeInUpSmall\">Verbessern Sie Ihre Produktionseffizienz und erf\u00fcllen Sie gleichzeitig die Anforderungen der Tiernahrung mit unseren innovativen Texturierungsl\u00f6sungen. Von Nassfutter und Pasteten bis hin zu Trockenprodukten und rekonstituierten Fleischst\u00fccken k\u00f6nnen unsere ma\u00dfgeschneiderten L\u00f6sungen dazu beitragen, die Textur, Stabilit\u00e4t und Qualit\u00e4t Ihrer Tiernahrung zu verbessern.\u00a0<\/p>\n\n\n<!-- Tiernahrung - A group of buttons -->\n\n<div class=\"block__buttons \/  is-block pt-0 pb-0 \/ flex flex-row justify-start gap-gutter-sm flex-wrap\" data-scroll-class='fadeInUpSmall'>\n\t\n\t\n\n\t\n\t\t\t\t\t<a  href=\"https:\/\/agi-sa.fr\/de\/kontakt\/\" id=\"block_83785dfbd4d908553bea47a63a677114\" class=\"btn-text \" target=\"\">\n\n\t<span class=\"btn-icon\">\n\t\t<span class=\"btn-icon-inner\"><\/span>\n\t<\/span>\n\n\tKontakt aufnehmen\n\n<\/a>\n\n\t\t\n\t\t\n\t\n\n<\/div>\n\n<\/div>\n\t\t\t\t<\/div>\n\t\t\t<\/div>\n\n\n\t\t\t\n\n\t\t<\/div>\n\t<\/div>\n<\/div>\n\n<script>\nvar body = document.body;\nbody.classList.add(\"has-banner\");\n<\/script>\n\n\n<!-- Content Container - Block to add a fixed width to your content -->\n\n<div class=\"block__content-container \/  is-block theme-light theme-light-bg pt-lg pb-lg text-start justify-start\">\n\t<div class=\"container\">\n\t\t<div class=\"acf-innerblocks-container\">\n<!-- Tiernahrung - Application Accordion -->\n\n<div class=\"block__application-accordion \/  is-block\" role=\"region\" aria-label=\"Accordion\">\n\n\n\t\t\t<h2 class=\"h4 mt-48 mb-gutter\">\n\t\t\tTiernahrung\n\t\t<\/h2>\n\t\n\t\t\t<div class=\"accordion__item group\/accordion border-b border-gray-10\" data-scroll-class=\"fadeInUpSmall\" data-scroll-delay=\"\" role=\"group\">\n\t\t\t<button class=\"accordion__item-header \/ w-full cursor-pointer flex gap-gutter justify-between items-center py-24\" role=\"button\" aria-controls=\"faq-answer-1\">\n\n\t\t\t<div class=\"btn-circle accordion__icon-open group-hover\/accordion:bg-blue-100\">\n\t\t\t\t<svg width=\"24\" height=\"24\" viewBox=\"0 0 24 24\" fill=\"none\" xmlns=\"http:\/\/www.w3.org\/2000\/svg\">\n<path d=\"M12 5V19\" stroke=\"currentColor\" stroke-width=\"2\" stroke-linecap=\"square\"\/>\n<path d=\"M5 12H19\" stroke=\"currentColor\" stroke-width=\"2\" stroke-linecap=\"square\"\/>\n<\/svg>\n\t\t\t<\/div>\n\t\t\t<div class=\"btn-circle accordion__icon-close group-hover\/accordion:bg-blue-100\">\n\t\t\t\t<svg width=\"24\" height=\"24\" viewBox=\"0 0 24 24\" fill=\"none\" xmlns=\"http:\/\/www.w3.org\/2000\/svg\">\n<path d=\"M5 12H19\" stroke=\"currentColor\" stroke-width=\"2\" stroke-linecap=\"square\"\/>\n<\/svg>\n\t\t\t<\/div>\n\n\t\t\t<h2 class=\"h6 mb-0 text-start flex-1 group-hover\/accordion:text-blue-100\">Pasteten und Gelees<\/h2>\n\n\t\t<\/button>\n\t\n\t\t\t<div id=\"faq-answer-1\" class=\"accordion__item-content \/ transition-all duration-500 ease-in-out md:pl-64\" role=\"region\" aria-labelledby=\"faq-question-1\">\n\t\t\t\t\t\t\t<div class=\"flex flex-col lg:grid grid-cols-12 gap-gutter lg:gap-gutter-xl mb-gutter-lg\">\n\n\t<div class=\"col-span-6\">\n\n\t\t\t\t\t\n\t\t\t\t\n\t\t\t<img decoding=\"async\" class=\"aspect-video object-cover object-center mb-gutter\" src=\"https:\/\/agi-sa.fr\/wp-content\/uploads\/2025\/01\/14-Pate-Jelly.webp\" alt=\"Pasteten und Gelees\" width=\"1000\" height=\"795\" loading=\"lazy\">\n\t\t\t\n\t\t<div class=\"text-lg *:animate-none *:opacity-100 *:transform-none\">\n\t\t\t\n<p data-scroll-class=\"fadeInUpSmall\">Verbessern Sie das Erscheinungsbild Ihrer Endprodukte mit unseren hochmodernen L\u00f6sungen, die den F\u00fcllprozess erleichtern, die Trennung von Fett verhindern, eine gleichm\u00e4\u00dfige Feuchtigkeit in der Dose aufrechterhalten und die Bildung von Syn\u00e4rese vermeiden. Unsere Palette an Hydrokolloid-Formulierungen eignet sich f\u00fcr verschiedene Texturen, darunter elastische bis spr\u00f6de Gele, schneidbare Gele und Mousses. <\/p>\n\n\t\t<\/div>\n\t<\/div>\n\n\n\t<div class=\"col-span-6\">\n\t\t<h2 class=\"text-subtitle mb-gutter\">Verwandte Produkte<\/h2>\n\n\t\t<div class=\"gap-gutter-sm md:gap-gutter \/ grid grid-cols-2 sm:grid-cols-3 md:grid-cols-4 lg:grid-cols-3\">\n\t\t\t\t\t\t\t<a href=\"https:\/\/agi-sa.fr\/de\/produkt\/matgel-geliersysteme\/\"\n\tclass=\"group\/product \/  flex flex-col bg-white \/ hover:text-blue-100 hover:no-underline\"\n\tdata-scroll-class=\"\"\n\tdata-scroll-delay=\"\"\n\tid=\"post-1898\">\n\n<div class=\"hover:shadow-lg transition-shadow duration-300\">\n\n\t<figure class=\"aspect-square overflow-hidden bg-gray-10\">\n\t\t\t\n\t\t\t\t\n\t\t\t<img decoding=\"async\" class=\"aspect-square object-cover object-center min-w-[200px] \/ group-hover\/product:scale-110 duration-slow\" src=\"https:\/\/agi-sa.fr\/wp-content\/uploads\/2025\/01\/15-Matgel-500x389.webp\" alt=\"Matgel: Geliersysteme\" width=\"2304\" height=\"1792\" loading=\"lazy\">\n\t\t\t<\/figure>\n\n\t<h3 class=\"text-lg md:h5 mb-0 p-16 \">\n\t\tMatgel: Geliersysteme\n\t<\/h3>\n\n<\/div>\n\n<\/a>\n\t\t\t\t\t<\/div>\n\n\t<\/div>\n\n\n<\/div>\n\t\t\t\t\t<\/div>\n\t<\/div>\n\n\n\n\n\t\t\t<div class=\"accordion__item group\/accordion border-b border-gray-10\" data-scroll-class=\"fadeInUpSmall\" data-scroll-delay=\"\" role=\"group\">\n\t\t\t<button class=\"accordion__item-header \/ w-full cursor-pointer flex gap-gutter justify-between items-center py-24\" role=\"button\" aria-controls=\"faq-answer-2\">\n\n\t\t\t<div class=\"btn-circle accordion__icon-open group-hover\/accordion:bg-blue-100\">\n\t\t\t\t<svg width=\"24\" height=\"24\" viewBox=\"0 0 24 24\" fill=\"none\" xmlns=\"http:\/\/www.w3.org\/2000\/svg\">\n<path d=\"M12 5V19\" stroke=\"currentColor\" stroke-width=\"2\" stroke-linecap=\"square\"\/>\n<path d=\"M5 12H19\" stroke=\"currentColor\" stroke-width=\"2\" stroke-linecap=\"square\"\/>\n<\/svg>\n\t\t\t<\/div>\n\t\t\t<div class=\"btn-circle accordion__icon-close group-hover\/accordion:bg-blue-100\">\n\t\t\t\t<svg width=\"24\" height=\"24\" viewBox=\"0 0 24 24\" fill=\"none\" xmlns=\"http:\/\/www.w3.org\/2000\/svg\">\n<path d=\"M5 12H19\" stroke=\"currentColor\" stroke-width=\"2\" stroke-linecap=\"square\"\/>\n<\/svg>\n\t\t\t<\/div>\n\n\t\t\t<h2 class=\"h6 mb-0 text-start flex-1 group-hover\/accordion:text-blue-100\">Produkte in Sauce<\/h2>\n\n\t\t<\/button>\n\t\n\t\t\t<div id=\"faq-answer-2\" class=\"accordion__item-content \/ transition-all duration-500 ease-in-out md:pl-64\" role=\"region\" aria-labelledby=\"faq-question-2\">\n\t\t\t\t\t\t\t<div class=\"flex flex-col lg:grid grid-cols-12 gap-gutter lg:gap-gutter-xl mb-gutter-lg\">\n\n\t<div class=\"col-span-6\">\n\n\t\t\t\t\t\n\t\t\t\t\n\t\t\t<img decoding=\"async\" class=\"aspect-video object-cover object-center mb-gutter\" src=\"https:\/\/agi-sa.fr\/wp-content\/uploads\/2025\/01\/28-Sauce-on-pet-food-1024x796.webp\" alt=\"Produkte in Sauce\" width=\"2500\" height=\"1944\" loading=\"lazy\">\n\t\t\t\n\t\t<div class=\"text-lg *:animate-none *:opacity-100 *:transform-none\">\n\t\t\t\n<p data-scroll-class=\"fadeInUpSmall\">Unsere Texturierungsl\u00f6sungen k\u00f6nnen Ihrer Sauce die richtige Dicke verleihen, Fleischst\u00fccke gut ummanteln und beim Bef\u00fcllen von Beuteln oder Dosen helfen, ohne zu spritzen.<\/p>\n\n\t\t<\/div>\n\t<\/div>\n\n\n\t<div class=\"col-span-6\">\n\t\t<h2 class=\"text-subtitle mb-gutter\">Verwandte Produkte<\/h2>\n\n\t\t<div class=\"gap-gutter-sm md:gap-gutter \/ grid grid-cols-2 sm:grid-cols-3 md:grid-cols-4 lg:grid-cols-3\">\n\t\t\t\t\t\t\t<a href=\"https:\/\/agi-sa.fr\/de\/produkt\/matgum-verdickungssysteme\/\"\n\tclass=\"group\/product \/  flex flex-col bg-white \/ hover:text-blue-100 hover:no-underline\"\n\tdata-scroll-class=\"\"\n\tdata-scroll-delay=\"\"\n\tid=\"post-1899\">\n\n<div class=\"hover:shadow-lg transition-shadow duration-300\">\n\n\t<figure class=\"aspect-square overflow-hidden bg-gray-10\">\n\t\t\t\n\t\t\t\t\n\t\t\t<img decoding=\"async\" class=\"aspect-square object-cover object-center min-w-[200px] \/ group-hover\/product:scale-110 duration-slow\" src=\"https:\/\/agi-sa.fr\/wp-content\/uploads\/2025\/01\/11-Helia-500x389.webp\" alt=\"Matgum: Verdickungssysteme\" width=\"2304\" height=\"1792\" loading=\"lazy\">\n\t\t\t<\/figure>\n\n\t<h3 class=\"text-lg md:h5 mb-0 p-16 \">\n\t\tMatgum: Verdickungssysteme\n\t<\/h3>\n\n<\/div>\n\n<\/a>\n\t\t\t\t\t\t\t<a href=\"https:\/\/agi-sa.fr\/de\/produkt\/matvis-stabilisierende-systeme\/\"\n\tclass=\"group\/product \/  flex flex-col bg-white \/ hover:text-blue-100 hover:no-underline\"\n\tdata-scroll-class=\"\"\n\tdata-scroll-delay=\"\"\n\tid=\"post-1896\">\n\n<div class=\"hover:shadow-lg transition-shadow duration-300\">\n\n\t<figure class=\"aspect-square overflow-hidden bg-gray-10\">\n\t\t\t\n\t\t\t\t\n\t\t\t<img decoding=\"async\" class=\"aspect-square object-cover object-center min-w-[200px] \/ group-hover\/product:scale-110 duration-slow\" src=\"https:\/\/agi-sa.fr\/wp-content\/uploads\/2025\/01\/16-Matvis-500x379.webp\" alt=\"Matvis: Stabilisierende Systeme\" width=\"990\" height=\"751\" loading=\"lazy\">\n\t\t\t<\/figure>\n\n\t<h3 class=\"text-lg md:h5 mb-0 p-16 \">\n\t\tMatvis: Stabilisierende Systeme\n\t<\/h3>\n\n<\/div>\n\n<\/a>\n\t\t\t\t\t<\/div>\n\n\t<\/div>\n\n\n<\/div>\n\t\t\t\t\t<\/div>\n\t<\/div>\n\n\n\n\n\t\t\t<div class=\"accordion__item group\/accordion border-b border-gray-10\" data-scroll-class=\"fadeInUpSmall\" data-scroll-delay=\"\" role=\"group\">\n\t\t\t<button class=\"accordion__item-header \/ w-full cursor-pointer flex gap-gutter justify-between items-center py-24\" role=\"button\" aria-controls=\"faq-answer-3\">\n\n\t\t\t<div class=\"btn-circle accordion__icon-open group-hover\/accordion:bg-blue-100\">\n\t\t\t\t<svg width=\"24\" height=\"24\" viewBox=\"0 0 24 24\" fill=\"none\" xmlns=\"http:\/\/www.w3.org\/2000\/svg\">\n<path d=\"M12 5V19\" stroke=\"currentColor\" stroke-width=\"2\" stroke-linecap=\"square\"\/>\n<path d=\"M5 12H19\" stroke=\"currentColor\" stroke-width=\"2\" stroke-linecap=\"square\"\/>\n<\/svg>\n\t\t\t<\/div>\n\t\t\t<div class=\"btn-circle accordion__icon-close group-hover\/accordion:bg-blue-100\">\n\t\t\t\t<svg width=\"24\" height=\"24\" viewBox=\"0 0 24 24\" fill=\"none\" xmlns=\"http:\/\/www.w3.org\/2000\/svg\">\n<path d=\"M5 12H19\" stroke=\"currentColor\" stroke-width=\"2\" stroke-linecap=\"square\"\/>\n<\/svg>\n\t\t\t<\/div>\n\n\t\t\t<h2 class=\"h6 mb-0 text-start flex-1 group-hover\/accordion:text-blue-100\">Rekonstituierte Lebensmittelst\u00fccke<\/h2>\n\n\t\t<\/button>\n\t\n\t\t\t<div id=\"faq-answer-3\" class=\"accordion__item-content \/ transition-all duration-500 ease-in-out md:pl-64\" role=\"region\" aria-labelledby=\"faq-question-3\">\n\t\t\t\t\t\t\t<div class=\"flex flex-col lg:grid grid-cols-12 gap-gutter lg:gap-gutter-xl mb-gutter-lg\">\n\n\t<div class=\"col-span-6\">\n\n\t\t\t\t\t\n\t\t\t\t\n\t\t\t<img decoding=\"async\" class=\"aspect-video object-cover object-center mb-gutter\" src=\"https:\/\/agi-sa.fr\/wp-content\/uploads\/2025\/01\/29-Chunks-of-pet-food-in-sauce.webp\" alt=\"Rekonstituierte Lebensmittelst\u00fccke\" width=\"1000\" height=\"778\" loading=\"lazy\">\n\t\t\t\n\t\t<div class=\"text-lg *:animate-none *:opacity-100 *:transform-none\">\n\t\t\t\n<p data-scroll-class=\"fadeInUpSmall\">Stellen Sie sicher, dass Ihr Produkt gleichm\u00e4\u00dfige Fleischst\u00fccken enth\u00e4lt, die ihre Form behalten. Unser innovatives TexturisL\u00f6sungen erm\u00f6glichen die Rekonstitution von homogenen Fleischbrocken und liefern einheitliche Marker f\u00fcr die Herstellung von Tiernahrung.<\/p>\n\n\t\t<\/div>\n\t<\/div>\n\n\n\t<div class=\"col-span-6\">\n\t\t<h2 class=\"text-subtitle mb-gutter\">Verwandte Produkte<\/h2>\n\n\t\t<div class=\"gap-gutter-sm md:gap-gutter \/ grid grid-cols-2 sm:grid-cols-3 md:grid-cols-4 lg:grid-cols-3\">\n\t\t\t\t\t\t\t<a href=\"https:\/\/agi-sa.fr\/de\/produkt\/matalgin-kaltgeliersysteme\/\"\n\tclass=\"group\/product \/  flex flex-col bg-white \/ hover:text-blue-100 hover:no-underline\"\n\tdata-scroll-class=\"\"\n\tdata-scroll-delay=\"\"\n\tid=\"post-1897\">\n\n<div class=\"hover:shadow-lg transition-shadow duration-300\">\n\n\t<figure class=\"aspect-square overflow-hidden bg-gray-10\">\n\t\t\t\n\t\t\t\t\n\t\t\t<img decoding=\"async\" class=\"aspect-square object-cover object-center min-w-[200px] \/ group-hover\/product:scale-110 duration-slow\" src=\"https:\/\/agi-sa.fr\/wp-content\/uploads\/2024\/11\/13-Matalgin-500x389.webp\" alt=\"Matalgin: Kaltgeliersysteme\" width=\"2304\" height=\"1792\" loading=\"lazy\">\n\t\t\t<\/figure>\n\n\t<h3 class=\"text-lg md:h5 mb-0 p-16 \">\n\t\tMatalgin: Kaltgeliersysteme\n\t<\/h3>\n\n<\/div>\n\n<\/a>\n\t\t\t\t\t<\/div>\n\n\t<\/div>\n\n\n<\/div>\n\t\t\t\t\t<\/div>\n\t<\/div>\n\n\n\n\n\t\t\t<div class=\"accordion__item group\/accordion border-b border-gray-10\" data-scroll-class=\"fadeInUpSmall\" data-scroll-delay=\"\" role=\"group\">\n\t\t\t<button class=\"accordion__item-header \/ w-full cursor-pointer flex gap-gutter justify-between items-center py-24\" role=\"button\" aria-controls=\"faq-answer-4\">\n\n\t\t\t<div class=\"btn-circle accordion__icon-open group-hover\/accordion:bg-blue-100\">\n\t\t\t\t<svg width=\"24\" height=\"24\" viewBox=\"0 0 24 24\" fill=\"none\" xmlns=\"http:\/\/www.w3.org\/2000\/svg\">\n<path d=\"M12 5V19\" stroke=\"currentColor\" stroke-width=\"2\" stroke-linecap=\"square\"\/>\n<path d=\"M5 12H19\" stroke=\"currentColor\" stroke-width=\"2\" stroke-linecap=\"square\"\/>\n<\/svg>\n\t\t\t<\/div>\n\t\t\t<div class=\"btn-circle accordion__icon-close group-hover\/accordion:bg-blue-100\">\n\t\t\t\t<svg width=\"24\" height=\"24\" viewBox=\"0 0 24 24\" fill=\"none\" xmlns=\"http:\/\/www.w3.org\/2000\/svg\">\n<path d=\"M5 12H19\" stroke=\"currentColor\" stroke-width=\"2\" stroke-linecap=\"square\"\/>\n<\/svg>\n\t\t\t<\/div>\n\n\t\t\t<h2 class=\"h6 mb-0 text-start flex-1 group-hover\/accordion:text-blue-100\">Trockeneprodukte<\/h2>\n\n\t\t<\/button>\n\t\n\t\t\t<div id=\"faq-answer-4\" class=\"accordion__item-content \/ transition-all duration-500 ease-in-out md:pl-64\" role=\"region\" aria-labelledby=\"faq-question-4\">\n\t\t\t\t\t\t\t<div class=\"flex flex-col lg:grid grid-cols-12 gap-gutter lg:gap-gutter-xl mb-gutter-lg\">\n\n\t<div class=\"col-span-6\">\n\n\t\t\t\t\t\n\t\t\t\t\n\t\t\t<img decoding=\"async\" class=\"aspect-video object-cover object-center mb-gutter\" src=\"https:\/\/agi-sa.fr\/wp-content\/uploads\/2025\/01\/30-Dry-Pet-Food-1024x796.webp\" alt=\"Trockeneprodukte\" width=\"2500\" height=\"1944\" loading=\"lazy\">\n\t\t\t\n\t\t<div class=\"text-lg *:animate-none *:opacity-100 *:transform-none\">\n\t\t\t\n<p data-scroll-class=\"fadeInUpSmall\">Die Beimischung von Psyllium zu Tiernahrung kann dazu beitragen, dass Tiere l\u00e4nger satt bleiben, was es zu einem wirksamen Bestandteil von Di\u00e4tprodukten als S\u00e4ttigungsmittel macht.<\/p>\n\n\t\t<\/div>\n\t<\/div>\n\n\n\t<div class=\"col-span-6\">\n\t\t<h2 class=\"text-subtitle mb-gutter\">Verwandte Produkte<\/h2>\n\n\t\t<div class=\"gap-gutter-sm md:gap-gutter \/ grid grid-cols-2 sm:grid-cols-3 md:grid-cols-4 lg:grid-cols-3\">\n\t\t\t\t\t\t\t<a href=\"https:\/\/agi-sa.fr\/de\/produkt\/psyllium\/\"\n\tclass=\"group\/product \/  flex flex-col bg-white \/ hover:text-blue-100 hover:no-underline\"\n\tdata-scroll-class=\"\"\n\tdata-scroll-delay=\"\"\n\tid=\"post-1900\">\n\n<div class=\"hover:shadow-lg transition-shadow duration-300\">\n\n\t<figure class=\"aspect-square overflow-hidden bg-gray-10\">\n\t\t\t\n\t\t\t\t\n\t\t\t<img decoding=\"async\" class=\"aspect-square object-cover object-center min-w-[200px] \/ group-hover\/product:scale-110 duration-slow\" src=\"https:\/\/agi-sa.fr\/wp-content\/uploads\/2025\/01\/08-Psyllium-1-500x389.webp\" alt=\"Psyllium\" width=\"2304\" height=\"1792\" loading=\"lazy\">\n\t\t\t<\/figure>\n\n\t<h3 class=\"text-lg md:h5 mb-0 p-16 \">\n\t\tPsyllium\n\t<\/h3>\n\n<\/div>\n\n<\/a>\n\t\t\t\t\t<\/div>\n\n\t<\/div>\n\n\n<\/div>\n\t\t\t\t\t<\/div>\n\t<\/div>\n\n\n\n\n\t<\/div>\n\n<\/div>\n\t<\/div>\n<\/div>\n\n\n<!-- Introduction - Introduction block -->\n\n\t\n\n<div class=\"block__introduction \/  is-block theme-dark theme-dark-bg pt-md pb-md has-text-lg\">\n\t<div class=\"container\">\n\t\t<div class=\"flex flex-col gap-gutter \/ lg:grid lg:grid-flow-col lg:auto-cols-fr\">\n\n\t\t\t<div class=\"flex-stack gap-24\">\n\n<h2 data-scroll-class=\"fadeInUpSmall\" class=\"wp-block-heading\">Entdecken Sie, wie unsere <mark style=\"background-color:rgba(0, 0, 0, 0)\" class=\"has-inline-color has-green-140-color\">L\u00f6sungen Ihren Erfolg<\/mark> unterst\u00fctzen k\u00f6nnen\u00a0<\/h2>\n\n<\/div>\n\n\t\t\t<div class=\"flex-stack gap-24\" data-scroll-class='fadeIn' data-scroll-delay='600'>\n\t\t\t\t<p><span data-contrast=\"auto\">Unser Expertenteam hilft Ihnen, die richtige L\u00f6sung zu finden.\u00a0<\/span><span data-contrast=\"auto\">Nehmen Sie Kontakt auf und erfahren Sie, wie wir die Textur Ihrer Produkte verbessern und die Leistung steigern k\u00f6nnen.<\/span><span data-ccp-props=\"{&quot;201341983&quot;:2,&quot;335559739&quot;:0,&quot;335559740&quot;:250}\">\u00a0<\/span><\/p>\n\n\n\t\t\t\t\t\t\t\t\t<div>\n\t\t\t\t\t\t\n\t\t\t\t\t\t\n<a href=\"https:\/\/agi-sa.fr\/de\/kontakt\/\" id=\"block_968925ad1a3c94594d7c8f877e94017e\" class=\"btn inline-flex \" target=\"\">\n\n\t<span class=\"btn-inner\">\n\n\t\t\t\t<svg width=\"8\" height=\"12\" viewBox=\"0 0 8 12\"  xmlns=\"http:\/\/www.w3.org\/2000\/svg\">\n<path  d=\"M0 0.294643L5.7737 5.94643V6.05357L0 11.7054V12H2.07951L8 6.24107V5.75893L2.07951 0H0V0.294643Z\"  fill=\"currentColor\" \/>\n<\/svg>\n\t\n\tKontaktieren Sie AGI\n\n\t\n\t<\/span>\n\n<\/a>\n\n\t\t\n\t\t\t\n\n\t\n\n\t\t\t\t\t<\/div>\n\t\t\t\t\n\t\t\t<\/div>\n\n\t\t<\/div>\n\t<\/div>\n<\/div>\n\n\n\n<!-- Content Container - Block to add a fixed width to your content -->\n\n<div class=\"block__content-container \/  is-block theme-light theme-light-bg pt-lg pb-lg text-start justify-start\">\n\t<div class=\"container\">\n\t\t<div class=\"acf-innerblocks-container\">\n<!-- Columns - Columns -->\n<div class=\"flex flex-col md:flex-row gap-Dachrinne md:gap-Dachrinne block__columns \/  is-block\">\n<!-- Column - Column -->\n<div class=\"block__column \/  is-block text-start justify-start flex-1 md:basis-1\/3\">\n\t<div class=\"acf-innerblocks-container\">\n\n<h2 data-scroll-class=\"fadeInUpSmall\" class=\"wp-block-heading\">Unsere anderen Anwendungs- bereiche<\/h2>\n\n<\/div>\n<\/div>\n\n\n<!-- Column - Column -->\n<div class=\"block__column \/  is-block text-start justify-start flex-1 md:basis-2\/3\">\n\t<div class=\"acf-innerblocks-container\">\n<!-- Tiernahrung - Application Categories -->\n\n<div class=\"block__application-categories \/  is-block pt-0 pb-0\">\n\t<div class=\"flex flex-col sm:grid sm:grid-cols-2 xl:grid-cols-4 gap-gutter\">\n\t\t\t\t\t<a href=\"https:\/\/agi-sa.fr\/de\/anwendungen\/lebensmittel\/\"\n\tclass=\"group\/product \/  flex flex-col bg-white \/ hover:text-blue-100 hover:no-underline\"\n\tdata-scroll-class=\"\"\n\tdata-scroll-delay=\"100\"\n\tid=\"post-1863\">\n\n<div class=\"hover:shadow-lg transition-shadow duration-300\">\n\n\t<figure class=\"aspect-square overflow-hidden bg-gray-10\">\n\t\t\t\n\t\t\t\t\n\t\t\t<img decoding=\"async\" class=\"aspect-square object-cover object-center min-w-[200px] \/ group-hover\/product:scale-110 duration-slow\" src=\"https:\/\/agi-sa.fr\/wp-content\/uploads\/2025\/01\/25-Gluten-free-Brownies-500x389.webp\" alt=\"Lebensmittel\" width=\"2500\" height=\"1944\" loading=\"lazy\">\n\t\t\t<\/figure>\n\n\t<h3 class=\"text-lg md:h5 mb-0 p-16 min-h-[6rem]\">\n\t\tLebensmittel\n\t<\/h3>\n\n<\/div>\n\n<\/a>\n\t\t\t\t\t<a href=\"https:\/\/agi-sa.fr\/de\/anwendungen\/tiernahrung\/\"\n\tclass=\"group\/product \/  flex flex-col bg-white \/ hover:text-blue-100 hover:no-underline\"\n\tdata-scroll-class=\"\"\n\tdata-scroll-delay=\"200\"\n\tid=\"post-1865\">\n\n<div class=\"hover:shadow-lg transition-shadow duration-300\">\n\n\t<figure class=\"aspect-square overflow-hidden bg-gray-10\">\n\t\t\t\n\t\t\t\t\n\t\t\t<img decoding=\"async\" class=\"aspect-square object-cover object-center min-w-[200px] \/ group-hover\/product:scale-110 duration-slow\" src=\"https:\/\/agi-sa.fr\/wp-content\/uploads\/2025\/01\/30-Dry-Pet-Food-500x389.webp\" alt=\"Tiernahrung\" width=\"2500\" height=\"1944\" loading=\"lazy\">\n\t\t\t<\/figure>\n\n\t<h3 class=\"text-lg md:h5 mb-0 p-16 min-h-[6rem]\">\n\t\tTiernahrung\n\t<\/h3>\n\n<\/div>\n\n<\/a>\n\t\t\t\t\t<a href=\"https:\/\/agi-sa.fr\/de\/anwendungen\/koerperpflege\/\"\n\tclass=\"group\/product \/  flex flex-col bg-white \/ hover:text-blue-100 hover:no-underline\"\n\tdata-scroll-class=\"\"\n\tdata-scroll-delay=\"300\"\n\tid=\"post-1861\">\n\n<div class=\"hover:shadow-lg transition-shadow duration-300\">\n\n\t<figure class=\"aspect-square overflow-hidden bg-gray-10\">\n\t\t\t\n\t\t\t\t\n\t\t\t<img decoding=\"async\" class=\"aspect-square object-cover object-center min-w-[200px] \/ group-hover\/product:scale-110 duration-slow\" src=\"https:\/\/agi-sa.fr\/wp-content\/uploads\/2025\/01\/37-Moisturizer-cream-500x389.webp\" alt=\"K\u00f6rperpflege\" width=\"1000\" height=\"778\" loading=\"lazy\">\n\t\t\t<\/figure>\n\n\t<h3 class=\"text-lg md:h5 mb-0 p-16 min-h-[6rem]\">\n\t\tK\u00f6rperpflege\n\t<\/h3>\n\n<\/div>\n\n<\/a>\n\t\t\t\t\t<a href=\"https:\/\/agi-sa.fr\/de\/anwendungen\/technische-anwendungen\/\"\n\tclass=\"group\/product \/  flex flex-col bg-white \/ hover:text-blue-100 hover:no-underline\"\n\tdata-scroll-class=\"\"\n\tdata-scroll-delay=\"400\"\n\tid=\"post-1869\">\n\n<div class=\"hover:shadow-lg transition-shadow duration-300\">\n\n\t<figure class=\"aspect-square overflow-hidden bg-gray-10\">\n\t\t\t\n\t\t\t\t\n\t\t\t<img decoding=\"async\" class=\"aspect-square object-cover object-center min-w-[200px] \/ group-hover\/product:scale-110 duration-slow\" src=\"https:\/\/agi-sa.fr\/wp-content\/uploads\/2025\/01\/39-Air-freshner-500x389.webp\" alt=\"Technische Anwendungen\" width=\"1000\" height=\"778\" loading=\"lazy\">\n\t\t\t<\/figure>\n\n\t<h3 class=\"text-lg md:h5 mb-0 p-16 min-h-[6rem]\">\n\t\tTechnische Anwendungen\n\t<\/h3>\n\n<\/div>\n\n<\/a>\n\t\t\t<\/div>\n\n<\/div>\n\n<\/div>\n<\/div>\n\n<\/div>\n\n\n<\/div>\n\t<\/div>\n<\/div>\n","protected":false},"excerpt":{"rendered":"","protected":false},"author":1,"featured_media":1130,"parent":1856,"menu_order":0,"comment_status":"closed","ping_status":"closed","template":"","meta":{"_acf_changed":false,"inline_featured_image":false,"footnotes":""},"class_list":["post-1865","page","type-page","status-publish","has-post-thumbnail","hentry"],"acf":[],"_links":{"self":[{"href":"https:\/\/agi-sa.fr\/de\/wp-json\/wp\/v2\/pages\/1865","targetHints":{"allow":["GET"]}}],"collection":[{"href":"https:\/\/agi-sa.fr\/de\/wp-json\/wp\/v2\/pages"}],"about":[{"href":"https:\/\/agi-sa.fr\/de\/wp-json\/wp\/v2\/types\/page"}],"author":[{"embeddable":true,"href":"https:\/\/agi-sa.fr\/de\/wp-json\/wp\/v2\/users\/1"}],"replies":[{"embeddable":true,"href":"https:\/\/agi-sa.fr\/de\/wp-json\/wp\/v2\/comments?post=1865"}],"version-history":[{"count":0,"href":"https:\/\/agi-sa.fr\/de\/wp-json\/wp\/v2\/pages\/1865\/revisions"}],"up":[{"embeddable":true,"href":"https:\/\/agi-sa.fr\/de\/wp-json\/wp\/v2\/pages\/1856"}],"wp:featuredmedia":[{"embeddable":true,"href":"https:\/\/agi-sa.fr\/de\/wp-json\/wp\/v2\/media\/1130"}],"wp:attachment":[{"href":"https:\/\/agi-sa.fr\/de\/wp-json\/wp\/v2\/media?parent=1865"}],"curies":[{"name":"wp","href":"https:\/\/api.w.org\/{rel}","templated":true}]}}