{"id":2286,"date":"2024-11-28T12:23:59","date_gmt":"2024-11-28T12:23:59","guid":{"rendered":"https:\/\/agi-sa.fr\/karriere\/"},"modified":"2025-03-07T15:12:35","modified_gmt":"2025-03-07T15:12:35","slug":"karriere","status":"publish","type":"page","link":"https:\/\/agi-sa.fr\/de\/karriere\/","title":{"rendered":"Karriere"},"content":{"rendered":"<!-- Hero Banner - Hero Banner at the top of the page -->\n\n\n<div id=\"site-banner\" class=\"block__hero-banner \/  is-block theme-white theme-white-bg overflow-hidden md-down:pb-40\">\n\t<div class=\"container md:py-gutter\">\n\t\t<div class=\"flex flex-col \/ md:gap-gutter-xl md:grid md:grid-flow-col md:auto-cols-fr md:items-center md:min-h-banner-hero\">\n\n\t\t\t<div class=\"flex-stack gap-gutter justify-center order-2 max-w-banner-hero-width \/ md:order-1 \/ mt-gutter md:mt-0\">\n\t\t\t\t\t\t\t\t<p class=\"text-subtitle\" data-scroll-class='fadeInUpSmall' data-scroll-delay='200'>\n\t\t\t\t\tKarriere\n\t\t\t\t<\/p>\n\t\t\t\t\n\t\t\t\t<div class=\"has-text-lg text-balance\" data-scroll-class='fadeInUpSmall' data-scroll-delay='400'>\n\t\t\t\t\t<div class=\"flex-stack gap-24\">\n\n<h1 data-scroll-class=\"fadeInUpSmall\" class=\"wp-block-heading\">Arbeiten bei <mark style=\"background-color:rgba(0, 0, 0, 0)\" class=\"has-inline-color has-green-100-color\">AGI<\/mark> <\/h1>\n\n\n\n<p data-scroll-class=\"fadeInUpSmall\">Eine Karriere bei AGI ist schnelllebig, lohnend und voller M\u00f6glichkeiten zu lernen und zu wachsen. Erfahren Sie mehr \u00fcber das Leben bei AGI und wie Sie sich f\u00fcr eine Stelle bei uns bewerben k\u00f6nnen.\u00a0\u00a0<\/p>\n\n\n<!-- Karriere - A group of buttons -->\n\n<div class=\"block__buttons \/  is-block pt-0 pb-0 \/ flex flex-row justify-start gap-gutter-sm flex-wrap\" data-scroll-class='fadeInUpSmall'>\n\t\n\t\n\n\t\n\t\t\t\t\t<a  href=\"https:\/\/agi-sa.fr\/de\/kontakt\/\" id=\"block_ead506b7f6a3194081907fc95a21d88a\" class=\"btn-text \" target=\"\">\n\n\t<span class=\"btn-icon\">\n\t\t<span class=\"btn-icon-inner\"><\/span>\n\t<\/span>\n\n\tKontakt aufnehmen\n\n<\/a>\n\n\t\t\n\t\t\n\t\n\n<\/div>\n\n<\/div>\n\t\t\t\t<\/div>\n\t\t\t<\/div>\n\n\n\t\t\t\n\n\t\t<\/div>\n\t<\/div>\n<\/div>\n\n<script>\nvar body = document.body;\nbody.classList.add(\"has-banner\");\n<\/script>\n\n\n<!-- Media Combo - Media Combo -->\n\n\n\n\n\n<div  class=\"block__media-combo \/  is-block theme-white theme-white-bg pt-0 pb-md\">\n\t<div class=\"container\">\n\n\t\t<div class=\"flex flex-col items-center gap-gutter-lg \/ lg:grid lg:grid-cols-12 lg:gap-x-gutter-xl\">\n\t\t\t<div class=\"lg:col-span-6 order-last\" data-scroll-class='fadeInUpBig'>\n\t\t\t\t\t\t\t\t\t\n\t\t\t\t\n\t<picture class=\"\" data-media-id=\"1387\">\n\t\t<source media=\"(min-width:1280px)\" srcset=\"https:\/\/agi-sa.fr\/wp-content\/uploads\/2025\/01\/661e4840-d5c9-4b32-b80b-eb698d78cebe-1920x1440.webp\">\n\t\t<source media=\"(min-width:1024px)\" srcset=\"https:\/\/agi-sa.fr\/wp-content\/uploads\/2025\/01\/661e4840-d5c9-4b32-b80b-eb698d78cebe-1024x768.webp\">\n\t\t<source media=\"(min-width:600px)\" srcset=\"https:\/\/agi-sa.fr\/wp-content\/uploads\/2025\/01\/661e4840-d5c9-4b32-b80b-eb698d78cebe-800x600.webp\">\n\n\t\t\t\t\t<img decoding=\"async\" class=\" md:aspect-landscape aspect-square object-cover w-full\" src=\"https:\/\/agi-sa.fr\/wp-content\/uploads\/2025\/01\/661e4840-d5c9-4b32-b80b-eb698d78cebe-800x600.webp\" alt=\"Photo of the AGI office building\" loading=\"lazy\">\n\t\t\n  <\/picture>\n\t\t\t\t\t\t\t<\/div>\n\n\t\t\t<div class=\"lg:col-span-6\" data-scroll-class='fadeInUpBig' data-scroll-delay='200'>\n\t\t\t\t<div class=\"acf-innerblocks-container\">\n\n<h2 data-scroll-class=\"fadeInUpSmall\" class=\"wp-block-heading\">In einem schnelllebigen, dynamischen Unternehmen etwas bewirken <\/h2>\n\n\n\n<p data-scroll-class=\"fadeInUpSmall\">Reizt es Sie, in einem kollegialen Team zu arbeiten und sich t\u00e4glich neuen Herausforderungen zu stellen? Bringen Sie Erfahrung in der Lebensmittelbranche und eine Leidenschaft f\u00fcr Spitzenleistungen mit?  <\/p>\n\n\n\n<p data-scroll-class=\"fadeInUpSmall\">Wenn das nach Ihnen klingt, m\u00f6chten wir von Ihnen h\u00f6ren. <\/p>\n\n\n\n<p data-scroll-class=\"fadeInUpSmall\">Als wachsendes Unternehmen sind wir immer auf der Suche nach talentierten Mitarbeitern f\u00fcr verschiedene Abteilungen wie Produktion, Vertrieb, Finanzen, Qualit\u00e4t, Einkauf, F&amp;E und Kundendienst. <\/p>\n\n\n\n<p data-scroll-class=\"fadeInUpSmall\">Wenn Sie auf der Suche nach dem n\u00e4chsten Schritt in Ihrer beruflichen Laufbahn sind, schicken Sie uns noch heute Ihre Initiativbewerbung und begleiten Sie uns auf dieser spannenden Reise! <\/p>\n\n<\/div>\n\t\t\t<\/div>\n\t\t<\/div>\n\n\t<\/div>\n<\/div>\n\n\n<!-- Content Container - Block to add a fixed width to your content -->\n\n<div class=\"block__content-container \/  is-block theme-white theme-white-bg pt-md pb-lg text-start justify-start\">\n\t<div class=\"container\">\n\t\t<div class=\"acf-innerblocks-container\">\n<!-- Testimonial - Testimonial -->\n\n<div class=\"block__testimonial \/  is-block theme-light theme-light-bg has-overlap \/ flex flex-col gap-gutter-lg justify-center items-center text-center py px-gutter\" role=\"complementary\" aria-label=\"Testimonial\">\n\n\t<svg width=\"42\" height=\"37\" viewBox=\"0 0 42 37\" fill=\"none\" xmlns=\"http:\/\/www.w3.org\/2000\/svg\">\n<path d=\"M41.7362 8.12518C39.1762 9.06384 37.2135 10.5145 35.8482 12.4772C34.5682 14.4398 33.9282 16.7865 33.9282 19.5172H41.7362V36.7972H25.7362V19.5172C25.7362 17.1278 26.1628 14.9092 27.0162 12.8612C27.8695 10.8132 29.0215 9.02118 30.4722 7.48518C31.9228 5.86384 33.5868 4.49851 35.4642 3.38918C37.4268 2.27984 39.5175 1.38384 41.7362 0.701172V8.12518ZM16.2642 8.12518C13.7042 9.06384 11.7415 10.5145 10.3762 12.4772C9.09616 14.4398 8.45616 16.7865 8.45616 19.5172H16.2642V36.7972H0.26416V19.5172C0.26416 17.1278 0.690827 14.9092 1.54416 12.8612C2.39749 10.8132 3.54949 9.02118 5.00016 7.48518C6.45083 5.86384 8.11483 4.49851 9.99216 3.38918C11.9548 2.27984 14.0455 1.38384 16.2642 0.701172V8.12518Z\" fill=\"currentColor\"\/>\n<\/svg>\n\n\t<div class=\"h3 max-w-[960px] *:leading-tight\" aria-live=\"polite\">\n\t\t<div class=\"acf-innerblocks-container\">\n\n<p data-scroll-class=\"fadeInUpSmall\">Was mir an AGI gef\u00e4llt, ist die <mark style=\"background-color:rgba(0, 0, 0, 0)\" class=\"has-inline-color has-green-100-color\">Agilit\u00e4t und Inklusivit\u00e4t<\/mark>. Jeder leistet seinen Beitrag, was sich in viel Kreativit\u00e4t und Innovation niederschl\u00e4gt, aber auch in einer hohen Reaktionsf\u00e4higkeit, die unsere Kunden zu sch\u00e4tzen wissen. <\/p>\n\n<\/div>\n\t<\/div>\n\n\t<div class=\"flex flex-col gap-gutter-sm md:flex-row md:gap-gutter items-center text-start\" aria-labelledby=\"testimonialName\" aria-describedby=\"testimonialTitle\">\n\n\t\t<figure data-scroll-class='fadeIn' data-scroll-delay='600'>\n\t\t\t\t\t<\/figure>\n\n\t\t<div class=\"text-center md:text-left\" data-scroll-class='fadeIn' data-scroll-delay='600'>\n\t\t\t<strong class=\"uppercase\" id=\"testimonialName\">\n\t\t\t\tAur\u00e9lie L\n\t\t\t<\/strong>\n\t\t\t<br>\n\t\t\t<span class=\"text-gray-50\" id=\"testimonialTitle\">\n\t\t\t\tGesch\u00e4ftsentwickler\n\t\t\t<\/span>\n\t\t<\/div>\n\n\t<\/div>\n\n<\/div>\n\n<\/div>\n\t<\/div>\n<\/div>\n\n\n<!-- Introduction - Introduction block -->\n\n\t\n\n<div class=\"block__introduction \/  is-block theme-dark theme-dark-bg pt-lg pb-lg has-text-lg\">\n\t<div class=\"container\">\n\t\t<div class=\"flex flex-col gap-gutter \/ lg:grid lg:grid-flow-col lg:auto-cols-fr\">\n\n\t\t\t<div class=\"flex-stack gap-24\">\n\n<h2 data-scroll-class=\"fadeInUpSmall\" class=\"wp-block-heading has-xx-large-font-size\">Der <mark style=\"background-color:rgba(0, 0, 0, 0)\" class=\"has-inline-color has-green-140-color\">Innovation in Sachen<\/mark> Textur verpflichtet<\/h2>\n\n<\/div>\n\n\t\t\t<div class=\"flex-stack gap-24\" data-scroll-class='fadeIn' data-scroll-delay='600'>\n\t\t\t\t<p><span class=\"TextRun SCXW60328507 BCX0\" lang=\"EN-GB\" xml:lang=\"EN-GB\" data-contrast=\"none\"><span class=\"NormalTextRun SCXW60328507 BCX0\">Wir <\/span><span class=\"NormalTextRun SpellingErrorV2Themed SCXW60328507 BCX0\">sind<\/span> <span class=\"NormalTextRun SpellingErrorV2Themed SCXW60328507 BCX0\">Experten<\/span> <span class=\"NormalTextRun SCXW60328507 BCX0\">f\u00fcr <\/span><span class=\"NormalTextRun SpellingErrorV2Themed SCXW60328507 BCX0\">Texturgeber<\/span><span class=\"NormalTextRun SCXW60328507 BCX0\">, d. h. <\/span><span class=\"NormalTextRun SpellingErrorV2Themed SCXW60328507 BCX0\">Hydrokolloide<\/span> <span class=\"NormalTextRun SCXW60328507 BCX0\">&#8211; <\/span><span class=\"NormalTextRun SpellingErrorV2Themed SCXW60328507 BCX0\">oder<\/span> <span class=\"NormalTextRun SpellingErrorV2Themed SCXW60328507 BCX0\">Gelier<\/span><span class=\"NormalTextRun SCXW60328507 BCX0\">&#8211; und <\/span><span class=\"NormalTextRun SpellingErrorV2Themed SCXW60328507 BCX0\">Verdickungsmittel<\/span> <span class=\"NormalTextRun SCXW60328507 BCX0\">auf <\/span><span class=\"NormalTextRun SpellingErrorV2Themed SCXW60328507 BCX0\">pflanzlicher<\/span><span class=\"NormalTextRun SCXW60328507 BCX0\"> Basis<\/span><span class=\"NormalTextRun SCXW60328507 BCX0\">. <\/span><span class=\"NormalTextRun SCXW60328507 BCX0\">Wir<\/span> <span class=\"NormalTextRun SpellingErrorV2Themed SCXW60328507 BCX0\">sind<\/span> <span class=\"NormalTextRun SpellingErrorV2Themed SCXW60328507 BCX0\">bekannt<\/span> <span class=\"NormalTextRun SCXW60328507 BCX0\">f\u00fcr die <\/span><span class=\"NormalTextRun SpellingErrorV2Themed SCXW60328507 BCX0\">Entwicklung<\/span> <span class=\"NormalTextRun SpellingErrorV2Themed SCXW60328507 BCX0\">spezieller<\/span> <span class=\"NormalTextRun SpellingErrorV2Themed SCXW60328507 BCX0\">Texturierungsl\u00f6sungen<\/span> <span class=\"NormalTextRun SCXW60328507 BCX0\">und <\/span><span class=\"NormalTextRun SpellingErrorV2Themed SCXW60328507 BCX0\">beliefern<\/span> <span class=\"NormalTextRun SpellingErrorV2Themed SCXW60328507 BCX0\">eine<\/span><span class=\"NormalTextRun SCXW60328507 BCX0\"> Reihe von <\/span><span class=\"NormalTextRun SpellingErrorV2Themed SCXW60328507 BCX0\">Branchen<\/span> <span class=\"NormalTextRun SCXW60328507 BCX0\">(<\/span><span class=\"NormalTextRun SCXW60328507 BCX0\">u. a. <\/span><span class=\"NormalTextRun SCXW60328507 BCX0\">Lebensmittel, <\/span><span class=\"NormalTextRun SpellingErrorV2Themed SCXW60328507 BCX0\">Tiernahrung<\/span><span class=\"NormalTextRun SCXW60328507 BCX0\">, <\/span><span class=\"NormalTextRun SpellingErrorV2Themed SCXW60328507 BCX0\">K\u00f6rperpflege<\/span> <span class=\"NormalTextRun SCXW60328507 BCX0\">und <\/span><span class=\"NormalTextRun SpellingErrorV2Themed SCXW60328507 BCX0\">technische<\/span> <span class=\"NormalTextRun SpellingErrorV2Themed SCXW60328507 BCX0\">Anwendungen<\/span><span class=\"NormalTextRun SCXW60328507 BCX0\">) <\/span><span class=\"NormalTextRun SpellingErrorV2Themed SCXW60328507 BCX0\">sowohl<\/span> <span class=\"NormalTextRun SpellingErrorV2Themed SCXW60328507 BCX0\">mit<\/span> <span class=\"NormalTextRun SpellingErrorV2Themed SCXW60328507 BCX0\">Standardzutaten<\/span> <span class=\"NormalTextRun SpellingErrorV2Themed SCXW60328507 BCX0\">oder<\/span> <span class=\"NormalTextRun SpellingErrorV2Themed SCXW60328507 BCX0\">Hydrokolloiden<\/span> <span class=\"NormalTextRun SpellingErrorV2Themed SCXW60328507 BCX0\">als<\/span> <span class=\"NormalTextRun SpellingErrorV2Themed SCXW60328507 BCX0\">auch<\/span> <span class=\"NormalTextRun SpellingErrorV2Themed SCXW60328507 BCX0\">mit<\/span> <span class=\"NormalTextRun SpellingErrorV2Themed SCXW60328507 BCX0\">ma\u00dfgeschneiderten<\/span> <span class=\"NormalTextRun SpellingErrorV2Themed SCXW60328507 BCX0\">L\u00f6sungen<\/span><span class=\"NormalTextRun SCXW60328507 BCX0\">, die <\/span><span class=\"NormalTextRun SCXW60328507 BCX0\">den <\/span><span class=\"NormalTextRun SpellingErrorV2Themed SCXW60328507 BCX0\">strengsten<\/span> <span class=\"NormalTextRun SpellingErrorV2Themed SCXW60328507 BCX0\">Qualit\u00e4tsstandards<\/span> <span class=\"NormalTextRun SpellingErrorV2Themed SCXW60328507 BCX0\">entsprechen<\/span><span class=\"NormalTextRun SCXW60328507 BCX0\">.\u00a0<\/span><\/span><span class=\"EOP SCXW60328507 BCX0\" data-ccp-props=\"{}\">\u00a0<\/span><\/p>\n\n\n\t\t\t\t\t\t\t\t\t<div>\n\t\t\t\t\t\t\n\t\n\n\t\n\t\t\t\t\t<a  href=\"https:\/\/agi-sa.fr\/de\/uber-uns\/\" id=\"block_a65a59187ae4b5754ee9b7ba0b2da839\" class=\"btn-text \" target=\"\">\n\n\t<span class=\"btn-icon\">\n\t\t<span class=\"btn-icon-inner\"><\/span>\n\t<\/span>\n\n\t\u00dcber uns\n\n<\/a>\n\n\t\t\n\t\t\n\t\n\n\t\t\t\t\t<\/div>\n\t\t\t\t\n\t\t\t<\/div>\n\n\t\t<\/div>\n\t<\/div>\n<\/div>\n\n","protected":false},"excerpt":{"rendered":"","protected":false},"author":4,"featured_media":0,"parent":0,"menu_order":0,"comment_status":"closed","ping_status":"closed","template":"","meta":{"_acf_changed":false,"inline_featured_image":false,"footnotes":""},"class_list":["post-2286","page","type-page","status-publish","hentry"],"acf":[],"_links":{"self":[{"href":"https:\/\/agi-sa.fr\/de\/wp-json\/wp\/v2\/pages\/2286","targetHints":{"allow":["GET"]}}],"collection":[{"href":"https:\/\/agi-sa.fr\/de\/wp-json\/wp\/v2\/pages"}],"about":[{"href":"https:\/\/agi-sa.fr\/de\/wp-json\/wp\/v2\/types\/page"}],"author":[{"embeddable":true,"href":"https:\/\/agi-sa.fr\/de\/wp-json\/wp\/v2\/users\/4"}],"replies":[{"embeddable":true,"href":"https:\/\/agi-sa.fr\/de\/wp-json\/wp\/v2\/comments?post=2286"}],"version-history":[{"count":0,"href":"https:\/\/agi-sa.fr\/de\/wp-json\/wp\/v2\/pages\/2286\/revisions"}],"wp:attachment":[{"href":"https:\/\/agi-sa.fr\/de\/wp-json\/wp\/v2\/media?parent=2286"}],"curies":[{"name":"wp","href":"https:\/\/api.w.org\/{rel}","templated":true}]}}