{"id":2703,"date":"2025-01-10T15:05:59","date_gmt":"2025-01-10T15:05:59","guid":{"rendered":"https:\/\/agi-sa.fr\/faq\/"},"modified":"2025-02-04T15:20:47","modified_gmt":"2025-02-04T15:20:47","slug":"faq","status":"publish","type":"page","link":"https:\/\/agi-sa.fr\/de\/faq\/","title":{"rendered":"FAQ"},"content":{"rendered":"<!-- Hero Banner - Hero Banner at the top of the page -->\n\n\n<div id=\"site-banner\" class=\"block__hero-banner \/  is-block theme-light theme-light-bg overflow-hidden md-down:pb-40\">\n\t<div class=\"container md:py-gutter\">\n\t\t<div class=\"flex flex-col \/ md:gap-gutter-xl md:grid md:grid-flow-col md:auto-cols-fr md:items-center md:min-h-banner-hero\">\n\n\t\t\t<div class=\"flex-stack gap-gutter justify-center order-2 max-w-banner-hero-width \/ md:order-1 \/ mt-gutter md:mt-0\">\n\t\t\t\t\n\t\t\t\t<div class=\"has-text-lg text-balance\" data-scroll-class='fadeInUpSmall' data-scroll-delay='400'>\n\t\t\t\t\t<div class=\"flex-stack gap-24\">\n\n<h2 data-scroll-class=\"fadeInUpSmall\" class=\"wp-block-heading\">FAQ<\/h2>\n\n<\/div>\n\t\t\t\t<\/div>\n\t\t\t<\/div>\n\n\n\t\t\t\n\n\t\t<\/div>\n\t<\/div>\n<\/div>\n\n<script>\nvar body = document.body;\nbody.classList.add(\"has-banner\");\n<\/script>\n<!-- Content Container - Block to add a fixed width to your content -->\n\n<div class=\"block__content-container \/  is-block theme-white theme-white-bg pt-0 pb-0 text-start justify-start\">\n\t<div class=\"container\">\n\t\t<div class=\"acf-innerblocks-container\">\n\t<!-- FAQ - Accordion -->\n\n<div class=\"block__accordion \/  is-block pt-lg pb-lg\" role=\"region\" aria-label=\"Accordion\">\n\n\t\n\t\t\t\t\t<div class=\"accordion__item group\/accordion border-b border-gray-10\" data-scroll-class=\"fadeInUpSmall\" data-scroll-delay=\"\" role=\"group\">\n\t\t\t<button class=\"accordion__item-header \/ w-full cursor-pointer flex gap-gutter justify-between items-center py-24\" role=\"button\" aria-controls=\"faq-answer-1\">\n\n\t\t\t<div class=\"btn-circle accordion__icon-open group-hover\/accordion:bg-blue-100\">\n\t\t\t\t<svg width=\"24\" height=\"24\" viewBox=\"0 0 24 24\" fill=\"none\" xmlns=\"http:\/\/www.w3.org\/2000\/svg\">\n<path d=\"M12 5V19\" stroke=\"currentColor\" stroke-width=\"2\" stroke-linecap=\"square\"\/>\n<path d=\"M5 12H19\" stroke=\"currentColor\" stroke-width=\"2\" stroke-linecap=\"square\"\/>\n<\/svg>\n\t\t\t<\/div>\n\t\t\t<div class=\"btn-circle accordion__icon-close group-hover\/accordion:bg-blue-100\">\n\t\t\t\t<svg width=\"24\" height=\"24\" viewBox=\"0 0 24 24\" fill=\"none\" xmlns=\"http:\/\/www.w3.org\/2000\/svg\">\n<path d=\"M5 12H19\" stroke=\"currentColor\" stroke-width=\"2\" stroke-linecap=\"square\"\/>\n<\/svg>\n\t\t\t<\/div>\n\n\t\t\t<h2 class=\"h6 mb-0 text-start flex-1 group-hover\/accordion:text-blue-100\">Was ist unser Entwicklungsansatz? <\/h2>\n\n\t\t<\/button>\n\t\n\t\t\t<div id=\"faq-answer-1\" class=\"accordion__item-content \/ transition-all duration-500 ease-in-out md:pl-64\" role=\"region\" aria-labelledby=\"faq-question-1\">\n\t\t\t\t\t\t\t<p>Unsere Pilotanlage ist mit Werkzeugen ausgestattet, die es uns erm\u00f6glichen, Modelle und Muster f\u00fcr alle Arten von Anwendungen zu erstellen: Milch- oder Fleischprodukte usw. So k\u00f6nnen wir zum Beispiel W\u00e4rmebehandlungen im Batch- oder kontinuierlichen Pasteurisierungsverfahren durchf\u00fchren. Wir haben auch die M\u00f6glichkeit, sehr unterschiedliche W\u00e4rmebehandlungen durchzuf\u00fchren, von der Standardpasteurisierung bis zur UHT, mit indirekter oder direkter Dampfsektion und unterschiedlichen Haltezeiten und Temperaturen. Auch der Homogenisierungsschritt kann vor- oder nachgeschaltet werden. Unser Entwicklungslabor ist mit den besten Ger\u00e4ten zur Charakterisierung der Textur ausgestattet. Wir messen Viskosit\u00e4t und Gelfestigkeit auf verschiedene Weise, um der Verwendung durch unsere Kunden und Verbraucher n\u00e4her zu kommen. Die Messungen k\u00f6nnen je nach den Bed\u00fcrfnissen unserer Kunden an Rohstoffen oder Anwendungen vorgenommen werden.      <\/p>\n\n\t\t\t\t\t<\/div>\n\t<\/div>\n\n\n\n\n\t\t\t\t\t<div class=\"accordion__item group\/accordion border-b border-gray-10\" data-scroll-class=\"fadeInUpSmall\" data-scroll-delay=\"\" role=\"group\">\n\t\t\t<button class=\"accordion__item-header \/ w-full cursor-pointer flex gap-gutter justify-between items-center py-24\" role=\"button\" aria-controls=\"faq-answer-2\">\n\n\t\t\t<div class=\"btn-circle accordion__icon-open group-hover\/accordion:bg-blue-100\">\n\t\t\t\t<svg width=\"24\" height=\"24\" viewBox=\"0 0 24 24\" fill=\"none\" xmlns=\"http:\/\/www.w3.org\/2000\/svg\">\n<path d=\"M12 5V19\" stroke=\"currentColor\" stroke-width=\"2\" stroke-linecap=\"square\"\/>\n<path d=\"M5 12H19\" stroke=\"currentColor\" stroke-width=\"2\" stroke-linecap=\"square\"\/>\n<\/svg>\n\t\t\t<\/div>\n\t\t\t<div class=\"btn-circle accordion__icon-close group-hover\/accordion:bg-blue-100\">\n\t\t\t\t<svg width=\"24\" height=\"24\" viewBox=\"0 0 24 24\" fill=\"none\" xmlns=\"http:\/\/www.w3.org\/2000\/svg\">\n<path d=\"M5 12H19\" stroke=\"currentColor\" stroke-width=\"2\" stroke-linecap=\"square\"\/>\n<\/svg>\n\t\t\t<\/div>\n\n\t\t\t<h2 class=\"h6 mb-0 text-start flex-1 group-hover\/accordion:text-blue-100\">Was ist \u201cClean Label\u201d ? <\/h2>\n\n\t\t<\/button>\n\t\n\t\t\t<div id=\"faq-answer-2\" class=\"accordion__item-content \/ transition-all duration-500 ease-in-out md:pl-64\" role=\"region\" aria-labelledby=\"faq-question-2\">\n\t\t\t\t\t\t\t<p>Es gibt keine eindeutige Definition von Clean Label. AGI ist bereit, gemeinsam mit Ihnen die Grenzen festzulegen, die Sie anwenden wollen, und die geeigneten Texturgeber auszuw\u00e4hlen. Wir k\u00f6nnen das gesamte Rezept betrachten, um Ihnen bei der Reinigung zu helfen.  <\/p>\n\n\t\t\t\t\t<\/div>\n\t<\/div>\n\n\n\n\n\t\t\t\t\t<div class=\"accordion__item group\/accordion border-b border-gray-10\" data-scroll-class=\"fadeInUpSmall\" data-scroll-delay=\"\" role=\"group\">\n\t\t\t<button class=\"accordion__item-header \/ w-full cursor-pointer flex gap-gutter justify-between items-center py-24\" role=\"button\" aria-controls=\"faq-answer-3\">\n\n\t\t\t<div class=\"btn-circle accordion__icon-open group-hover\/accordion:bg-blue-100\">\n\t\t\t\t<svg width=\"24\" height=\"24\" viewBox=\"0 0 24 24\" fill=\"none\" xmlns=\"http:\/\/www.w3.org\/2000\/svg\">\n<path d=\"M12 5V19\" stroke=\"currentColor\" stroke-width=\"2\" stroke-linecap=\"square\"\/>\n<path d=\"M5 12H19\" stroke=\"currentColor\" stroke-width=\"2\" stroke-linecap=\"square\"\/>\n<\/svg>\n\t\t\t<\/div>\n\t\t\t<div class=\"btn-circle accordion__icon-close group-hover\/accordion:bg-blue-100\">\n\t\t\t\t<svg width=\"24\" height=\"24\" viewBox=\"0 0 24 24\" fill=\"none\" xmlns=\"http:\/\/www.w3.org\/2000\/svg\">\n<path d=\"M5 12H19\" stroke=\"currentColor\" stroke-width=\"2\" stroke-linecap=\"square\"\/>\n<\/svg>\n\t\t\t<\/div>\n\n\t\t\t<h2 class=\"h6 mb-0 text-start flex-1 group-hover\/accordion:text-blue-100\">Was sind AGI-Zertifizierungen? <\/h2>\n\n\t\t<\/button>\n\t\n\t\t\t<div id=\"faq-answer-3\" class=\"accordion__item-content \/ transition-all duration-500 ease-in-out md:pl-64\" role=\"region\" aria-labelledby=\"faq-question-3\">\n\t\t\t\t\t\t\t<p>Alle in unseren Laboratorien hergestellten Produkte und Verfahren entsprechen den Normen HACCP, ISO 9001 und FSSC22000 und k\u00f6nnen dank unseres ERP-Managementsystems unmittelbar vor- und nachgelagert verfolgt werden. Au\u00dferdem sind sie alle f\u00fcr Halal- und Koscher-Lebensmittel geeignet. <\/p>\n<p>Z\u00f6gern Sie nicht, uns nach unseren Qualit\u00e4tsdokumenten zu fragen, sie stehen Ihnen jederzeit zur Verf\u00fcgung.<\/p>\n\n\t\t\t\t\t<\/div>\n\t<\/div>\n\n\n\n\n\t\t\t\t\t<div class=\"accordion__item group\/accordion border-b border-gray-10\" data-scroll-class=\"fadeInUpSmall\" data-scroll-delay=\"\" role=\"group\">\n\t\t\t<button class=\"accordion__item-header \/ w-full cursor-pointer flex gap-gutter justify-between items-center py-24\" role=\"button\" aria-controls=\"faq-answer-4\">\n\n\t\t\t<div class=\"btn-circle accordion__icon-open group-hover\/accordion:bg-blue-100\">\n\t\t\t\t<svg width=\"24\" height=\"24\" viewBox=\"0 0 24 24\" fill=\"none\" xmlns=\"http:\/\/www.w3.org\/2000\/svg\">\n<path d=\"M12 5V19\" stroke=\"currentColor\" stroke-width=\"2\" stroke-linecap=\"square\"\/>\n<path d=\"M5 12H19\" stroke=\"currentColor\" stroke-width=\"2\" stroke-linecap=\"square\"\/>\n<\/svg>\n\t\t\t<\/div>\n\t\t\t<div class=\"btn-circle accordion__icon-close group-hover\/accordion:bg-blue-100\">\n\t\t\t\t<svg width=\"24\" height=\"24\" viewBox=\"0 0 24 24\" fill=\"none\" xmlns=\"http:\/\/www.w3.org\/2000\/svg\">\n<path d=\"M5 12H19\" stroke=\"currentColor\" stroke-width=\"2\" stroke-linecap=\"square\"\/>\n<\/svg>\n\t\t\t<\/div>\n\n\t\t\t<h2 class=\"h6 mb-0 text-start flex-1 group-hover\/accordion:text-blue-100\">Wie werden die Texturgeber dispergiert und aufgel\u00f6st? <\/h2>\n\n\t\t<\/button>\n\t\n\t\t\t<div id=\"faq-answer-4\" class=\"accordion__item-content \/ transition-all duration-500 ease-in-out md:pl-64\" role=\"region\" aria-labelledby=\"faq-question-4\">\n\t\t\t\t\t\t\t<p>Die gr\u00f6\u00dfte Herausforderung bei der Verwendung von Texturgebern besteht darin, dass sie aufgrund ihrer Affinit\u00e4t zu Wasser Klumpen oder Fisheyes bilden k\u00f6nnen. Bei Klumpen handelt es sich um Pulver, das nur an der \u00e4u\u00dferen Schicht hydratisiert ist, die hart bleibt und schwer zu dispergieren ist. Das f\u00fchrt dazu, dass das Pulver in der Mitte des Klumpens noch ungel\u00f6st ist. Zus\u00e4tzlich zum k\u00f6rnigen Aspekt des Produkts erhalten Sie nicht die entsprechende Funktionalit\u00e4t, da das Produkt in den Filtern Ihrer Ausr\u00fcstung verloren geht. Der Texturgeber muss vollst\u00e4ndig dispergiert sein, um die erwartete Textur zu erzielen.    <\/p>\n<p>Um eine gute Solubilisierung zu erm\u00f6glichen, k\u00f6nnen Sie:<\/p>\n<ul>\n<li>die Pulver nach und nach unter st\u00e4ndigem R\u00fchren (m\u00f6glichst mit einem Strudel) hinzuf\u00fcgen<\/li>\n<li>Die Mischung und\/oder Vormischung mit einer anderen trockenen Zutat wie Zucker\/Salz wird normalerweise in industriellen Anwendungen verwendet.<\/li>\n<li>Mischen Sie die Texturgeber in \u00d6l vor, wenn das Rezept welche enth\u00e4lt. Dies verz\u00f6gert die Dispersion etwas, ist aber sehr effizient, um Klumpen zu vermeiden. <\/li>\n<li>K\u00fcrzlich wurde ein Granulationsverfahren f\u00fcr Hydrokolloidpulver eingef\u00fchrt, das ebenfalls Klumpenbildung vermeidet und eine schnelle Solubilisierung bei sehr geringer Scherung erm\u00f6glicht. Wir verf\u00fcgen \u00fcber diese Technologie und k\u00f6nnen L\u00f6sungen anbieten. <\/li>\n<\/ul>\n<p>Kontaktieren Sie uns f\u00fcr weitere Informationen.<\/p>\n\n\t\t\t\t\t<\/div>\n\t<\/div>\n\n\n\n\n\t\t\t\t\t<div class=\"accordion__item group\/accordion border-b border-gray-10\" data-scroll-class=\"fadeInUpSmall\" data-scroll-delay=\"\" role=\"group\">\n\t\t\t<button class=\"accordion__item-header \/ w-full cursor-pointer flex gap-gutter justify-between items-center py-24\" role=\"button\" aria-controls=\"faq-answer-5\">\n\n\t\t\t<div class=\"btn-circle accordion__icon-open group-hover\/accordion:bg-blue-100\">\n\t\t\t\t<svg width=\"24\" height=\"24\" viewBox=\"0 0 24 24\" fill=\"none\" xmlns=\"http:\/\/www.w3.org\/2000\/svg\">\n<path d=\"M12 5V19\" stroke=\"currentColor\" stroke-width=\"2\" stroke-linecap=\"square\"\/>\n<path d=\"M5 12H19\" stroke=\"currentColor\" stroke-width=\"2\" stroke-linecap=\"square\"\/>\n<\/svg>\n\t\t\t<\/div>\n\t\t\t<div class=\"btn-circle accordion__icon-close group-hover\/accordion:bg-blue-100\">\n\t\t\t\t<svg width=\"24\" height=\"24\" viewBox=\"0 0 24 24\" fill=\"none\" xmlns=\"http:\/\/www.w3.org\/2000\/svg\">\n<path d=\"M5 12H19\" stroke=\"currentColor\" stroke-width=\"2\" stroke-linecap=\"square\"\/>\n<\/svg>\n\t\t\t<\/div>\n\n\t\t\t<h2 class=\"h6 mb-0 text-start flex-1 group-hover\/accordion:text-blue-100\">Sind AGI-Produkte f\u00fcr Veganer, Vegetarier und Veganerinnen geeignet? <\/h2>\n\n\t\t<\/button>\n\t\n\t\t\t<div id=\"faq-answer-5\" class=\"accordion__item-content \/ transition-all duration-500 ease-in-out md:pl-64\" role=\"region\" aria-labelledby=\"faq-question-5\">\n\t\t\t\t\t\t\t<p>Ja, AGI-Produkte sind aus nat\u00fcrlichen Pflanzen oder Meeresalgen hergestellt. Wir k\u00f6nnen Ihnen jederzeit beim Ausf\u00fcllen von Zertifikaten als V-Label helfen. <\/p>\n\n\t\t\t\t\t<\/div>\n\t<\/div>\n\n\n\n\n\t\t\t\t\t<div class=\"accordion__item group\/accordion border-b border-gray-10\" data-scroll-class=\"fadeInUpSmall\" data-scroll-delay=\"\" role=\"group\">\n\t\t\t<button class=\"accordion__item-header \/ w-full cursor-pointer flex gap-gutter justify-between items-center py-24\" role=\"button\" aria-controls=\"faq-answer-6\">\n\n\t\t\t<div class=\"btn-circle accordion__icon-open group-hover\/accordion:bg-blue-100\">\n\t\t\t\t<svg width=\"24\" height=\"24\" viewBox=\"0 0 24 24\" fill=\"none\" xmlns=\"http:\/\/www.w3.org\/2000\/svg\">\n<path d=\"M12 5V19\" stroke=\"currentColor\" stroke-width=\"2\" stroke-linecap=\"square\"\/>\n<path d=\"M5 12H19\" stroke=\"currentColor\" stroke-width=\"2\" stroke-linecap=\"square\"\/>\n<\/svg>\n\t\t\t<\/div>\n\t\t\t<div class=\"btn-circle accordion__icon-close group-hover\/accordion:bg-blue-100\">\n\t\t\t\t<svg width=\"24\" height=\"24\" viewBox=\"0 0 24 24\" fill=\"none\" xmlns=\"http:\/\/www.w3.org\/2000\/svg\">\n<path d=\"M5 12H19\" stroke=\"currentColor\" stroke-width=\"2\" stroke-linecap=\"square\"\/>\n<\/svg>\n\t\t\t<\/div>\n\n\t\t\t<h2 class=\"h6 mb-0 text-start flex-1 group-hover\/accordion:text-blue-100\">Sind AGI-Produkte koscher? <\/h2>\n\n\t\t<\/button>\n\t\n\t\t\t<div id=\"faq-answer-6\" class=\"accordion__item-content \/ transition-all duration-500 ease-in-out md:pl-64\" role=\"region\" aria-labelledby=\"faq-question-6\">\n\t\t\t\t\t\t\t<p>Alle AGI-Produkte sind koscher. Das Zertifikat ist auf Anfrage erh\u00e4ltlich. <\/p>\n\n\t\t\t\t\t<\/div>\n\t<\/div>\n\n\n\n\n\t\t\t\t\t<div class=\"accordion__item group\/accordion border-b border-gray-10\" data-scroll-class=\"fadeInUpSmall\" data-scroll-delay=\"\" role=\"group\">\n\t\t\t<button class=\"accordion__item-header \/ w-full cursor-pointer flex gap-gutter justify-between items-center py-24\" role=\"button\" aria-controls=\"faq-answer-7\">\n\n\t\t\t<div class=\"btn-circle accordion__icon-open group-hover\/accordion:bg-blue-100\">\n\t\t\t\t<svg width=\"24\" height=\"24\" viewBox=\"0 0 24 24\" fill=\"none\" xmlns=\"http:\/\/www.w3.org\/2000\/svg\">\n<path d=\"M12 5V19\" stroke=\"currentColor\" stroke-width=\"2\" stroke-linecap=\"square\"\/>\n<path d=\"M5 12H19\" stroke=\"currentColor\" stroke-width=\"2\" stroke-linecap=\"square\"\/>\n<\/svg>\n\t\t\t<\/div>\n\t\t\t<div class=\"btn-circle accordion__icon-close group-hover\/accordion:bg-blue-100\">\n\t\t\t\t<svg width=\"24\" height=\"24\" viewBox=\"0 0 24 24\" fill=\"none\" xmlns=\"http:\/\/www.w3.org\/2000\/svg\">\n<path d=\"M5 12H19\" stroke=\"currentColor\" stroke-width=\"2\" stroke-linecap=\"square\"\/>\n<\/svg>\n\t\t\t<\/div>\n\n\t\t\t<h2 class=\"h6 mb-0 text-start flex-1 group-hover\/accordion:text-blue-100\">Sind AGI-Produkte halal? <\/h2>\n\n\t\t<\/button>\n\t\n\t\t\t<div id=\"faq-answer-7\" class=\"accordion__item-content \/ transition-all duration-500 ease-in-out md:pl-64\" role=\"region\" aria-labelledby=\"faq-question-7\">\n\t\t\t\t\t\t\t<p>Alle AGI-Produkte sind Halal. Das Zertifikat ist auf Anfrage erh\u00e4ltlich. <\/p>\n\n\t\t\t\t\t<\/div>\n\t<\/div>\n\n\n\n\n\t\t\t\t\t<div class=\"accordion__item group\/accordion border-b border-gray-10\" data-scroll-class=\"fadeInUpSmall\" data-scroll-delay=\"\" role=\"group\">\n\t\t\t<button class=\"accordion__item-header \/ w-full cursor-pointer flex gap-gutter justify-between items-center py-24\" role=\"button\" aria-controls=\"faq-answer-8\">\n\n\t\t\t<div class=\"btn-circle accordion__icon-open group-hover\/accordion:bg-blue-100\">\n\t\t\t\t<svg width=\"24\" height=\"24\" viewBox=\"0 0 24 24\" fill=\"none\" xmlns=\"http:\/\/www.w3.org\/2000\/svg\">\n<path d=\"M12 5V19\" stroke=\"currentColor\" stroke-width=\"2\" stroke-linecap=\"square\"\/>\n<path d=\"M5 12H19\" stroke=\"currentColor\" stroke-width=\"2\" stroke-linecap=\"square\"\/>\n<\/svg>\n\t\t\t<\/div>\n\t\t\t<div class=\"btn-circle accordion__icon-close group-hover\/accordion:bg-blue-100\">\n\t\t\t\t<svg width=\"24\" height=\"24\" viewBox=\"0 0 24 24\" fill=\"none\" xmlns=\"http:\/\/www.w3.org\/2000\/svg\">\n<path d=\"M5 12H19\" stroke=\"currentColor\" stroke-width=\"2\" stroke-linecap=\"square\"\/>\n<\/svg>\n\t\t\t<\/div>\n\n\t\t\t<h2 class=\"h6 mb-0 text-start flex-1 group-hover\/accordion:text-blue-100\">Wie sind unsere Texturgeber zu kennzeichnen? <\/h2>\n\n\t\t<\/button>\n\t\n\t\t\t<div id=\"faq-answer-8\" class=\"accordion__item-content \/ transition-all duration-500 ease-in-out md:pl-64\" role=\"region\" aria-labelledby=\"faq-question-8\">\n\t\t\t\t\t\t\t<p>Eine E-Nummer bedeutet, dass ein Zusatzstoff Sicherheitstests bestanden hat und f\u00fcr die Verwendung zugelassen wurde; seine Sicherheit wird bewertet, bevor er f\u00fcr die Verwendung in Lebensmitteln zugelassen wird. Sie k\u00f6nnen die E-Nummer oder den Namen verwenden (z. B. E410 oder Johannisbrotkernmehl). <\/p>\n<p>In den letzten Jahren hat AGI Alternativen zu Lebensmittelzusatzstoffen mit E-Nummern unter Verwendung von Zutaten entwickelt. Diese Clean-Label-Reihe tr\u00e4gt den Namen Helia. <\/p>\n\n\t\t\t\t\t<\/div>\n\t<\/div>\n\n\n\n\n\t\t\t\t\t<div class=\"accordion__item group\/accordion border-b border-gray-10\" data-scroll-class=\"fadeInUpSmall\" data-scroll-delay=\"\" role=\"group\">\n\t\t\t<button class=\"accordion__item-header \/ w-full cursor-pointer flex gap-gutter justify-between items-center py-24\" role=\"button\" aria-controls=\"faq-answer-9\">\n\n\t\t\t<div class=\"btn-circle accordion__icon-open group-hover\/accordion:bg-blue-100\">\n\t\t\t\t<svg width=\"24\" height=\"24\" viewBox=\"0 0 24 24\" fill=\"none\" xmlns=\"http:\/\/www.w3.org\/2000\/svg\">\n<path d=\"M12 5V19\" stroke=\"currentColor\" stroke-width=\"2\" stroke-linecap=\"square\"\/>\n<path d=\"M5 12H19\" stroke=\"currentColor\" stroke-width=\"2\" stroke-linecap=\"square\"\/>\n<\/svg>\n\t\t\t<\/div>\n\t\t\t<div class=\"btn-circle accordion__icon-close group-hover\/accordion:bg-blue-100\">\n\t\t\t\t<svg width=\"24\" height=\"24\" viewBox=\"0 0 24 24\" fill=\"none\" xmlns=\"http:\/\/www.w3.org\/2000\/svg\">\n<path d=\"M5 12H19\" stroke=\"currentColor\" stroke-width=\"2\" stroke-linecap=\"square\"\/>\n<\/svg>\n\t\t\t<\/div>\n\n\t\t\t<h2 class=\"h6 mb-0 text-start flex-1 group-hover\/accordion:text-blue-100\">Welche Gr\u00f6\u00dfen\/Gewichte haben die Produkte? <\/h2>\n\n\t\t<\/button>\n\t\n\t\t\t<div id=\"faq-answer-9\" class=\"accordion__item-content \/ transition-all duration-500 ease-in-out md:pl-64\" role=\"region\" aria-labelledby=\"faq-question-9\">\n\t\t\t\t\t\t\t<p>Je nach Produkt und Volumen bieten wir Sack- oder Big-Bag-Verpackungen an.<br \/>Wir k\u00f6nnen spezifische Gewichte f\u00fcr S\u00e4cke, zwischen 10 und 25 kg, AGI erf\u00fcllt Ihre spezifischen Anforderungen.<\/p>\n\n\t\t\t\t\t<\/div>\n\t<\/div>\n\n\n\n\n\t\t\n\t\n\n<\/div>\n\n\n<\/div>\n\t<\/div>\n<\/div>\n","protected":false},"excerpt":{"rendered":"","protected":false},"author":4,"featured_media":0,"parent":0,"menu_order":0,"comment_status":"closed","ping_status":"closed","template":"","meta":{"_acf_changed":false,"inline_featured_image":false,"footnotes":""},"class_list":["post-2703","page","type-page","status-publish","hentry"],"acf":[],"_links":{"self":[{"href":"https:\/\/agi-sa.fr\/de\/wp-json\/wp\/v2\/pages\/2703","targetHints":{"allow":["GET"]}}],"collection":[{"href":"https:\/\/agi-sa.fr\/de\/wp-json\/wp\/v2\/pages"}],"about":[{"href":"https:\/\/agi-sa.fr\/de\/wp-json\/wp\/v2\/types\/page"}],"author":[{"embeddable":true,"href":"https:\/\/agi-sa.fr\/de\/wp-json\/wp\/v2\/users\/4"}],"replies":[{"embeddable":true,"href":"https:\/\/agi-sa.fr\/de\/wp-json\/wp\/v2\/comments?post=2703"}],"version-history":[{"count":0,"href":"https:\/\/agi-sa.fr\/de\/wp-json\/wp\/v2\/pages\/2703\/revisions"}],"wp:attachment":[{"href":"https:\/\/agi-sa.fr\/de\/wp-json\/wp\/v2\/media?parent=2703"}],"curies":[{"name":"wp","href":"https:\/\/api.w.org\/{rel}","templated":true}]}}