{"id":1887,"date":"2025-01-13T17:58:08","date_gmt":"2025-01-13T17:58:08","guid":{"rendered":"https:\/\/agi-sa.fr\/product\/pflanzliche-proteine\/"},"modified":"2025-03-18T10:24:06","modified_gmt":"2025-03-18T10:24:06","slug":"pflanzliche-proteine","status":"publish","type":"product","link":"https:\/\/agi-sa.fr\/de\/produkt\/pflanzliche-proteine\/","title":{"rendered":"Pflanzliche Proteine"},"content":{"rendered":"<!-- Content Container - Block to add a fixed width to your content -->\n\n<div class=\"block__content-container \/  is-block theme-light theme-light-bg pt-sm pb-sm text-start justify-start\">\n\t<div class=\"container\">\n\t\t<div class=\"acf-innerblocks-container\">\n\n<p data-scroll-class=\"fadeInUpSmall\">Aus Soja, Erbsen oder Getreide gewonnene pflanzliche Proteine werden in AGI-Systemen verwendet, um emulgierte, stabilisierte oder texturierte Produkte zu erzeugen, was dem Clean-Label-Trend entgegenkommt. <\/p>\n\n<\/div>\n\t<\/div>\n<\/div>\n\n\n<!-- Introduction - Introduction block -->\n\n\t\n\n<div class=\"block__introduction \/  is-block theme-dark theme-dark-bg pt-md pb-md has-text-lg\">\n\t<div class=\"container\">\n\t\t<div class=\"flex flex-col gap-gutter \/ lg:grid lg:grid-flow-col lg:auto-cols-fr\">\n\n\t\t\t<div class=\"flex-stack gap-24\">\n\n<h2 data-scroll-class=\"fadeInUpSmall\" class=\"wp-block-heading\">Kontaktieren <mark style=\"background-color:rgba(0, 0, 0, 0)\" class=\"has-inline-color has-green-140-color\">Sie AGI<\/mark><\/h2>\n\n<\/div>\n\n\t\t\t<div class=\"flex-stack gap-24\" data-scroll-class='fadeIn' data-scroll-delay='600'>\n\t\t\t\t<p class=\"p1\">Unser Expertenteam steht Ihnen jederzeit zur Verf\u00fcgung, um Unterst\u00fctzung zu bieten. Egal, ob Sie L\u00f6sungen f\u00fcr ein neues Produkt in der Entwicklung erkunden oder Unterst\u00fctzung bei einer bestehenden Bestellung ben\u00f6tigen \u2013 kontaktieren Sie uns, und wir helfen Ihnen gerne weiter.<\/p>\n\n\n\t\t\t\t\t\t\t\t\t<div>\n\t\t\t\t\t\t\n\t\t\t\t\t\t\n<a href=\"https:\/\/agi-sa.fr\/de\/kontakt\/\" id=\"block_3fdb76ead9244c9c55461cb30bd2983d\" class=\"btn inline-flex \" target=\"\">\n\n\t<span class=\"btn-inner\">\n\n\t\t\t\t<svg width=\"8\" height=\"12\" viewBox=\"0 0 8 12\"  xmlns=\"http:\/\/www.w3.org\/2000\/svg\">\n<path  d=\"M0 0.294643L5.7737 5.94643V6.05357L0 11.7054V12H2.07951L8 6.24107V5.75893L2.07951 0H0V0.294643Z\"  fill=\"currentColor\" \/>\n<\/svg>\n\t\n\tKontaktieren Sie AGI\n\n\t\n\t<\/span>\n\n<\/a>\n\n\t\t\n\t\t\t\n\n\t\n\n\t\t\t\t\t<\/div>\n\t\t\t\t\n\t\t\t<\/div>\n\n\t\t<\/div>\n\t<\/div>\n<\/div>\n\n","protected":false},"excerpt":{"rendered":"<p>Wichtigste Vorteile: Emulgierende, stabilisierende und texturgebende Eigenschaften; Clean-Label. <\/p>\n","protected":false},"featured_media":1659,"template":"","product-category":[70],"class_list":["post-1887","product","type-product","status-publish","has-post-thumbnail","hentry","product-category-kernbestandteile-des-portfolios"],"acf":[],"_links":{"self":[{"href":"https:\/\/agi-sa.fr\/de\/wp-json\/wp\/v2\/product\/1887","targetHints":{"allow":["GET"]}}],"collection":[{"href":"https:\/\/agi-sa.fr\/de\/wp-json\/wp\/v2\/product"}],"about":[{"href":"https:\/\/agi-sa.fr\/de\/wp-json\/wp\/v2\/types\/product"}],"wp:featuredmedia":[{"embeddable":true,"href":"https:\/\/agi-sa.fr\/de\/wp-json\/wp\/v2\/media\/1659"}],"wp:attachment":[{"href":"https:\/\/agi-sa.fr\/de\/wp-json\/wp\/v2\/media?parent=1887"}],"wp:term":[{"taxonomy":"product-category","embeddable":true,"href":"https:\/\/agi-sa.fr\/de\/wp-json\/wp\/v2\/product-category?post=1887"}],"curies":[{"name":"wp","href":"https:\/\/api.w.org\/{rel}","templated":true}]}}