{"id":1895,"date":"2024-11-28T11:09:43","date_gmt":"2024-11-28T11:09:43","guid":{"rendered":"https:\/\/agi-sa.fr\/product\/helia-systeme-mit-sauberem-etikett\/"},"modified":"2025-01-29T16:56:34","modified_gmt":"2025-01-29T16:56:34","slug":"helia-systeme-mit-sauberem-etikett","status":"publish","type":"product","link":"https:\/\/agi-sa.fr\/de\/produkt\/helia-systeme-mit-sauberem-etikett\/","title":{"rendered":"Helia: Systeme mit sauberem Etikett"},"content":{"rendered":"<!-- Content Container - Block to add a fixed width to your content -->\n\n<div class=\"block__content-container \/  is-block theme-light theme-light-bg pt-sm pb-sm text-start justify-start\">\n\t<div class=\"container\">\n\t\t<div class=\"acf-innerblocks-container\">\n\n<p data-scroll-class=\"fadeInUpSmall\" class=\"has-medium-font-size\">Helia-Systeme erreichen die gew\u00fcnschten Funktionalit\u00e4ten &#8211; Stabilisierung, Verdickung oder Gelierung &#8211; ohne die Verwendung von E-Nummern und erf\u00fcllen damit die Nachfrage nach Clean-Label-Produkten. <\/p>\n\n<\/div>\n\t<\/div>\n<\/div>\n\n\n<!-- Introduction - Introduction block -->\n\n\t\n\n<div class=\"block__introduction \/  is-block theme-dark theme-dark-bg pt-md pb-md has-text-lg\">\n\t<div class=\"container\">\n\t\t<div class=\"flex flex-col gap-gutter \/ lg:grid lg:grid-flow-col lg:auto-cols-fr\">\n\n\t\t\t<div class=\"flex-stack gap-24\">\n\n<h2 data-scroll-class=\"fadeInUpSmall\" class=\"wp-block-heading\">Kontaktieren <mark style=\"background-color:rgba(0, 0, 0, 0)\" class=\"has-inline-color has-green-140-color\">Sie AGI<\/mark><\/h2>\n\n<\/div>\n\n\t\t\t<div class=\"flex-stack gap-24\" data-scroll-class='fadeIn' data-scroll-delay='600'>\n\t\t\t\t<p class=\"p1\">Unser Expertenteam steht Ihnen jederzeit zur Verf\u00fcgung, um Unterst\u00fctzung zu bieten. Egal, ob Sie L\u00f6sungen f\u00fcr ein neues Produkt in der Entwicklung erkunden oder Unterst\u00fctzung bei einer bestehenden Bestellung ben\u00f6tigen \u2013 kontaktieren Sie uns, und wir helfen Ihnen gerne weiter.<\/p>\n\n\n\t\t\t\t\t\t\t\t\t<div>\n\t\t\t\t\t\t\n\t\t\t\t\t\t\n<a href=\"https:\/\/agi-sa.fr\/de\/kontakt\/\" id=\"block_c3be6c51b0808ea3013c3ace544f19ee\" class=\"btn inline-flex \" target=\"\">\n\n\t<span class=\"btn-inner\">\n\n\t\t\t\t<svg width=\"8\" height=\"12\" viewBox=\"0 0 8 12\"  xmlns=\"http:\/\/www.w3.org\/2000\/svg\">\n<path  d=\"M0 0.294643L5.7737 5.94643V6.05357L0 11.7054V12H2.07951L8 6.24107V5.75893L2.07951 0H0V0.294643Z\"  fill=\"currentColor\" \/>\n<\/svg>\n\t\n\tKontaktieren Sie AGI\n\n\t\n\t<\/span>\n\n<\/a>\n\n\t\t\n\t\t\t\n\n\t\n\n\t\t\t\t\t<\/div>\n\t\t\t\t\n\t\t\t<\/div>\n\n\t\t<\/div>\n\t<\/div>\n<\/div>\n\n","protected":false},"excerpt":{"rendered":"<p>Wichtigste Vorteile: Etikettierung ohne Zusatzstoffe. <\/p>\n","protected":false},"featured_media":2730,"template":"","product-category":[71],"class_list":["post-1895","product","type-product","status-publish","has-post-thumbnail","hentry","product-category-stabilisatoren"],"acf":[],"_links":{"self":[{"href":"https:\/\/agi-sa.fr\/de\/wp-json\/wp\/v2\/product\/1895","targetHints":{"allow":["GET"]}}],"collection":[{"href":"https:\/\/agi-sa.fr\/de\/wp-json\/wp\/v2\/product"}],"about":[{"href":"https:\/\/agi-sa.fr\/de\/wp-json\/wp\/v2\/types\/product"}],"wp:featuredmedia":[{"embeddable":true,"href":"https:\/\/agi-sa.fr\/de\/wp-json\/wp\/v2\/media\/2730"}],"wp:attachment":[{"href":"https:\/\/agi-sa.fr\/de\/wp-json\/wp\/v2\/media?parent=1895"}],"wp:term":[{"taxonomy":"product-category","embeddable":true,"href":"https:\/\/agi-sa.fr\/de\/wp-json\/wp\/v2\/product-category?post=1895"}],"curies":[{"name":"wp","href":"https:\/\/api.w.org\/{rel}","templated":true}]}}