{"id":2010,"date":"2024-11-28T11:23:30","date_gmt":"2024-11-28T11:23:30","guid":{"rendered":"https:\/\/agi-sa.fr\/aplicaciones\/"},"modified":"2025-03-11T11:15:42","modified_gmt":"2025-03-11T11:15:42","slug":"aplicaciones","status":"publish","type":"page","link":"https:\/\/agi-sa.fr\/es\/aplicaciones\/","title":{"rendered":"Aplicaciones"},"content":{"rendered":"<!-- Hero Banner - Hero Banner at the top of the page -->\n\n\n<div id=\"site-banner\" class=\"block__hero-banner \/  is-block theme-white theme-white-bg overflow-hidden md-down:pb-40\">\n\t<div class=\"container md:py-gutter\">\n\t\t<div class=\"flex flex-col \/ md:gap-gutter-xl md:grid md:grid-flow-col md:auto-cols-fr md:items-center md:min-h-banner-hero\">\n\n\t\t\t<div class=\"flex-stack gap-gutter justify-center order-2 max-w-banner-hero-width \/ md:order-1 \/ mt-gutter md:mt-0\">\n\t\t\t\t\t\t\t\t<p class=\"text-subtitle\" data-scroll-class='fadeInUpSmall' data-scroll-delay='200'>\n\t\t\t\t\tAplicaciones\n\t\t\t\t<\/p>\n\t\t\t\t\n\t\t\t\t<div class=\"has-text-lg text-balance\" data-scroll-class='fadeInUpSmall' data-scroll-delay='400'>\n\t\t\t\t\t<div class=\"flex-stack gap-24\">\n\n<h1 data-scroll-class=\"fadeInUpSmall\" class=\"wp-block-heading\">Transformar la producci\u00f3n alimentaria con <mark style=\"background-color:rgba(0, 0, 0, 0)\" class=\"has-inline-color has-green-100-color\">soluciones AGI<\/mark> <\/h1>\n\n\n\n<p data-scroll-class=\"fadeInUpSmall\">En AGI, proporcionamos soluciones de texturizaci\u00f3n a medida que satisfacen las diversas necesidades de la industria alimentaria. Nuestro compromiso con la calidad y la asistencia t\u00e9cnica le permite crear productos excepcionales, tanto si trabaja con carne, productos l\u00e1cteos o salsas. Explore las infinitas posibilidades de nuestras formulaciones para mejorar sus productos alimentarios y llevar su producci\u00f3n de alimentos al siguiente nivel.&nbsp;<\/p>\n\n\n<!-- Aplicaciones - A group of buttons -->\n\n<div class=\"block__buttons \/  is-block pt-0 pb-sm \/ flex flex-row justify-start gap-gutter-sm flex-wrap\" data-scroll-class='fadeInUpSmall'>\n\t\n\t\n\n\t\n\t\t\t\t\t<a  href=\"https:\/\/agi-sa.fr\/es\/que-hacemos\/\" id=\"block_8cb0e24420bb15a3db8688160f114f43\" class=\"btn-text \" target=\"\">\n\n\t<span class=\"btn-icon\">\n\t\t<span class=\"btn-icon-inner\"><\/span>\n\t<\/span>\n\n\tQu\u00e9 hacemos\n\n<\/a>\n\n\t\t\n\t\t\n\t\n\n<\/div>\n\n<\/div>\n\t\t\t\t<\/div>\n\t\t\t<\/div>\n\n\n\t\t\t\n\n\t\t<\/div>\n\t<\/div>\n<\/div>\n\n<script>\nvar body = document.body;\nbody.classList.add(\"has-banner\");\n<\/script>\n\n\n<!-- Content Container - Block to add a fixed width to your content -->\n\n<div class=\"block__content-container \/  is-block theme-light theme-light-bg pt-md pb-lg text-start justify-start\">\n\t<div class=\"container\">\n\t\t<div class=\"acf-innerblocks-container\">\n<!-- Aplicaciones - Application Categories -->\n\n<div class=\"block__application-categories \/  is-block pt-0 pb-lg\">\n\t<div class=\"flex flex-col sm:grid sm:grid-cols-2 xl:grid-cols-4 gap-gutter\">\n\t\t\t\t\t<a href=\"https:\/\/agi-sa.fr\/es\/aplicaciones\/alimentos\/\"\n\tclass=\"group\/product \/  flex flex-col bg-white \/ hover:text-blue-100 hover:no-underline\"\n\tdata-scroll-class=\"\"\n\tdata-scroll-delay=\"100\"\n\tid=\"post-2014\">\n\n<div class=\"hover:shadow-lg transition-shadow duration-300\">\n\n\t<figure class=\"aspect-square overflow-hidden bg-gray-10\">\n\t\t\t\n\t\t\t\t\n\t\t\t<img decoding=\"async\" class=\"aspect-square object-cover object-center min-w-[200px] \/ group-hover\/product:scale-110 duration-slow\" src=\"https:\/\/agi-sa.fr\/wp-content\/uploads\/2025\/01\/25-Gluten-free-Brownies-500x389.webp\" alt=\"Alimentos\" width=\"2500\" height=\"1944\" loading=\"lazy\">\n\t\t\t<\/figure>\n\n\t<h3 class=\"text-lg md:h5 mb-0 p-16 min-h-[6rem]\">\n\t\tAlimentos\n\t<\/h3>\n\n<\/div>\n\n<\/a>\n\t\t\t\t\t<a href=\"https:\/\/agi-sa.fr\/es\/aplicaciones\/alimentos-para-mascotas\/\"\n\tclass=\"group\/product \/  flex flex-col bg-white \/ hover:text-blue-100 hover:no-underline\"\n\tdata-scroll-class=\"\"\n\tdata-scroll-delay=\"200\"\n\tid=\"post-2016\">\n\n<div class=\"hover:shadow-lg transition-shadow duration-300\">\n\n\t<figure class=\"aspect-square overflow-hidden bg-gray-10\">\n\t\t\t\n\t\t\t\t\n\t\t\t<img decoding=\"async\" class=\"aspect-square object-cover object-center min-w-[200px] \/ group-hover\/product:scale-110 duration-slow\" src=\"https:\/\/agi-sa.fr\/wp-content\/uploads\/2025\/01\/30-Dry-Pet-Food-500x389.webp\" alt=\"Alimentos para mascotas\" width=\"2500\" height=\"1944\" loading=\"lazy\">\n\t\t\t<\/figure>\n\n\t<h3 class=\"text-lg md:h5 mb-0 p-16 min-h-[6rem]\">\n\t\tAlimentos para mascotas\n\t<\/h3>\n\n<\/div>\n\n<\/a>\n\t\t\t\t\t<a href=\"https:\/\/agi-sa.fr\/es\/aplicaciones\/cosmeticos\/\"\n\tclass=\"group\/product \/  flex flex-col bg-white \/ hover:text-blue-100 hover:no-underline\"\n\tdata-scroll-class=\"\"\n\tdata-scroll-delay=\"300\"\n\tid=\"post-2012\">\n\n<div class=\"hover:shadow-lg transition-shadow duration-300\">\n\n\t<figure class=\"aspect-square overflow-hidden bg-gray-10\">\n\t\t\t\n\t\t\t\t\n\t\t\t<img decoding=\"async\" class=\"aspect-square object-cover object-center min-w-[200px] \/ group-hover\/product:scale-110 duration-slow\" src=\"https:\/\/agi-sa.fr\/wp-content\/uploads\/2025\/01\/37-Moisturizer-cream-500x389.webp\" alt=\"Cuidado personal\" width=\"1000\" height=\"778\" loading=\"lazy\">\n\t\t\t<\/figure>\n\n\t<h3 class=\"text-lg md:h5 mb-0 p-16 min-h-[6rem]\">\n\t\tCuidado personal\n\t<\/h3>\n\n<\/div>\n\n<\/a>\n\t\t\t\t\t<a href=\"https:\/\/agi-sa.fr\/es\/aplicaciones\/tecnico\/\"\n\tclass=\"group\/product \/  flex flex-col bg-white \/ hover:text-blue-100 hover:no-underline\"\n\tdata-scroll-class=\"\"\n\tdata-scroll-delay=\"400\"\n\tid=\"post-2020\">\n\n<div class=\"hover:shadow-lg transition-shadow duration-300\">\n\n\t<figure class=\"aspect-square overflow-hidden bg-gray-10\">\n\t\t\t\n\t\t\t\t\n\t\t\t<img decoding=\"async\" class=\"aspect-square object-cover object-center min-w-[200px] \/ group-hover\/product:scale-110 duration-slow\" src=\"https:\/\/agi-sa.fr\/wp-content\/uploads\/2025\/01\/39-Air-freshner-500x389.webp\" alt=\"T\u00e9cnico\" width=\"1000\" height=\"778\" loading=\"lazy\">\n\t\t\t<\/figure>\n\n\t<h3 class=\"text-lg md:h5 mb-0 p-16 min-h-[6rem]\">\n\t\tT\u00e9cnico\n\t<\/h3>\n\n<\/div>\n\n<\/a>\n\t\t\t<\/div>\n\n<\/div>\n\n\n<!-- Testimonial - Testimonial -->\n\n<div class=\"block__testimonial \/  is-block theme-white theme-white-bg has-overlap \/ flex flex-col gap-gutter-lg justify-center items-center text-center py px-gutter\" role=\"complementary\" aria-label=\"Testimonial\">\n\n\t<svg width=\"42\" height=\"37\" viewBox=\"0 0 42 37\" fill=\"none\" xmlns=\"http:\/\/www.w3.org\/2000\/svg\">\n<path d=\"M41.7362 8.12518C39.1762 9.06384 37.2135 10.5145 35.8482 12.4772C34.5682 14.4398 33.9282 16.7865 33.9282 19.5172H41.7362V36.7972H25.7362V19.5172C25.7362 17.1278 26.1628 14.9092 27.0162 12.8612C27.8695 10.8132 29.0215 9.02118 30.4722 7.48518C31.9228 5.86384 33.5868 4.49851 35.4642 3.38918C37.4268 2.27984 39.5175 1.38384 41.7362 0.701172V8.12518ZM16.2642 8.12518C13.7042 9.06384 11.7415 10.5145 10.3762 12.4772C9.09616 14.4398 8.45616 16.7865 8.45616 19.5172H16.2642V36.7972H0.26416V19.5172C0.26416 17.1278 0.690827 14.9092 1.54416 12.8612C2.39749 10.8132 3.54949 9.02118 5.00016 7.48518C6.45083 5.86384 8.11483 4.49851 9.99216 3.38918C11.9548 2.27984 14.0455 1.38384 16.2642 0.701172V8.12518Z\" fill=\"currentColor\"\/>\n<\/svg>\n\n\t<div class=\"h3 max-w-[960px] *:leading-tight\" aria-live=\"polite\">\n\t\t<div class=\"acf-innerblocks-container\">\n\n<p data-scroll-class=\"fadeInUpSmall\">Intercambio interesante, sencillo, franco y amistoso (\u00a1como siempre!). Jornada muy interesante porque permite ver c\u00f3mo trabaja AGI, su experiencia, <mark style=\"background-color:rgba(0, 0, 0, 0)\" class=\"has-inline-color has-green-100-color\">de qu\u00e9 equipos dispone<\/mark> (tanto en anal\u00edtica como en el laboratorio piloto), discutir los m\u00e9todos de fabricaci\u00f3n.<\/p>\n\n<\/div>\n\t<\/div>\n\n\t<div class=\"flex flex-col gap-gutter-sm md:flex-row md:gap-gutter items-center text-start\" aria-labelledby=\"testimonialName\" aria-describedby=\"testimonialTitle\">\n\n\t\t<figure data-scroll-class='fadeIn' data-scroll-delay='600'>\n\t\t\t\t\t<\/figure>\n\n\t\t<div class=\"text-center md:text-left\" data-scroll-class='fadeIn' data-scroll-delay='600'>\n\t\t\t<strong class=\"uppercase\" id=\"testimonialName\">\n\t\t\t\tCliente an\u00e1logo de carne\n\t\t\t<\/strong>\n\t\t\t<br>\n\t\t\t<span class=\"text-gray-50\" id=\"testimonialTitle\">\n\t\t\t\tJefe de proyecto de I+D\n\t\t\t<\/span>\n\t\t<\/div>\n\n\t<\/div>\n\n<\/div>\n\n<\/div>\n\t<\/div>\n<\/div>\n\n\n<!-- Aplicaciones - Find out more -->\n\n<div class=\"block__find-out-more \/  is-block theme-dark theme-dark-bg py\">\n\t<div class=\"container\">\n\n\t\t<div class=\"flex flex-col md:grid grid-cols-12 md:items-center gap-gutter\">\n\t\t\t<div class=\"col-span-6 lg:col-span-4\">\n\t\t\t\t<div class=\"acf-innerblocks-container\">\n\n<h2 data-scroll-class=\"fadeInUpSmall\" class=\"wp-block-heading\">M\u00e1s informaci\u00f3n <mark style=\"background-color:rgba(0, 0, 0, 0)\" class=\"has-inline-color has-green-140-color\">sobre AGI<\/mark>&nbsp;<\/h2>\n\n<\/div>\n\t\t\t<\/div>\n\n\t\t\t<div class=\"col-span-6 lg:col-span-8 \/ flex flex-col lg:grid grid-cols-2 gap-gutter\">\n\t\t\t\t\t\t\t\t\t\n\n<div data-scroll-class=\"fadeInUpBig\" data-scroll-delay=\"100\" class=\"\">\n\n\t<a class=\"group link flex flex-col gap-gutter justify-between p theme-white-bg hover:shadow-lg transition \" href=\"https:\/\/agi-sa.fr\/es\/contacto\/\">\n\n\t\t<h3 class=\"h4 break-words transition mb-0 text-green-100 group-hover:text-blue-100\">P\u00f3ngase en contacto <\/h3>\n\n\t\t\t<p class=\"hidden lg:flex mb-0 min-h-120\">P\u00f3ngase en contacto hoy mismo con nuestro equipo de expertos y descubra por qu\u00e9 marcas l\u00edderes de todo el mundo nos eligen como su socio de referencia para soluciones texturantes. <\/p>\n\t\n\t\t<div class=\"flex justify-end\">\n\t\t\t\n<button tabindex=\"-1\" id=\"\" type=\"\" class=\"btn-circle group-hover:bg-blue-100\" >\n\n\t<span class=\"sr-only\">\n\t\tP\u00f3ngase en contacto \n\t<\/span>\n\n\t<span class=\"btn-icon\">\n\t\t<span class=\"btn-icon-inner\"><\/span>\n\t<\/span>\n\n<\/button>\n\n\t\t<\/div>\n\n\t<\/a>\n<\/div>\n\n\t\t\t\t\t\t\t\t\t\t\n\n<div data-scroll-class=\"fadeInUpBig\" data-scroll-delay=\"200\" class=\"lg:mt-72\">\n\n\t<a class=\"group link flex flex-col gap-gutter justify-between p theme-white-bg hover:shadow-lg transition \" href=\"https:\/\/agi-sa.fr\/es\/productos\/\">\n\n\t\t<h3 class=\"h4 break-words transition mb-0 text-green-100 group-hover:text-blue-100\">Nuestros productos <\/h3>\n\n\t\t\t<p class=\"hidden lg:flex mb-0 min-h-120\">Descubra nuestra amplia gama de innovadoras soluciones de texturizaci\u00f3n que pueden utilizarse para una gran variedad de aplicaciones en los sectores de alimentaci\u00f3n y bebidas, cosm\u00e9tica, alimentos para mascotas y t\u00e9cnico.  <\/p>\n\t\n\t\t<div class=\"flex justify-end\">\n\t\t\t\n<button tabindex=\"-1\" id=\"\" type=\"\" class=\"btn-circle group-hover:bg-blue-100\" >\n\n\t<span class=\"sr-only\">\n\t\tNuestros productos \n\t<\/span>\n\n\t<span class=\"btn-icon\">\n\t\t<span class=\"btn-icon-inner\"><\/span>\n\t<\/span>\n\n<\/button>\n\n\t\t<\/div>\n\n\t<\/a>\n<\/div>\n\n\t\t\t\t\n\t\t\t<\/div>\n\t\t<\/div>\n\n\t<\/div>\n<\/div>\n","protected":false},"excerpt":{"rendered":"","protected":false},"author":4,"featured_media":0,"parent":0,"menu_order":0,"comment_status":"closed","ping_status":"closed","template":"","meta":{"_acf_changed":false,"inline_featured_image":false,"footnotes":""},"class_list":["post-2010","page","type-page","status-publish","hentry"],"acf":[],"_links":{"self":[{"href":"https:\/\/agi-sa.fr\/es\/wp-json\/wp\/v2\/pages\/2010","targetHints":{"allow":["GET"]}}],"collection":[{"href":"https:\/\/agi-sa.fr\/es\/wp-json\/wp\/v2\/pages"}],"about":[{"href":"https:\/\/agi-sa.fr\/es\/wp-json\/wp\/v2\/types\/page"}],"author":[{"embeddable":true,"href":"https:\/\/agi-sa.fr\/es\/wp-json\/wp\/v2\/users\/4"}],"replies":[{"embeddable":true,"href":"https:\/\/agi-sa.fr\/es\/wp-json\/wp\/v2\/comments?post=2010"}],"version-history":[{"count":0,"href":"https:\/\/agi-sa.fr\/es\/wp-json\/wp\/v2\/pages\/2010\/revisions"}],"wp:attachment":[{"href":"https:\/\/agi-sa.fr\/es\/wp-json\/wp\/v2\/media?parent=2010"}],"curies":[{"name":"wp","href":"https:\/\/api.w.org\/{rel}","templated":true}]}}