{"id":2016,"date":"2024-12-17T18:26:47","date_gmt":"2024-12-17T18:26:47","guid":{"rendered":"https:\/\/agi-sa.fr\/aplicaciones\/alimentos-para-mascotas\/"},"modified":"2025-03-07T14:04:25","modified_gmt":"2025-03-07T14:04:25","slug":"alimentos-para-mascotas","status":"publish","type":"page","link":"https:\/\/agi-sa.fr\/es\/aplicaciones\/alimentos-para-mascotas\/","title":{"rendered":"Alimentos para mascotas"},"content":{"rendered":"<!-- Hero Banner - Hero Banner at the top of the page -->\n\n\n<div id=\"site-banner\" class=\"block__hero-banner \/  is-block theme-white theme-white-bg overflow-hidden md-down:pb-40\">\n\t<div class=\"container md:py-gutter\">\n\t\t<div class=\"flex flex-col \/ md:gap-gutter-xl md:grid md:grid-flow-col md:auto-cols-fr md:items-center md:min-h-banner-hero\">\n\n\t\t\t<div class=\"flex-stack gap-gutter justify-center order-2 max-w-banner-hero-width \/ md:order-1 \/ mt-gutter md:mt-0\">\n\t\t\t\t\t\t\t\t<p class=\"text-subtitle\" data-scroll-class='fadeInUpSmall' data-scroll-delay='200'>\n\t\t\t\t\tAplicaciones\n\t\t\t\t<\/p>\n\t\t\t\t\n\t\t\t\t<div class=\"has-text-lg text-balance\" data-scroll-class='fadeInUpSmall' data-scroll-delay='400'>\n\t\t\t\t\t<div class=\"flex-stack gap-24\">\n\n<h1 data-scroll-class=\"fadeInUpSmall\" class=\"wp-block-heading\">Alimentos <mark style=\"background-color:rgba(0, 0, 0, 0)\" class=\"has-inline-color has-green-100-color\">para mascotas<\/mark><\/h1>\n\n\n\n<p data-scroll-class=\"fadeInUpSmall\">Mejore la eficiencia de la producci\u00f3n al tiempo que satisface las necesidades de nutrici\u00f3n de las mascotas con nuestras innovadoras soluciones hidrocoloides. Desde alimentos h\u00famedos y pat\u00e9s hasta productos secos y trozos reconstituidos, nuestras formulaciones a medida pueden ayudar a mejorar la textura, la estabilidad y la calidad de sus productos de alimentaci\u00f3n para mascotas.\u00a0<\/p>\n\n\n<!-- Alimentos para mascotas - A group of buttons -->\n\n<div class=\"block__buttons \/  is-block pt-0 pb-0 \/ flex flex-row justify-start gap-gutter-sm flex-wrap\" data-scroll-class='fadeInUpSmall'>\n\t\n\t\n\n\t\n\t\t\t\t\t<a  href=\"https:\/\/agi-sa.fr\/es\/contacto\/\" id=\"block_9612a7f9a25cee2c15056c0931278f7f\" class=\"btn-text \" target=\"\">\n\n\t<span class=\"btn-icon\">\n\t\t<span class=\"btn-icon-inner\"><\/span>\n\t<\/span>\n\n\tP\u00f3ngase en contacto\n\n<\/a>\n\n\t\t\n\t\t\n\t\n\n<\/div>\n\n<\/div>\n\t\t\t\t<\/div>\n\t\t\t<\/div>\n\n\n\t\t\t\n\n\t\t<\/div>\n\t<\/div>\n<\/div>\n\n<script>\nvar body = document.body;\nbody.classList.add(\"has-banner\");\n<\/script>\n\n\n<!-- Content Container - Block to add a fixed width to your content -->\n\n<div class=\"block__content-container \/  is-block theme-light theme-light-bg pt-lg pb-lg text-start justify-start\">\n\t<div class=\"container\">\n\t\t<div class=\"acf-innerblocks-container\">\n<!-- Alimentos para mascotas - Application Accordion -->\n\n<div class=\"block__application-accordion \/  is-block\" role=\"region\" aria-label=\"Accordion\">\n\n\n\t\t\t<h2 class=\"h4 mt-48 mb-gutter\">\n\t\t\tAlimentos para mascotas\n\t\t<\/h2>\n\t\n\t\t\t<div class=\"accordion__item group\/accordion border-b border-gray-10\" data-scroll-class=\"fadeInUpSmall\" data-scroll-delay=\"\" role=\"group\">\n\t\t\t<button class=\"accordion__item-header \/ w-full cursor-pointer flex gap-gutter justify-between items-center py-24\" role=\"button\" aria-controls=\"faq-answer-1\">\n\n\t\t\t<div class=\"btn-circle accordion__icon-open group-hover\/accordion:bg-blue-100\">\n\t\t\t\t<svg width=\"24\" height=\"24\" viewBox=\"0 0 24 24\" fill=\"none\" xmlns=\"http:\/\/www.w3.org\/2000\/svg\">\n<path d=\"M12 5V19\" stroke=\"currentColor\" stroke-width=\"2\" stroke-linecap=\"square\"\/>\n<path d=\"M5 12H19\" stroke=\"currentColor\" stroke-width=\"2\" stroke-linecap=\"square\"\/>\n<\/svg>\n\t\t\t<\/div>\n\t\t\t<div class=\"btn-circle accordion__icon-close group-hover\/accordion:bg-blue-100\">\n\t\t\t\t<svg width=\"24\" height=\"24\" viewBox=\"0 0 24 24\" fill=\"none\" xmlns=\"http:\/\/www.w3.org\/2000\/svg\">\n<path d=\"M5 12H19\" stroke=\"currentColor\" stroke-width=\"2\" stroke-linecap=\"square\"\/>\n<\/svg>\n\t\t\t<\/div>\n\n\t\t\t<h2 class=\"h6 mb-0 text-start flex-1 group-hover\/accordion:text-blue-100\">Pat\u00e9s y gelatinas<\/h2>\n\n\t\t<\/button>\n\t\n\t\t\t<div id=\"faq-answer-1\" class=\"accordion__item-content \/ transition-all duration-500 ease-in-out md:pl-64\" role=\"region\" aria-labelledby=\"faq-question-1\">\n\t\t\t\t\t\t\t<div class=\"flex flex-col lg:grid grid-cols-12 gap-gutter lg:gap-gutter-xl mb-gutter-lg\">\n\n\t<div class=\"col-span-6\">\n\n\t\t\t\t\t\n\t\t\t\t\n\t\t\t<img decoding=\"async\" class=\"aspect-video object-cover object-center mb-gutter\" src=\"https:\/\/agi-sa.fr\/wp-content\/uploads\/2025\/01\/14-Pate-Jelly.webp\" alt=\"Pat\u00e9s y gelatinas\" width=\"1000\" height=\"795\" loading=\"lazy\">\n\t\t\t\n\t\t<div class=\"text-lg *:animate-none *:opacity-100 *:transform-none\">\n\t\t\t\n<p data-scroll-class=\"fadeInUpSmall\">Mejore el aspecto de sus productos acabados con nuestras soluciones de vanguardia que facilitan el proceso de llenado, evitan la separaci\u00f3n de la grasa, mantienen una humedad uniforme en la lata y evitan la formaci\u00f3n de sin\u00e9resis. Nuestra gama de formulaciones hidrocoloides es adecuada para diferentes texturas, desde geles el\u00e1sticos a quebradizos, geles con un corte n\u00edtido y mousses.\u00a0\u00a0<\/p>\n\n\t\t<\/div>\n\t<\/div>\n\n\n\t<div class=\"col-span-6\">\n\t\t<h2 class=\"text-subtitle mb-gutter\">Productos relacionados<\/h2>\n\n\t\t<div class=\"gap-gutter-sm md:gap-gutter \/ grid grid-cols-2 sm:grid-cols-3 md:grid-cols-4 lg:grid-cols-3\">\n\t\t\t\t\t\t\t<a href=\"https:\/\/agi-sa.fr\/es\/producto\/matgel-sistemas-gelificantes\/\"\n\tclass=\"group\/product \/  flex flex-col bg-white \/ hover:text-blue-100 hover:no-underline\"\n\tdata-scroll-class=\"\"\n\tdata-scroll-delay=\"\"\n\tid=\"post-2040\">\n\n<div class=\"hover:shadow-lg transition-shadow duration-300\">\n\n\t<figure class=\"aspect-square overflow-hidden bg-gray-10\">\n\t\t\t\n\t\t\t\t\n\t\t\t<img decoding=\"async\" class=\"aspect-square object-cover object-center min-w-[200px] \/ group-hover\/product:scale-110 duration-slow\" src=\"https:\/\/agi-sa.fr\/wp-content\/uploads\/2025\/01\/15-Matgel-500x389.webp\" alt=\"Matgel: Sistemas gelificantes\" width=\"2304\" height=\"1792\" loading=\"lazy\">\n\t\t\t<\/figure>\n\n\t<h3 class=\"text-lg md:h5 mb-0 p-16 \">\n\t\tMatgel: Sistemas gelificantes\n\t<\/h3>\n\n<\/div>\n\n<\/a>\n\t\t\t\t\t<\/div>\n\n\t<\/div>\n\n\n<\/div>\n\t\t\t\t\t<\/div>\n\t<\/div>\n\n\n\n\n\t\t\t<div class=\"accordion__item group\/accordion border-b border-gray-10\" data-scroll-class=\"fadeInUpSmall\" data-scroll-delay=\"\" role=\"group\">\n\t\t\t<button class=\"accordion__item-header \/ w-full cursor-pointer flex gap-gutter justify-between items-center py-24\" role=\"button\" aria-controls=\"faq-answer-2\">\n\n\t\t\t<div class=\"btn-circle accordion__icon-open group-hover\/accordion:bg-blue-100\">\n\t\t\t\t<svg width=\"24\" height=\"24\" viewBox=\"0 0 24 24\" fill=\"none\" xmlns=\"http:\/\/www.w3.org\/2000\/svg\">\n<path d=\"M12 5V19\" stroke=\"currentColor\" stroke-width=\"2\" stroke-linecap=\"square\"\/>\n<path d=\"M5 12H19\" stroke=\"currentColor\" stroke-width=\"2\" stroke-linecap=\"square\"\/>\n<\/svg>\n\t\t\t<\/div>\n\t\t\t<div class=\"btn-circle accordion__icon-close group-hover\/accordion:bg-blue-100\">\n\t\t\t\t<svg width=\"24\" height=\"24\" viewBox=\"0 0 24 24\" fill=\"none\" xmlns=\"http:\/\/www.w3.org\/2000\/svg\">\n<path d=\"M5 12H19\" stroke=\"currentColor\" stroke-width=\"2\" stroke-linecap=\"square\"\/>\n<\/svg>\n\t\t\t<\/div>\n\n\t\t\t<h2 class=\"h6 mb-0 text-start flex-1 group-hover\/accordion:text-blue-100\">Productos en salsa<\/h2>\n\n\t\t<\/button>\n\t\n\t\t\t<div id=\"faq-answer-2\" class=\"accordion__item-content \/ transition-all duration-500 ease-in-out md:pl-64\" role=\"region\" aria-labelledby=\"faq-question-2\">\n\t\t\t\t\t\t\t<div class=\"flex flex-col lg:grid grid-cols-12 gap-gutter lg:gap-gutter-xl mb-gutter-lg\">\n\n\t<div class=\"col-span-6\">\n\n\t\t\t\t\t\n\t\t\t\t\n\t\t\t<img decoding=\"async\" class=\"aspect-video object-cover object-center mb-gutter\" src=\"https:\/\/agi-sa.fr\/wp-content\/uploads\/2025\/01\/28-Sauce-on-pet-food-1024x796.webp\" alt=\"Productos en salsa\" width=\"2500\" height=\"1944\" loading=\"lazy\">\n\t\t\t\n\t\t<div class=\"text-lg *:animate-none *:opacity-100 *:transform-none\">\n\t\t\t\n<p data-scroll-class=\"fadeInUpSmall\">\u00bfBusca desarrollar salsas suaves o semis\u00f3lidas que se mantengan en su sitio pero fluyan f\u00e1cilmente al removerlas o verterlas? Nuestras f\u00f3rmulas pueden utilizarse para garantizar que las coberturas y los semi-gelificados tengan un buen rendimiento tixotr\u00f3pico.<\/p>\n\n\t\t<\/div>\n\t<\/div>\n\n\n\t<div class=\"col-span-6\">\n\t\t<h2 class=\"text-subtitle mb-gutter\">Productos relacionados<\/h2>\n\n\t\t<div class=\"gap-gutter-sm md:gap-gutter \/ grid grid-cols-2 sm:grid-cols-3 md:grid-cols-4 lg:grid-cols-3\">\n\t\t\t\t\t\t\t<a href=\"https:\/\/agi-sa.fr\/es\/producto\/matgum-sistemas-de-espesamiento\/\"\n\tclass=\"group\/product \/  flex flex-col bg-white \/ hover:text-blue-100 hover:no-underline\"\n\tdata-scroll-class=\"\"\n\tdata-scroll-delay=\"\"\n\tid=\"post-2041\">\n\n<div class=\"hover:shadow-lg transition-shadow duration-300\">\n\n\t<figure class=\"aspect-square overflow-hidden bg-gray-10\">\n\t\t\t\n\t\t\t\t\n\t\t\t<img decoding=\"async\" class=\"aspect-square object-cover object-center min-w-[200px] \/ group-hover\/product:scale-110 duration-slow\" src=\"https:\/\/agi-sa.fr\/wp-content\/uploads\/2025\/01\/11-Helia-500x389.webp\" alt=\"Matgum: Sistemas de espesamiento\" width=\"2304\" height=\"1792\" loading=\"lazy\">\n\t\t\t<\/figure>\n\n\t<h3 class=\"text-lg md:h5 mb-0 p-16 \">\n\t\tMatgum: Sistemas de espesamiento\n\t<\/h3>\n\n<\/div>\n\n<\/a>\n\t\t\t\t\t\t\t<a href=\"https:\/\/agi-sa.fr\/es\/producto\/matvis-sistemas-estabilizadores\/\"\n\tclass=\"group\/product \/  flex flex-col bg-white \/ hover:text-blue-100 hover:no-underline\"\n\tdata-scroll-class=\"\"\n\tdata-scroll-delay=\"\"\n\tid=\"post-2038\">\n\n<div class=\"hover:shadow-lg transition-shadow duration-300\">\n\n\t<figure class=\"aspect-square overflow-hidden bg-gray-10\">\n\t\t\t\n\t\t\t\t\n\t\t\t<img decoding=\"async\" class=\"aspect-square object-cover object-center min-w-[200px] \/ group-hover\/product:scale-110 duration-slow\" src=\"https:\/\/agi-sa.fr\/wp-content\/uploads\/2025\/01\/16-Matvis-500x379.webp\" alt=\"Matvis: Sistemas estabilizadores\" width=\"990\" height=\"751\" loading=\"lazy\">\n\t\t\t<\/figure>\n\n\t<h3 class=\"text-lg md:h5 mb-0 p-16 \">\n\t\tMatvis: Sistemas estabilizadores\n\t<\/h3>\n\n<\/div>\n\n<\/a>\n\t\t\t\t\t<\/div>\n\n\t<\/div>\n\n\n<\/div>\n\t\t\t\t\t<\/div>\n\t<\/div>\n\n\n\n\n\t\t\t<div class=\"accordion__item group\/accordion border-b border-gray-10\" data-scroll-class=\"fadeInUpSmall\" data-scroll-delay=\"\" role=\"group\">\n\t\t\t<button class=\"accordion__item-header \/ w-full cursor-pointer flex gap-gutter justify-between items-center py-24\" role=\"button\" aria-controls=\"faq-answer-3\">\n\n\t\t\t<div class=\"btn-circle accordion__icon-open group-hover\/accordion:bg-blue-100\">\n\t\t\t\t<svg width=\"24\" height=\"24\" viewBox=\"0 0 24 24\" fill=\"none\" xmlns=\"http:\/\/www.w3.org\/2000\/svg\">\n<path d=\"M12 5V19\" stroke=\"currentColor\" stroke-width=\"2\" stroke-linecap=\"square\"\/>\n<path d=\"M5 12H19\" stroke=\"currentColor\" stroke-width=\"2\" stroke-linecap=\"square\"\/>\n<\/svg>\n\t\t\t<\/div>\n\t\t\t<div class=\"btn-circle accordion__icon-close group-hover\/accordion:bg-blue-100\">\n\t\t\t\t<svg width=\"24\" height=\"24\" viewBox=\"0 0 24 24\" fill=\"none\" xmlns=\"http:\/\/www.w3.org\/2000\/svg\">\n<path d=\"M5 12H19\" stroke=\"currentColor\" stroke-width=\"2\" stroke-linecap=\"square\"\/>\n<\/svg>\n\t\t\t<\/div>\n\n\t\t\t<h2 class=\"h6 mb-0 text-start flex-1 group-hover\/accordion:text-blue-100\">Productos secos<\/h2>\n\n\t\t<\/button>\n\t\n\t\t\t<div id=\"faq-answer-3\" class=\"accordion__item-content \/ transition-all duration-500 ease-in-out md:pl-64\" role=\"region\" aria-labelledby=\"faq-question-3\">\n\t\t\t\t\t\t\t<div class=\"flex flex-col lg:grid grid-cols-12 gap-gutter lg:gap-gutter-xl mb-gutter-lg\">\n\n\t<div class=\"col-span-6\">\n\n\t\t\t\t\t\n\t\t\t\t\n\t\t\t<img decoding=\"async\" class=\"aspect-video object-cover object-center mb-gutter\" src=\"https:\/\/agi-sa.fr\/wp-content\/uploads\/2025\/01\/30-Dry-Pet-Food-1024x796.webp\" alt=\"Productos secos\" width=\"2500\" height=\"1944\" loading=\"lazy\">\n\t\t\t\n\t\t<div class=\"text-lg *:animate-none *:opacity-100 *:transform-none\">\n\t\t\t\n<p data-scroll-class=\"fadeInUpSmall\">El uso de psilio (psyllium) en alimentos para mascotas puede ayudar a que los animales se sientan saciados durante m\u00e1s tiempo. Esto lo convierte en un ingrediente muy \u00fatil en productos diet\u00e9ticos, donde act\u00faa como agente saciante.\u00a0<\/p>\n\n\t\t<\/div>\n\t<\/div>\n\n\n\t<div class=\"col-span-6\">\n\t\t<h2 class=\"text-subtitle mb-gutter\">Productos relacionados<\/h2>\n\n\t\t<div class=\"gap-gutter-sm md:gap-gutter \/ grid grid-cols-2 sm:grid-cols-3 md:grid-cols-4 lg:grid-cols-3\">\n\t\t\t\t\t\t\t<a href=\"https:\/\/agi-sa.fr\/es\/producto\/psyllium\/\"\n\tclass=\"group\/product \/  flex flex-col bg-white \/ hover:text-blue-100 hover:no-underline\"\n\tdata-scroll-class=\"\"\n\tdata-scroll-delay=\"\"\n\tid=\"post-2042\">\n\n<div class=\"hover:shadow-lg transition-shadow duration-300\">\n\n\t<figure class=\"aspect-square overflow-hidden bg-gray-10\">\n\t\t\t\n\t\t\t\t\n\t\t\t<img decoding=\"async\" class=\"aspect-square object-cover object-center min-w-[200px] \/ group-hover\/product:scale-110 duration-slow\" src=\"https:\/\/agi-sa.fr\/wp-content\/uploads\/2025\/01\/08-Psyllium-1-500x389.webp\" alt=\"Psyllium\" width=\"2304\" height=\"1792\" loading=\"lazy\">\n\t\t\t<\/figure>\n\n\t<h3 class=\"text-lg md:h5 mb-0 p-16 \">\n\t\tPsyllium\n\t<\/h3>\n\n<\/div>\n\n<\/a>\n\t\t\t\t\t<\/div>\n\n\t<\/div>\n\n\n<\/div>\n\t\t\t\t\t<\/div>\n\t<\/div>\n\n\n\n\n\t\t\t<div class=\"accordion__item group\/accordion border-b border-gray-10\" data-scroll-class=\"fadeInUpSmall\" data-scroll-delay=\"\" role=\"group\">\n\t\t\t<button class=\"accordion__item-header \/ w-full cursor-pointer flex gap-gutter justify-between items-center py-24\" role=\"button\" aria-controls=\"faq-answer-4\">\n\n\t\t\t<div class=\"btn-circle accordion__icon-open group-hover\/accordion:bg-blue-100\">\n\t\t\t\t<svg width=\"24\" height=\"24\" viewBox=\"0 0 24 24\" fill=\"none\" xmlns=\"http:\/\/www.w3.org\/2000\/svg\">\n<path d=\"M12 5V19\" stroke=\"currentColor\" stroke-width=\"2\" stroke-linecap=\"square\"\/>\n<path d=\"M5 12H19\" stroke=\"currentColor\" stroke-width=\"2\" stroke-linecap=\"square\"\/>\n<\/svg>\n\t\t\t<\/div>\n\t\t\t<div class=\"btn-circle accordion__icon-close group-hover\/accordion:bg-blue-100\">\n\t\t\t\t<svg width=\"24\" height=\"24\" viewBox=\"0 0 24 24\" fill=\"none\" xmlns=\"http:\/\/www.w3.org\/2000\/svg\">\n<path d=\"M5 12H19\" stroke=\"currentColor\" stroke-width=\"2\" stroke-linecap=\"square\"\/>\n<\/svg>\n\t\t\t<\/div>\n\n\t\t\t<h2 class=\"h6 mb-0 text-start flex-1 group-hover\/accordion:text-blue-100\">Trozos de alimentos reconstituidos<\/h2>\n\n\t\t<\/button>\n\t\n\t\t\t<div id=\"faq-answer-4\" class=\"accordion__item-content \/ transition-all duration-500 ease-in-out md:pl-64\" role=\"region\" aria-labelledby=\"faq-question-4\">\n\t\t\t\t\t\t\t<div class=\"flex flex-col lg:grid grid-cols-12 gap-gutter lg:gap-gutter-xl mb-gutter-lg\">\n\n\t<div class=\"col-span-6\">\n\n\t\t\t\t\t\n\t\t\t\t\n\t\t\t<img decoding=\"async\" class=\"aspect-video object-cover object-center mb-gutter\" src=\"https:\/\/agi-sa.fr\/wp-content\/uploads\/2025\/01\/29-Chunks-of-pet-food-in-sauce.webp\" alt=\"Trozos de alimentos reconstituidos\" width=\"1000\" height=\"778\" loading=\"lazy\">\n\t\t\t\n\t\t<div class=\"text-lg *:animate-none *:opacity-100 *:transform-none\">\n\t\t\t\n<p data-scroll-class=\"fadeInUpSmall\">Aseg\u00farese de que su producto tiene trozos de carne uniformes que mantienen su forma. Nuestros innovadores sistemas permiten reconstituir trozos homog\u00e9neos de carne, que pueden utilizarse como marcadores consistentes en la producci\u00f3n de alimentos para mascotas.&nbsp;<\/p>\n\n\t\t<\/div>\n\t<\/div>\n\n\n\t<div class=\"col-span-6\">\n\t\t<h2 class=\"text-subtitle mb-gutter\">Productos relacionados<\/h2>\n\n\t\t<div class=\"gap-gutter-sm md:gap-gutter \/ grid grid-cols-2 sm:grid-cols-3 md:grid-cols-4 lg:grid-cols-3\">\n\t\t\t\t\t\t\t<a href=\"https:\/\/agi-sa.fr\/es\/producto\/matalgin-sistemas-de-gelificacion-en-frio\/\"\n\tclass=\"group\/product \/  flex flex-col bg-white \/ hover:text-blue-100 hover:no-underline\"\n\tdata-scroll-class=\"\"\n\tdata-scroll-delay=\"\"\n\tid=\"post-2039\">\n\n<div class=\"hover:shadow-lg transition-shadow duration-300\">\n\n\t<figure class=\"aspect-square overflow-hidden bg-gray-10\">\n\t\t\t\n\t\t\t\t\n\t\t\t<img decoding=\"async\" class=\"aspect-square object-cover object-center min-w-[200px] \/ group-hover\/product:scale-110 duration-slow\" src=\"https:\/\/agi-sa.fr\/wp-content\/uploads\/2024\/11\/13-Matalgin-500x389.webp\" alt=\"Matalgin: Sistemas de gelificaci\u00f3n en fr\u00edo\" width=\"2304\" height=\"1792\" loading=\"lazy\">\n\t\t\t<\/figure>\n\n\t<h3 class=\"text-lg md:h5 mb-0 p-16 \">\n\t\tMatalgin: Sistemas de gelificaci\u00f3n en fr\u00edo\n\t<\/h3>\n\n<\/div>\n\n<\/a>\n\t\t\t\t\t<\/div>\n\n\t<\/div>\n\n\n<\/div>\n\t\t\t\t\t<\/div>\n\t<\/div>\n\n\n\n\n\t<\/div>\n\n<\/div>\n\t<\/div>\n<\/div>\n\n\n<!-- Introduction - Introduction block -->\n\n\t\n\n<div class=\"block__introduction \/  is-block theme-dark theme-dark-bg pt-lg pb-lg has-text-lg\">\n\t<div class=\"container\">\n\t\t<div class=\"flex flex-col gap-gutter \/ lg:grid lg:grid-flow-col lg:auto-cols-fr\">\n\n\t\t\t<div class=\"flex-stack gap-24\">\n\n<h2 data-scroll-class=\"fadeInUpSmall\" class=\"wp-block-heading has-xx-large-font-size\">Descubra <mark style=\"background-color:rgba(0, 0, 0, 0)\" class=\"has-inline-color has-green-140-color\">c\u00f3mo nuestras soluciones<\/mark> pueden contribuir a su \u00e9xito<\/h2>\n\n<\/div>\n\n\t\t\t<div class=\"flex-stack gap-24\" data-scroll-class='fadeIn' data-scroll-delay='600'>\n\t\t\t\t<p>Nuestro equipo de expertos est\u00e1 a su disposici\u00f3n para ayudarle a encontrar el adecuado para sus alimentos para mascotas. P\u00f3ngase en contacto con y descubra c\u00f3mo podemos ayudarle a mejorar sus productos y aumentar su rendimiento.<\/p>\n\n\n\t\t\t\t\t\t\t\t\t<div>\n\t\t\t\t\t\t\n\t\t\t\t\t\t\n<a href=\"https:\/\/agi-sa.fr\/es\/contacto\/\" id=\"block_b3dd1ed1749e12ac9b13a78ae741a5f5\" class=\"btn inline-flex \" target=\"\">\n\n\t<span class=\"btn-inner\">\n\n\t\t\t\t<svg width=\"8\" height=\"12\" viewBox=\"0 0 8 12\"  xmlns=\"http:\/\/www.w3.org\/2000\/svg\">\n<path  d=\"M0 0.294643L5.7737 5.94643V6.05357L0 11.7054V12H2.07951L8 6.24107V5.75893L2.07951 0H0V0.294643Z\"  fill=\"currentColor\" \/>\n<\/svg>\n\t\n\tP\u00f3ngase en contacto con nosotros\n\n\t\n\t<\/span>\n\n<\/a>\n\n\t\t\n\t\t\t\n\n\t\n\n\t\t\t\t\t<\/div>\n\t\t\t\t\n\t\t\t<\/div>\n\n\t\t<\/div>\n\t<\/div>\n<\/div>\n\n\n\n<!-- Content Container - Block to add a fixed width to your content -->\n\n<div class=\"block__content-container \/  is-block theme-light theme-light-bg pt-lg pb-lg text-start justify-start\">\n\t<div class=\"container\">\n\t\t<div class=\"acf-innerblocks-container\">\n<!-- Columns - Columns -->\n<div class=\"flex flex-col md:flex-row gap-gutter md:gap-gutter block__columns \/  is-block\">\n<!-- Column - Column -->\n<div class=\"block__column \/  is-block text-start justify-start flex-1 md:basis-1\/3\">\n\t<div class=\"acf-innerblocks-container\">\n\n<h2 data-scroll-class=\"fadeInUpSmall\" class=\"wp-block-heading\">Otros \u00e1mbitos de aplicaci\u00f3n<\/h2>\n\n<\/div>\n<\/div>\n\n\n<!-- Column - Column -->\n<div class=\"block__column \/  is-block text-start justify-start flex-1 md:basis-2\/3\">\n\t<div class=\"acf-innerblocks-container\">\n<!-- Alimentos para mascotas - Application Categories -->\n\n<div class=\"block__application-categories \/  is-block pt-0 pb-0\">\n\t<div class=\"flex flex-col sm:grid sm:grid-cols-2 xl:grid-cols-4 gap-gutter\">\n\t\t\t\t\t<a href=\"https:\/\/agi-sa.fr\/es\/aplicaciones\/alimentos\/\"\n\tclass=\"group\/product \/  flex flex-col bg-white \/ hover:text-blue-100 hover:no-underline\"\n\tdata-scroll-class=\"\"\n\tdata-scroll-delay=\"100\"\n\tid=\"post-2014\">\n\n<div class=\"hover:shadow-lg transition-shadow duration-300\">\n\n\t<figure class=\"aspect-square overflow-hidden bg-gray-10\">\n\t\t\t\n\t\t\t\t\n\t\t\t<img decoding=\"async\" class=\"aspect-square object-cover object-center min-w-[200px] \/ group-hover\/product:scale-110 duration-slow\" src=\"https:\/\/agi-sa.fr\/wp-content\/uploads\/2025\/01\/25-Gluten-free-Brownies-500x389.webp\" alt=\"Alimentos\" width=\"2500\" height=\"1944\" loading=\"lazy\">\n\t\t\t<\/figure>\n\n\t<h3 class=\"text-lg md:h5 mb-0 p-16 min-h-[6rem]\">\n\t\tAlimentos\n\t<\/h3>\n\n<\/div>\n\n<\/a>\n\t\t\t\t\t<a href=\"https:\/\/agi-sa.fr\/es\/aplicaciones\/alimentos-para-mascotas\/\"\n\tclass=\"group\/product \/  flex flex-col bg-white \/ hover:text-blue-100 hover:no-underline\"\n\tdata-scroll-class=\"\"\n\tdata-scroll-delay=\"200\"\n\tid=\"post-2016\">\n\n<div class=\"hover:shadow-lg transition-shadow duration-300\">\n\n\t<figure class=\"aspect-square overflow-hidden bg-gray-10\">\n\t\t\t\n\t\t\t\t\n\t\t\t<img decoding=\"async\" class=\"aspect-square object-cover object-center min-w-[200px] \/ group-hover\/product:scale-110 duration-slow\" src=\"https:\/\/agi-sa.fr\/wp-content\/uploads\/2025\/01\/30-Dry-Pet-Food-500x389.webp\" alt=\"Alimentos para mascotas\" width=\"2500\" height=\"1944\" loading=\"lazy\">\n\t\t\t<\/figure>\n\n\t<h3 class=\"text-lg md:h5 mb-0 p-16 min-h-[6rem]\">\n\t\tAlimentos para mascotas\n\t<\/h3>\n\n<\/div>\n\n<\/a>\n\t\t\t\t\t<a href=\"https:\/\/agi-sa.fr\/es\/aplicaciones\/cosmeticos\/\"\n\tclass=\"group\/product \/  flex flex-col bg-white \/ hover:text-blue-100 hover:no-underline\"\n\tdata-scroll-class=\"\"\n\tdata-scroll-delay=\"300\"\n\tid=\"post-2012\">\n\n<div class=\"hover:shadow-lg transition-shadow duration-300\">\n\n\t<figure class=\"aspect-square overflow-hidden bg-gray-10\">\n\t\t\t\n\t\t\t\t\n\t\t\t<img decoding=\"async\" class=\"aspect-square object-cover object-center min-w-[200px] \/ group-hover\/product:scale-110 duration-slow\" src=\"https:\/\/agi-sa.fr\/wp-content\/uploads\/2025\/01\/37-Moisturizer-cream-500x389.webp\" alt=\"Cuidado personal\" width=\"1000\" height=\"778\" loading=\"lazy\">\n\t\t\t<\/figure>\n\n\t<h3 class=\"text-lg md:h5 mb-0 p-16 min-h-[6rem]\">\n\t\tCuidado personal\n\t<\/h3>\n\n<\/div>\n\n<\/a>\n\t\t\t\t\t<a href=\"https:\/\/agi-sa.fr\/es\/aplicaciones\/tecnico\/\"\n\tclass=\"group\/product \/  flex flex-col bg-white \/ hover:text-blue-100 hover:no-underline\"\n\tdata-scroll-class=\"\"\n\tdata-scroll-delay=\"400\"\n\tid=\"post-2020\">\n\n<div class=\"hover:shadow-lg transition-shadow duration-300\">\n\n\t<figure class=\"aspect-square overflow-hidden bg-gray-10\">\n\t\t\t\n\t\t\t\t\n\t\t\t<img decoding=\"async\" class=\"aspect-square object-cover object-center min-w-[200px] \/ group-hover\/product:scale-110 duration-slow\" src=\"https:\/\/agi-sa.fr\/wp-content\/uploads\/2025\/01\/39-Air-freshner-500x389.webp\" alt=\"T\u00e9cnico\" width=\"1000\" height=\"778\" loading=\"lazy\">\n\t\t\t<\/figure>\n\n\t<h3 class=\"text-lg md:h5 mb-0 p-16 min-h-[6rem]\">\n\t\tT\u00e9cnico\n\t<\/h3>\n\n<\/div>\n\n<\/a>\n\t\t\t<\/div>\n\n<\/div>\n\n<\/div>\n<\/div>\n\n<\/div>\n\n\n<\/div>\n\t<\/div>\n<\/div>\n","protected":false},"excerpt":{"rendered":"","protected":false},"author":1,"featured_media":1131,"parent":2010,"menu_order":0,"comment_status":"closed","ping_status":"closed","template":"","meta":{"_acf_changed":false,"inline_featured_image":false,"footnotes":""},"class_list":["post-2016","page","type-page","status-publish","has-post-thumbnail","hentry"],"acf":[],"_links":{"self":[{"href":"https:\/\/agi-sa.fr\/es\/wp-json\/wp\/v2\/pages\/2016","targetHints":{"allow":["GET"]}}],"collection":[{"href":"https:\/\/agi-sa.fr\/es\/wp-json\/wp\/v2\/pages"}],"about":[{"href":"https:\/\/agi-sa.fr\/es\/wp-json\/wp\/v2\/types\/page"}],"author":[{"embeddable":true,"href":"https:\/\/agi-sa.fr\/es\/wp-json\/wp\/v2\/users\/1"}],"replies":[{"embeddable":true,"href":"https:\/\/agi-sa.fr\/es\/wp-json\/wp\/v2\/comments?post=2016"}],"version-history":[{"count":0,"href":"https:\/\/agi-sa.fr\/es\/wp-json\/wp\/v2\/pages\/2016\/revisions"}],"up":[{"embeddable":true,"href":"https:\/\/agi-sa.fr\/es\/wp-json\/wp\/v2\/pages\/2010"}],"wp:featuredmedia":[{"embeddable":true,"href":"https:\/\/agi-sa.fr\/es\/wp-json\/wp\/v2\/media\/1131"}],"wp:attachment":[{"href":"https:\/\/agi-sa.fr\/es\/wp-json\/wp\/v2\/media?parent=2016"}],"curies":[{"name":"wp","href":"https:\/\/api.w.org\/{rel}","templated":true}]}}