{"id":2253,"date":"2024-11-28T10:33:20","date_gmt":"2024-11-28T10:33:20","guid":{"rendered":"https:\/\/agi-sa.fr\/que-hacemos\/"},"modified":"2025-03-12T10:05:00","modified_gmt":"2025-03-12T10:05:00","slug":"que-hacemos","status":"publish","type":"page","link":"https:\/\/agi-sa.fr\/es\/que-hacemos\/","title":{"rendered":"Qu\u00e9 hacemos"},"content":{"rendered":"<!-- Hero Banner - Hero Banner at the top of the page -->\n\n\n<div id=\"site-banner\" class=\"block__hero-banner \/  is-block theme-white theme-white-bg overflow-hidden md-down:pb-40\">\n\t<div class=\"container md:py-gutter\">\n\t\t<div class=\"flex flex-col \/ md:gap-gutter-xl md:grid md:grid-flow-col md:auto-cols-fr md:items-center md:min-h-banner-hero\">\n\n\t\t\t<div class=\"flex-stack gap-gutter justify-center order-2 max-w-banner-hero-width \/ md:order-1 \/ mt-gutter md:mt-0\">\n\t\t\t\t\t\t\t\t<p class=\"text-subtitle\" data-scroll-class='fadeInUpSmall' data-scroll-delay='200'>\n\t\t\t\t\tQu\u00e9 hacemos\n\t\t\t\t<\/p>\n\t\t\t\t\n\t\t\t\t<div class=\"has-text-lg text-balance\" data-scroll-class='fadeInUpSmall' data-scroll-delay='400'>\n\t\t\t\t\t<div class=\"flex-stack gap-24\">\n\n<h1 data-scroll-class=\"fadeInUpSmall\" class=\"wp-block-heading\"><mark style=\"background-color:rgba(0, 0, 0, 0)\" class=\"has-inline-color has-green-100-color\">Soluciones texturizantes<\/mark> a medida para cada necesidad<\/h1>\n\n\n\n<p data-scroll-class=\"fadeInUpSmall\">Nuestro equipo de expertos le ofrece un sinf\u00edn de soluciones innovadoras, adaptadas a los requisitos espec\u00edficos de sus productos.<\/p>\n\n\n<!-- Qu\u00e9 hacemos - A group of buttons -->\n\n<div class=\"block__buttons \/  is-block pt-0 pb-0 \/ flex flex-row justify-start gap-gutter-sm flex-wrap\" data-scroll-class='fadeInUpSmall'>\n\t\n\t\n\n\t\n\t\t\t\t\t<a  href=\"https:\/\/agi-sa.fr\/es\/productos\/\" id=\"block_d9269e099955f3071a1ff48f5377eb24\" class=\"btn-text \" target=\"\">\n\n\t<span class=\"btn-icon\">\n\t\t<span class=\"btn-icon-inner\"><\/span>\n\t<\/span>\n\n\tVer los productos \n\n<\/a>\n\n\t\t\n\t\t\n\t\n\n<\/div>\n\n<\/div>\n\t\t\t\t<\/div>\n\t\t\t<\/div>\n\n\n\t\t\t\n\n\t\t<\/div>\n\t<\/div>\n<\/div>\n\n<script>\nvar body = document.body;\nbody.classList.add(\"has-banner\");\n<\/script>\n\n\n<!-- Content Container - Block to add a fixed width to your content -->\n\n<div class=\"block__content-container \/  is-block theme-white theme-white-bg pt-md pb-md text-start justify-start\">\n\t<div class=\"container\">\n\t\t<div class=\"acf-innerblocks-container\">\n\n<h3 data-scroll-class=\"fadeInUpSmall\" class=\"wp-block-heading\">Qu\u00e9 hacemos <\/h3>\n\n\n<!-- Columns - Columns -->\n<div class=\"flex flex-col md:flex-row gap-gutter md:gap-gutter block__columns \/  is-block\">\n<!-- Column - Column -->\n<div class=\"block__column \/  is-block text-start justify-start flex-1 md:basis-2\/3\">\n\t<div class=\"acf-innerblocks-container\">\n\n<p data-scroll-class=\"fadeInUpSmall\">Nos especializadoss en la creaci\u00f3n de sistemas estabilizantes estandarizados y a medida, combinando nuestra experiencia en hidrocoloides con procesos de fabricaci\u00f3n avanzados. Colaborando estrechamente con nuestros clienteslients , ofrecemos soluciones de ingredientes a medida que cumplen requisitos funcionales y de rendimiento precisos, todo ello fabricado con orgullo en Francia.  <\/p>\n\n<\/div>\n<\/div>\n\n\n<!-- Column - Column -->\n<div class=\"block__column \/  is-block text-start justify-start flex-1 md:basis-1\/3\">\n\t<div class=\"acf-innerblocks-container\"><\/div>\n<\/div>\n\n<\/div>\n\n\n<\/div>\n\t<\/div>\n<\/div>\n\n\n<!-- Content Container - Block to add a fixed width to your content -->\n\n<div class=\"block__content-container \/  is-block theme-white theme-white-bg pt-0 pb-lg text-start justify-start\">\n\t<div class=\"container\">\n\t\t<div class=\"acf-innerblocks-container\">\n<!-- Video Embed - Embed a video file -->\n\n<div  class=\"block__video-embed \/  is-block has-overlap\" data-scroll-class='fadeInUpSmall'>\n\t<video\n\tposter=\"https:\/\/agi-sa.fr\/wp-content\/uploads\/2025\/01\/video-banner-poster-2.webp\"\n\tpreload=\"auto\"\n\t\tautoplay\n\tplaysinline\n\t\n\t\tmuted\n\t\n\t\tloop\n\t\n\t\tclass=\"w-full block object-cover object-center\"\n\twidth=\"1400\"\n\theight=\"564\">\n\n\t<source src=\"https:\/\/agi-sa.fr\/wp-content\/uploads\/2025\/01\/video-banner-optimised-3.mp4\" type=\"video\/mp4\" \/>\n<\/video>\n<\/div>\n\n<\/div>\n\t<\/div>\n<\/div>\n\n\n<!-- Media Combo - Media Combo -->\n\n\n\n\n\n<div  class=\"block__media-combo \/  is-block theme-dark theme-dark-bg pt-lg pb-md\">\n\t<div class=\"container\">\n\n\t\t<div class=\"flex flex-col items-start gap-gutter-lg \/ lg:grid lg:grid-cols-12 lg:gap-x-gutter-xl\">\n\t\t\t<div class=\"lg:col-span-6 order-last\" data-scroll-class='fadeInUpBig'>\n\t\t\t\t\t\t\t\t\t\n\t\t\t\t\n\t<picture class=\"\" data-media-id=\"1399\">\n\t\t<source media=\"(min-width:1280px)\" srcset=\"https:\/\/agi-sa.fr\/wp-content\/uploads\/2025\/01\/c1164b10-4149-4c9e-bc80-867db9e187ed-1920x1440.webp\">\n\t\t<source media=\"(min-width:1024px)\" srcset=\"https:\/\/agi-sa.fr\/wp-content\/uploads\/2025\/01\/c1164b10-4149-4c9e-bc80-867db9e187ed-1024x768.webp\">\n\t\t<source media=\"(min-width:600px)\" srcset=\"https:\/\/agi-sa.fr\/wp-content\/uploads\/2025\/01\/c1164b10-4149-4c9e-bc80-867db9e187ed-800x600.webp\">\n\n\t\t\t\t\t<img decoding=\"async\" class=\" md:aspect-auto aspect-auto object-cover w-full\" src=\"https:\/\/agi-sa.fr\/wp-content\/uploads\/2025\/01\/c1164b10-4149-4c9e-bc80-867db9e187ed-800x600.webp\" alt=\"AGI team in the lab\" loading=\"lazy\">\n\t\t\n  <\/picture>\n\t\t\t\t\t\t\t<\/div>\n\n\t\t\t<div class=\"lg:col-span-6\" data-scroll-class='fadeInUpBig' data-scroll-delay='200'>\n\t\t\t\t<div class=\"acf-innerblocks-container\">\n\n<h3 data-scroll-class=\"fadeInUpSmall\" class=\"wp-block-heading\">Nuestra experiencia <\/h3>\n\n\n\n<h4 data-scroll-class=\"fadeInUpSmall\" class=\"wp-block-heading has-medium-font-size\"><strong>Dominio de las materias primas<\/strong><\/h4>\n\n\n\n<p data-scroll-class=\"fadeInUpSmall\">Marcamos la pauta en el abastecimiento de materias primas, garantizando que cada ingrediente cumpla las normas m\u00e1s estrictas. Nuestros experimentados ingenieros aprovechan los conocimientos t\u00e9cnicos para ofrecer una calidad y un rendimiento constantes, adaptados a sus necesidades espec\u00edficas. <\/p>\n\n\n\n<h4 data-scroll-class=\"fadeInUpSmall\" class=\"wp-block-heading has-medium-font-size\"><strong>Sinergias de ingredientes para soluciones de precisi\u00f3n<\/strong><\/h4>\n\n\n\n<p data-scroll-class=\"fadeInUpSmall\">Con un profundo conocimiento de c\u00f3mo interact\u00faan los hidrocoloides con otros ingredientes, como las prote\u00ednas, elaboramos f\u00f3rmulas eficaces. Desde la estabilizaci\u00f3n de salsas hasta la mejora de la textura de productos congelados, desarrollamos soluciones innovadoras que optimizan tanto la funcionalidad como la rentabilidad. <\/p>\n\n\n\n<h4 data-scroll-class=\"fadeInUpSmall\" class=\"wp-block-heading has-medium-font-size\"><strong>Pruebas de aplicaci\u00f3n para garantizar los resultados<\/strong><\/h4>\n\n\n\n<p data-scroll-class=\"fadeInUpSmall\">Probamos rigurosamente cada formulaci\u00f3n en laboratorios de \u00faltima generaci\u00f3n bajo la supervisi\u00f3n de expertos. Ya se trate de productos l\u00e1cteos, carne, salsas o alimentos para mascotas, nos aseguramos de que nuestras soluciones se ajusten perfectamente a las necesidades de su aplicaci\u00f3n. <\/p>\n\n<\/div>\n\t\t\t<\/div>\n\t\t<\/div>\n\n\t<\/div>\n<\/div>\n\n\n<!-- Media Combo - Media Combo -->\n\n\n\n\n\n<div  class=\"block__media-combo \/  is-block theme-light theme-light-bg pt-lg pb-md\">\n\t<div class=\"container\">\n\n\t\t<div class=\"flex flex-col items-start gap-gutter-lg \/ lg:grid lg:grid-cols-12 lg:gap-x-gutter-xl\">\n\t\t\t<div class=\"lg:col-span-6 \" data-scroll-class='fadeInUpBig'>\n\t\t\t\t\t\t\t\t\t\n\t\t\t\t\n\t<picture class=\"\" data-media-id=\"1279\">\n\t\t<source media=\"(min-width:1280px)\" srcset=\"https:\/\/agi-sa.fr\/wp-content\/uploads\/2025\/01\/Image-Fixed-Aspect-Ratio.webp\">\n\t\t<source media=\"(min-width:1024px)\" srcset=\"https:\/\/agi-sa.fr\/wp-content\/uploads\/2025\/01\/Image-Fixed-Aspect-Ratio.webp\">\n\t\t<source media=\"(min-width:600px)\" srcset=\"https:\/\/agi-sa.fr\/wp-content\/uploads\/2025\/01\/Image-Fixed-Aspect-Ratio.webp\">\n\n\t\t\t\t\t<img decoding=\"async\" class=\" md:aspect-auto aspect-auto object-cover w-full\" src=\"https:\/\/agi-sa.fr\/wp-content\/uploads\/2025\/01\/Image-Fixed-Aspect-Ratio.webp\" alt=\"A photo of AGI specialists mixing products\" width=\"630\" height=\"394\" loading=\"lazy\">\n\t\t\n  <\/picture>\n\t\t\t\t\t\t\t<\/div>\n\n\t\t\t<div class=\"lg:col-span-6\" data-scroll-class='fadeInUpBig' data-scroll-delay='200'>\n\t\t\t\t<div class=\"acf-innerblocks-container\">\n\n<h3 data-scroll-class=\"fadeInUpSmall\" class=\"wp-block-heading\">Servicios adaptados a sus <\/h3>\n\n\n\n<h4 data-scroll-class=\"fadeInUpSmall\" class=\"wp-block-heading has-medium-font-size\">Formulaciones a medida <\/h4>\n\n\n\n<p data-scroll-class=\"fadeInUpSmall\">Desarrollamos mezclas de ingredientes personalizadas dise\u00f1adas para diferenciar sus productos. Cada soluci\u00f3n se elabora cuidadosamente para complementar sus recetas \u00fanicas y alcanzar sus objetivos funcionales. <\/p>\n\n\n\n<h4 data-scroll-class=\"fadeInUpSmall\" class=\"wp-block-heading has-medium-font-size\">Elaboraci\u00f3n de recetas en colaboraci\u00f3n <\/h4>\n\n\n\n<p data-scroll-class=\"fadeInUpSmall\">Tanto si crea una nueva receta como si perfecciona una ya existente, le ofrecemos asesoramiento experto para ayudarle a alcanzar sus objetivos de producci\u00f3n, con recomendaciones precisas para mejorar el rendimiento y la eficacia del producto. <\/p>\n\n\n\n<h4 data-scroll-class=\"fadeInUpSmall\" class=\"wp-block-heading has-medium-font-size\">Envasado flexible por contrato <\/h4>\n\n\n\n<p data-scroll-class=\"fadeInUpSmall\">Satisfacemos sus requisitos espec\u00edficos de envasado, proporcionando soluciones a medida para marcas, vol\u00famenes m\u00e1s peque\u00f1os y otras preferencias para adaptarnos perfectamente a sus necesidades operativas. <\/p>\n\n<\/div>\n\t\t\t<\/div>\n\t\t<\/div>\n\n\t<\/div>\n<\/div>\n\n\n<!-- Content Container - Block to add a fixed width to your content -->\n\n<div class=\"block__content-container \/  is-block theme-light theme-light-bg pt-sm pb-sm text-start justify-start\">\n\t<div class=\"container\">\n\t\t<div class=\"acf-innerblocks-container\">\n\n<h3 data-scroll-class=\"fadeInUpSmall\" class=\"wp-block-heading\">Innovaci\u00f3n a trav\u00e9s de la creatividad y la <\/h3>\n\n<\/div>\n\t<\/div>\n<\/div>\n\n\n<!-- Content Container - Block to add a fixed width to your content -->\n\n<div class=\"block__content-container \/  is-block theme-light theme-light-bg pt-0 pb-0 text-start justify-start\">\n\t<div class=\"container\">\n\t\t<div class=\"acf-innerblocks-container\">\n<!-- Columns - Columns -->\n<div class=\"flex flex-col md:flex-row gap-gutter md:gap-gutter block__columns \/  is-block\">\n<!-- Column - Column -->\n<div class=\"block__column \/  is-block text-start justify-start flex-1 md:basis-1\/2\">\n\t<div class=\"acf-innerblocks-container\">\n\n<h4 data-scroll-class=\"fadeInUpSmall\" class=\"wp-block-heading has-medium-font-size\">Investigaci\u00f3n y desarrollo<\/h4>\n\n\n\n<p data-scroll-class=\"fadeInUpSmall\">Para nosotros, la innovaci\u00f3n es m\u00e1s que un objetivo: es un valor que da forma a todo lo que hacemos. Con la audacia y la creatividad a la cabeza, nos esforzamos por ser pioneros en nuevos productos y procesos que aborden retos \u00fanicos y alcazen las expectativas.<\/p>\n\n<\/div>\n<\/div>\n\n\n<!-- Column - Column -->\n<div class=\"block__column \/  is-block text-start justify-start flex-1 md:basis-1\/2\">\n\t<div class=\"acf-innerblocks-container\">\n\n<h4 data-scroll-class=\"fadeInUpSmall\" class=\"wp-block-heading has-medium-font-size\">Herramientas avanzadas para soluciones a medida <\/h4>\n\n\n\n<p data-scroll-class=\"fadeInUpSmall\">Nuestras instalaciones de I+D est\u00e1n equipadas para desarrollar y perfeccionar soluciones para diversas aplicaciones, desde productos l\u00e1cteos y c\u00e1rnicos hasta salsas y m\u00e1s. Ya se trate de pasteurizaci\u00f3n por lotes o continua, nuestras capacidades incluyen un procesamiento UHT flexible con un control preciso del tiempo, la temperatura y la homogeneizaci\u00f3n. Cada paso est\u00e1 dise\u00f1ado para ofrecer una versatilidad y eficacia superiores.<\/p>\n\n<\/div>\n<\/div>\n\n<\/div>\n\n\n<\/div>\n\t<\/div>\n<\/div>\n\n\n<!-- Content Container - Block to add a fixed width to your content -->\n\n<div class=\"block__content-container \/  is-block theme-light theme-light-bg pt-0 pb-sm text-start justify-start\">\n\t<div class=\"container\">\n\t\t<div class=\"acf-innerblocks-container\">\n<!-- Columns - Columns -->\n<div class=\"flex flex-col md:flex-row gap-gutter md:gap-gutter block__columns \/  is-block\">\n<!-- Column - Column -->\n<div class=\"block__column \/  is-block text-start justify-start flex-1 md:basis-1\/2\">\n\t<div class=\"acf-innerblocks-container\">\n\n<h4 data-scroll-class=\"fadeInUpSmall\" class=\"wp-block-heading has-medium-font-size\">Precisi\u00f3n mediante tecnolog\u00eda<\/h4>\n\n\n\n<p data-scroll-class=\"fadeInUpSmall\">Equipados con herramientas de \u00faltima generaci\u00f3n para la caracterizaci\u00f3n de texturas, profundizamos en la ciencia de la viscosidad, la fuerza del gel y la funcionalidad. Al adaptar nuestras formulaciones a las aplicaciones del mundo industrial, garantizamos que nuestras soluciones satisfagan las necesidades de nuestros clientes y de sus consumidores.<\/p>\n\n<\/div>\n<\/div>\n\n\n<!-- Column - Column -->\n<div class=\"block__column \/  is-block text-start justify-start flex-1 md:basis-1\/2\">\n\t<div class=\"acf-innerblocks-container\">\n\n<p data-scroll-class=\"fadeInUpSmall\"><\/p>\n\n<\/div>\n<\/div>\n\n<\/div>\n\n\n<\/div>\n\t<\/div>\n<\/div>\n\n\n<!-- Media Combo - Media Combo -->\n\n\n\n\n\n<div  class=\"block__media-combo \/  is-block theme-light theme-light-bg pt-md pb-md\">\n\t<div class=\"container\">\n\n\t\t<div class=\"flex flex-col items-start gap-gutter-lg \/ lg:grid lg:grid-cols-12 lg:gap-x-gutter-xl\">\n\t\t\t<div class=\"lg:col-span-6 \" data-scroll-class='fadeInUpBig'>\n\t\t\t\t\t\t\t\t\t\n\t\t\t\t\n\t<picture class=\"\" data-media-id=\"1648\">\n\t\t<source media=\"(min-width:1280px)\" srcset=\"https:\/\/agi-sa.fr\/wp-content\/uploads\/2025\/01\/agi-people-reviewing-source-2.webp\">\n\t\t<source media=\"(min-width:1024px)\" srcset=\"https:\/\/agi-sa.fr\/wp-content\/uploads\/2025\/01\/agi-people-reviewing-source-2.webp\">\n\t\t<source media=\"(min-width:600px)\" srcset=\"https:\/\/agi-sa.fr\/wp-content\/uploads\/2025\/01\/agi-people-reviewing-source-2-800x600.webp\">\n\n\t\t\t\t\t<img decoding=\"async\" class=\" md:aspect-auto aspect-auto object-cover w-full\" src=\"https:\/\/agi-sa.fr\/wp-content\/uploads\/2025\/01\/agi-people-reviewing-source-2-800x600.webp\" alt=\"Ingredients being sourced\" width=\"1000\" height=\"750\" loading=\"lazy\">\n\t\t\n  <\/picture>\n\t\t\t\t\t\t\t<\/div>\n\n\t\t\t<div class=\"lg:col-span-6\" data-scroll-class='fadeInUpBig' data-scroll-delay='200'>\n\t\t\t\t<div class=\"acf-innerblocks-container\">\n\n<h3 data-scroll-class=\"fadeInUpSmall\" class=\"wp-block-heading\">Calidad y seguridad alimentaria: Un enfoque riguroso<\/h3>\n\n\n\n<h4 data-scroll-class=\"fadeInUpSmall\" class=\"wp-block-heading has-medium-font-size\">Meticulosa selecci\u00f3n de las materias primas <\/h4>\n\n\n\n<p data-scroll-class=\"fadeInUpSmall\">AGI se adhiere a una filosof\u00eda de calidad sin concesiones. Seleccionamos cuidadosamente las materias primas de proveedores ejemplares, garantizando que en nuestras f\u00f3rmulas s\u00f3lo se utilicen los mejores ingredientes. <\/p>\n\n\n\n<h4 data-scroll-class=\"fadeInUpSmall\" class=\"wp-block-heading has-medium-font-size\">Inspecciones exhaustivas para una garant\u00eda total <\/h4>\n\n\n\n<p data-scroll-class=\"fadeInUpSmall\">Cada paso de nuestro proceso se rige por estrictos controles de calidad. Las materias primas se inspeccionan rigurosamente antes de su uso, y ning\u00fan producto sale de nuestras instalaciones sin someterse a una minuciosa inspecci\u00f3n final. Estas medidas, llevadas a cabo por laboratorios internos y externos, garantizan la seguridad e integridad de nuestras soluciones. <\/p>\n\n\n\n<h4 data-scroll-class=\"fadeInUpSmall\" class=\"wp-block-heading has-medium-font-size\">Cumplimiento de las normas m\u00e1s estrictas <\/h4>\n\n\n\n<p data-scroll-class=\"fadeInUpSmall\">Nuestros procesos de producci\u00f3n cumplen o superan las normas de referencia del sector y se adhieren a las normas HACCP, ISO 9001 y FSSC 22000. Estas certificaciones, junto con nuestro avanzado sistema de gesti\u00f3n ERP, garantizan la trazabilidad inmediata de todos los productos. Todas nuestras soluciones son tambi\u00e9n aptas para aplicaciones Halal y Kosher.<\/p>\n\n<\/div>\n\t\t\t<\/div>\n\t\t<\/div>\n\n\t<\/div>\n<\/div>\n\n\n<!-- Qu\u00e9 hacemos - Find out more -->\n\n<div class=\"block__find-out-more \/  is-block theme-dark theme-dark-bg py\">\n\t<div class=\"container\">\n\n\t\t<div class=\"flex flex-col md:grid grid-cols-12 md:items-center gap-gutter\">\n\t\t\t<div class=\"col-span-6 lg:col-span-4\">\n\t\t\t\t<div class=\"acf-innerblocks-container\">\n\n<h2 data-scroll-class=\"fadeInUpSmall\" class=\"wp-block-heading\">M\u00e1s informaci\u00f3n <mark style=\"background-color:rgba(0, 0, 0, 0)\" class=\"has-inline-color has-green-140-color\">sobre AGI<\/mark>\u00a0<\/h2>\n\n<\/div>\n\t\t\t<\/div>\n\n\t\t\t<div class=\"col-span-6 lg:col-span-8 \/ flex flex-col lg:grid grid-cols-2 gap-gutter\">\n\t\t\t\t\t\t\t\t\t\n\n<div data-scroll-class=\"fadeInUpBig\" data-scroll-delay=\"100\" class=\"\">\n\n\t<a class=\"group link flex flex-col gap-gutter justify-between p theme-white-bg hover:shadow-lg transition \" href=\"https:\/\/agi-sa.fr\/es\/carreras-profesionales\/\">\n\n\t\t<h3 class=\"h4 break-words transition mb-0 text-green-100 group-hover:text-blue-100\">Carreras en AGI <\/h3>\n\n\t\t\t<p class=\"hidden lg:flex mb-0 min-h-120\">Explore la vida en AGI y descubra c\u00f3mo puede dar el siguiente paso en su carrera con nosotros, trabajando como parte de un equipo colaborativo que valora la innovaci\u00f3n y prioriza el crecimiento personal. <\/p>\n\t\n\t\t<div class=\"flex justify-end\">\n\t\t\t\n<button tabindex=\"-1\" id=\"\" type=\"\" class=\"btn-circle group-hover:bg-blue-100\" >\n\n\t<span class=\"sr-only\">\n\t\tCarreras en AGI \n\t<\/span>\n\n\t<span class=\"btn-icon\">\n\t\t<span class=\"btn-icon-inner\"><\/span>\n\t<\/span>\n\n<\/button>\n\n\t\t<\/div>\n\n\t<\/a>\n<\/div>\n\n\t\t\t\t\t\t\t\t\t\t\n\n<div data-scroll-class=\"fadeInUpBig\" data-scroll-delay=\"200\" class=\"lg:mt-72\">\n\n\t<a class=\"group link flex flex-col gap-gutter justify-between p theme-white-bg hover:shadow-lg transition \" href=\"https:\/\/agi-sa.fr\/es\/productos\/\">\n\n\t\t<h3 class=\"h4 break-words transition mb-0 text-green-100 group-hover:text-blue-100\">Nuestros productos <\/h3>\n\n\t\t\t<p class=\"hidden lg:flex mb-0 min-h-120\">Descubra nuestra amplia gama de innovadoras soluciones de texturizaci\u00f3n que pueden utilizarse para una gran variedad de aplicaciones en los sectores de alimentaci\u00f3n y bebidas, cosm\u00e9tica, farmacia, alimentos para mascotas y t\u00e9cnico.  <\/p>\n\t\n\t\t<div class=\"flex justify-end\">\n\t\t\t\n<button tabindex=\"-1\" id=\"\" type=\"\" class=\"btn-circle group-hover:bg-blue-100\" >\n\n\t<span class=\"sr-only\">\n\t\tNuestros productos \n\t<\/span>\n\n\t<span class=\"btn-icon\">\n\t\t<span class=\"btn-icon-inner\"><\/span>\n\t<\/span>\n\n<\/button>\n\n\t\t<\/div>\n\n\t<\/a>\n<\/div>\n\n\t\t\t\t\n\t\t\t<\/div>\n\t\t<\/div>\n\n\t<\/div>\n<\/div>\n","protected":false},"excerpt":{"rendered":"","protected":false},"author":4,"featured_media":0,"parent":0,"menu_order":0,"comment_status":"closed","ping_status":"closed","template":"","meta":{"_acf_changed":false,"inline_featured_image":false,"footnotes":""},"class_list":["post-2253","page","type-page","status-publish","hentry"],"acf":[],"_links":{"self":[{"href":"https:\/\/agi-sa.fr\/es\/wp-json\/wp\/v2\/pages\/2253","targetHints":{"allow":["GET"]}}],"collection":[{"href":"https:\/\/agi-sa.fr\/es\/wp-json\/wp\/v2\/pages"}],"about":[{"href":"https:\/\/agi-sa.fr\/es\/wp-json\/wp\/v2\/types\/page"}],"author":[{"embeddable":true,"href":"https:\/\/agi-sa.fr\/es\/wp-json\/wp\/v2\/users\/4"}],"replies":[{"embeddable":true,"href":"https:\/\/agi-sa.fr\/es\/wp-json\/wp\/v2\/comments?post=2253"}],"version-history":[{"count":0,"href":"https:\/\/agi-sa.fr\/es\/wp-json\/wp\/v2\/pages\/2253\/revisions"}],"wp:attachment":[{"href":"https:\/\/agi-sa.fr\/es\/wp-json\/wp\/v2\/media?parent=2253"}],"curies":[{"name":"wp","href":"https:\/\/api.w.org\/{rel}","templated":true}]}}