{"id":296,"date":"2024-11-26T22:03:17","date_gmt":"2024-11-26T22:03:17","guid":{"rendered":"https:\/\/agi-sa.fr\/?page_id=296"},"modified":"2025-03-11T09:53:01","modified_gmt":"2025-03-11T09:53:01","slug":"sobre-nosotros","status":"publish","type":"page","link":"https:\/\/agi-sa.fr\/es\/sobre-nosotros\/","title":{"rendered":"Sobre nosotros"},"content":{"rendered":"<!-- Hero Banner - Hero Banner at the top of the page -->\n\n\n<div id=\"site-banner\" class=\"block__hero-banner \/  is-block theme-white theme-white-bg overflow-hidden md-down:pb-40\">\n\t<div class=\"container md:py-gutter\">\n\t\t<div class=\"flex flex-col \/ md:gap-gutter-xl md:grid md:grid-flow-col md:auto-cols-fr md:items-center md:min-h-banner-hero\">\n\n\t\t\t<div class=\"flex-stack gap-gutter justify-center order-2 max-w-banner-hero-width \/ md:order-1 \/ mt-gutter md:mt-0\">\n\t\t\t\t\t\t\t\t<p class=\"text-subtitle\" data-scroll-class='fadeInUpSmall' data-scroll-delay='200'>\n\t\t\t\t\tSOBRE NOSOTROS \n\t\t\t\t<\/p>\n\t\t\t\t\n\t\t\t\t<div class=\"has-text-lg text-balance\" data-scroll-class='fadeInUpSmall' data-scroll-delay='400'>\n\t\t\t\t\t<div class=\"flex-stack gap-24\">\n\n<h1 data-scroll-class=\"fadeInUpSmall\" class=\"wp-block-heading\">Soluciones <mark style=\"background-color:rgba(0, 0, 0, 0)\" class=\"has-inline-color has-green-100-color\">texturizantes a medida<\/mark> para cada necesidad&nbsp;<\/h1>\n\n\n\n<p data-scroll-class=\"fadeInUpSmall\">AGI apuesta por la innovaci\u00f3n, la experiencia y la flexibilidad. Todos nuestros productos -tanto est\u00e1ndar como personalizados- se desarrollan desde nuestras instalaciones en Francia para garantizar la m\u00e1xima calidad y el riguroso cumplimiento de las especificaciones del cliente. \u00bfCu\u00e1l es el resultado? Ofrecemos soluciones de texturantes de confianza en las que nuestros clientes pueden confiar.&nbsp;&nbsp;<\/p>\n\n\n<!-- Sobre nosotros - A group of buttons -->\n\n<div class=\"block__buttons \/  is-block pt-0 pb-0 \/ flex flex-row justify-start gap-gutter-sm flex-wrap\" data-scroll-class='fadeInUpSmall'>\n\t\n\t\n\n\t\n\t\t\t\t\t<a  href=\"https:\/\/agi-sa.fr\/es\/que-hacemos\/\" id=\"block_63a5ee3bb4b3ccb64389910aba343c7d\" class=\"btn-text \" target=\"\">\n\n\t<span class=\"btn-icon\">\n\t\t<span class=\"btn-icon-inner\"><\/span>\n\t<\/span>\n\n\tQu\u00e9 hacemos\n\n<\/a>\n\n\t\t\n\t\t\n\t\n\n<\/div>\n\n<\/div>\n\t\t\t\t<\/div>\n\t\t\t<\/div>\n\n\n\t\t\t\n\n\t\t<\/div>\n\t<\/div>\n<\/div>\n\n<script>\nvar body = document.body;\nbody.classList.add(\"has-banner\");\n<\/script>\n\n\n<!-- Media Combo - Media Combo -->\n\n\n\n\n\n<div  class=\"block__media-combo \/  is-block theme-light theme-light-bg pt-md pb-md\">\n\t<div class=\"container\">\n\n\t\t<div class=\"flex flex-col items-center gap-gutter-lg \/ lg:grid lg:grid-cols-12 lg:gap-x-gutter-xl\">\n\t\t\t<div class=\"lg:col-span-6 order-last\" data-scroll-class='fadeInUpBig'>\n\t\t\t\t\t\t\t\t\t\n\t\t\t\t\n\t<picture class=\"\" data-media-id=\"1372\">\n\t\t<source media=\"(min-width:1280px)\" srcset=\"https:\/\/agi-sa.fr\/wp-content\/uploads\/2025\/01\/agi-lab-image-001.webp\">\n\t\t<source media=\"(min-width:1024px)\" srcset=\"https:\/\/agi-sa.fr\/wp-content\/uploads\/2025\/01\/agi-lab-image-001.webp\">\n\t\t<source media=\"(min-width:600px)\" srcset=\"https:\/\/agi-sa.fr\/wp-content\/uploads\/2025\/01\/agi-lab-image-001.webp\">\n\n\t\t\t\t\t<img decoding=\"async\" class=\" md:aspect-landscape aspect-square object-cover w-full\" src=\"https:\/\/agi-sa.fr\/wp-content\/uploads\/2025\/01\/agi-lab-image-001.webp\" alt=\"Photo of an AGI labratory\" loading=\"lazy\">\n\t\t\n  <\/picture>\n\t\t\t\t\t\t\t<\/div>\n\n\t\t\t<div class=\"lg:col-span-6\" data-scroll-class='fadeInUpBig' data-scroll-delay='200'>\n\t\t\t\t<div class=\"acf-innerblocks-container\">\n\n<h2 data-scroll-class=\"fadeInUpSmall\" class=\"wp-block-heading\">Nuestra experiencia&nbsp;<\/h2>\n\n\n\n<p data-scroll-class=\"fadeInUpSmall\">AGI est\u00e1 especializada en el dise\u00f1o y la fabricaci\u00f3n de mezclas de ingredientes funcionales que cumplen las normas m\u00e1s estrictas de calidad y rendimiento. Nuestra experiencia radica en la creaci\u00f3n de texturizantes, espesantes y estabilizantes vegetales adaptados a las necesidades espec\u00edficas de nuestros clientes. Desde el desarrollo \u00e1gil de productos hasta la experiencia en servicio t\u00e9cnico, destacamos en la elaboraci\u00f3n de soluciones a medida que se ajustan a los requisitos de nuestros clientes.&nbsp;&nbsp;<\/p>\n\n<\/div>\n\t\t\t<\/div>\n\t\t<\/div>\n\n\t<\/div>\n<\/div>\n\n\n<!-- Media Combo - Media Combo -->\n\n\n\n\n\n<div  class=\"block__media-combo \/  is-block theme-light theme-light-bg pt-md pb-md\">\n\t<div class=\"container\">\n\n\t\t<div class=\"flex flex-col items-center gap-gutter-lg \/ lg:grid lg:grid-cols-12 lg:gap-x-gutter-xl\">\n\t\t\t<div class=\"lg:col-span-6 \" data-scroll-class='fadeInUpBig'>\n\t\t\t\t\t\t\t\t\t\n\t\t\t\t\n\t<picture class=\"\" data-media-id=\"1381\">\n\t\t<source media=\"(min-width:1280px)\" srcset=\"https:\/\/agi-sa.fr\/wp-content\/uploads\/2025\/01\/6b95663b-e74c-44c2-b23f-1a203adc59ed-1920x1440.webp\">\n\t\t<source media=\"(min-width:1024px)\" srcset=\"https:\/\/agi-sa.fr\/wp-content\/uploads\/2025\/01\/6b95663b-e74c-44c2-b23f-1a203adc59ed-1024x768.webp\">\n\t\t<source media=\"(min-width:600px)\" srcset=\"https:\/\/agi-sa.fr\/wp-content\/uploads\/2025\/01\/6b95663b-e74c-44c2-b23f-1a203adc59ed-800x600.webp\">\n\n\t\t\t\t\t<img decoding=\"async\" class=\" md:aspect-landscape aspect-square object-cover w-full\" src=\"https:\/\/agi-sa.fr\/wp-content\/uploads\/2025\/01\/6b95663b-e74c-44c2-b23f-1a203adc59ed-800x600.webp\" alt=\"AGI team in the lab\" loading=\"lazy\">\n\t\t\n  <\/picture>\n\t\t\t\t\t\t\t<\/div>\n\n\t\t\t<div class=\"lg:col-span-6\" data-scroll-class='fadeInUpBig' data-scroll-delay='200'>\n\t\t\t\t<div class=\"acf-innerblocks-container\">\n\n<h2 data-scroll-class=\"fadeInUpSmall\" class=\"wp-block-heading\">Qui\u00e9nes<strong>&nbsp;<\/strong>&nbsp;<\/h2>\n\n\n\n<p data-scroll-class=\"fadeInUpSmall\">AGI se fund\u00f3 en el a\u00f1o 2000 como una peque\u00f1a empresa familiar y se ha convertido en un l\u00edder mundial en la formulaci\u00f3n y producci\u00f3n de espesantes y gelificantes de origen vegetal. AGI alberga en la regi\u00f3n de Par\u00eds unas instalaciones integradas que combinan producci\u00f3n, laboratorio y operaciones de I+D, lo que permite una colaboraci\u00f3n e innovaci\u00f3n robusta.&nbsp;<\/p>\n\n\n\n<p data-scroll-class=\"fadeInUpSmall\">En 2024, AGI pas\u00f3 a formar parte de <a href=\"https:\/\/www.jungbunzlauer.com\/\" target=\"_blank\" rel=\"noreferrer noopener\">Jungbunzlauer<\/a> AG, l\u00edder mundial en ingredientes sostenibles de alta calidad derivados de fuentes vegetales. Formar parte de Jungbunzlauer&nbsp; ha reforzado la capacidad de AGI para ofrecer productos y soluciones superiores en diversos sectores, como el alimentario, el de mascotas, el cosm\u00e9tico y el industrial.<\/p>\n\n<\/div>\n\t\t\t<\/div>\n\t\t<\/div>\n\n\t<\/div>\n<\/div>\n\n\n<!-- Media Combo - Media Combo -->\n\n\n\n\n\n<div  class=\"block__media-combo \/  is-block theme-light theme-light-bg pt-md pb-md\">\n\t<div class=\"container\">\n\n\t\t<div class=\"flex flex-col items-center gap-gutter-lg \/ lg:grid lg:grid-cols-12 lg:gap-x-gutter-xl\">\n\t\t\t<div class=\"lg:col-span-6 order-last\" data-scroll-class='fadeInUpBig'>\n\t\t\t\t\t\t\t\t\t\n\t\t\t\t\n\t<picture class=\"\" data-media-id=\"1652\">\n\t\t<source media=\"(min-width:1280px)\" srcset=\"https:\/\/agi-sa.fr\/wp-content\/uploads\/2025\/01\/lab-image-004-1920x1537.webp\">\n\t\t<source media=\"(min-width:1024px)\" srcset=\"https:\/\/agi-sa.fr\/wp-content\/uploads\/2025\/01\/lab-image-004-1024x819.webp\">\n\t\t<source media=\"(min-width:600px)\" srcset=\"https:\/\/agi-sa.fr\/wp-content\/uploads\/2025\/01\/lab-image-004-800x640.webp\">\n\n\t\t\t\t\t<img decoding=\"async\" class=\" md:aspect-landscape aspect-square object-cover w-full\" src=\"https:\/\/agi-sa.fr\/wp-content\/uploads\/2025\/01\/lab-image-004-800x640.webp\" alt=\"A woman working in a lab\" width=\"2158\" height=\"1727\" loading=\"lazy\">\n\t\t\n  <\/picture>\n\t\t\t\t\t\t\t<\/div>\n\n\t\t\t<div class=\"lg:col-span-6\" data-scroll-class='fadeInUpBig' data-scroll-delay='200'>\n\t\t\t\t<div class=\"acf-innerblocks-container\">\n\n<h2 data-scroll-class=\"fadeInUpSmall\" class=\"wp-block-heading\">Nuestra<strong> <\/strong>misi\u00f3n&nbsp;<\/h2>\n\n\n\n<p data-scroll-class=\"fadeInUpSmall\">En AGI, nuestra misi\u00f3n es clara: proporcionar productos y servicios que ofrezcan excelencia. Nos enorgullecemos de escuchar a nuestros clientes, comprender sus necesidades espec\u00edficas y ofrecer soluciones personalizadas de alta calidad. Con un equipo de cient\u00edficos dedicados y profesionales de la industria, aportamos innovaci\u00f3n, experiencia y flexibilidad a cada asociaci\u00f3n.&nbsp;<\/p>\n\n<\/div>\n\t\t\t<\/div>\n\t\t<\/div>\n\n\t<\/div>\n<\/div>\n\n\n<!-- Media Combo - Media Combo -->\n\n\n\n\n\n<div  class=\"block__media-combo \/  is-block theme-light theme-light-bg pt-md pb-md\">\n\t<div class=\"container\">\n\n\t\t<div class=\"flex flex-col items-center gap-gutter-lg \/ lg:grid lg:grid-cols-12 lg:gap-x-gutter-xl\">\n\t\t\t<div class=\"lg:col-span-6 \" data-scroll-class='fadeInUpBig'>\n\t\t\t\t\t\t\t\t\t\n\t\t\t\t\n\t<picture class=\"\" data-media-id=\"1648\">\n\t\t<source media=\"(min-width:1280px)\" srcset=\"https:\/\/agi-sa.fr\/wp-content\/uploads\/2025\/01\/agi-people-reviewing-source-2.webp\">\n\t\t<source media=\"(min-width:1024px)\" srcset=\"https:\/\/agi-sa.fr\/wp-content\/uploads\/2025\/01\/agi-people-reviewing-source-2.webp\">\n\t\t<source media=\"(min-width:600px)\" srcset=\"https:\/\/agi-sa.fr\/wp-content\/uploads\/2025\/01\/agi-people-reviewing-source-2-800x600.webp\">\n\n\t\t\t\t\t<img decoding=\"async\" class=\" md:aspect-landscape aspect-square object-cover w-full\" src=\"https:\/\/agi-sa.fr\/wp-content\/uploads\/2025\/01\/agi-people-reviewing-source-2-800x600.webp\" alt=\"Ingredients being sourced\" loading=\"lazy\">\n\t\t\n  <\/picture>\n\t\t\t\t\t\t\t<\/div>\n\n\t\t\t<div class=\"lg:col-span-6\" data-scroll-class='fadeInUpBig' data-scroll-delay='200'>\n\t\t\t\t<div class=\"acf-innerblocks-container\">\n\n<h2 data-scroll-class=\"fadeInUpSmall\" class=\"wp-block-heading\">\u00bfPor qu\u00e9 elegir AGI?&nbsp;<\/h2>\n\n\n\n<p data-scroll-class=\"fadeInUpSmall\"><strong>Rendimiento optimizado<\/strong>: Soluciones de texturizaci\u00f3n que mejoran la textura y estabilidad, asegurando consistencia y rentabilidad.&nbsp;<br><strong>Integraci\u00f3n facilitada<\/strong>: Dise\u00f1adas para funcionar sin problemas dentro de los procesos de fabricaci\u00f3n existentes.&nbsp;<br><strong>Soporte t\u00e9cnico experto<\/strong>: Acelere el desarrollo de recetas, agilice las introducciones de productos y optimice procesos.&nbsp;<br><strong>Aseguramiento de calidad certificado<\/strong>: Certificaciones ISO 9001 y FSSC 22000 garantizan trazabilidad completa y una cadena logistica confiable.<br><strong>Asociaci\u00f3n confiable<\/strong>: Un compromiso a largo plazo de colaboraci\u00f3n estrecha con proveedores y clientes.&nbsp;&nbsp;<br><\/p>\n\n\n\n<p data-scroll-class=\"fadeInUpSmall\">Cuando usted elige AGI, usted colabora con una compa\u00f1\u00eda dedicada a la innovaci\u00f3n, al control total, y a la flexibilidad. Nuestro objetivo es proponer las soluciones que usted necesita, con calidad en la que usted puede confiar.<\/p>\n\n<\/div>\n\t\t\t<\/div>\n\t\t<\/div>\n\n\t<\/div>\n<\/div>\n\n\n<!-- Content Container - Block to add a fixed width to your content -->\n\n<div class=\"block__content-container \/  is-block theme-light theme-light-bg pt-lg pb-lg text-start justify-start\">\n\t<div class=\"container\">\n\t\t<div class=\"acf-innerblocks-container\">\n<!-- Testimonial - Testimonial -->\n\n<div class=\"block__testimonial \/  is-block theme-white theme-white-bg has-overlap \/ flex flex-col gap-gutter-lg justify-center items-center text-center py px-gutter\" role=\"complementary\" aria-label=\"Testimonial\">\n\n\t<svg width=\"42\" height=\"37\" viewBox=\"0 0 42 37\" fill=\"none\" xmlns=\"http:\/\/www.w3.org\/2000\/svg\">\n<path d=\"M41.7362 8.12518C39.1762 9.06384 37.2135 10.5145 35.8482 12.4772C34.5682 14.4398 33.9282 16.7865 33.9282 19.5172H41.7362V36.7972H25.7362V19.5172C25.7362 17.1278 26.1628 14.9092 27.0162 12.8612C27.8695 10.8132 29.0215 9.02118 30.4722 7.48518C31.9228 5.86384 33.5868 4.49851 35.4642 3.38918C37.4268 2.27984 39.5175 1.38384 41.7362 0.701172V8.12518ZM16.2642 8.12518C13.7042 9.06384 11.7415 10.5145 10.3762 12.4772C9.09616 14.4398 8.45616 16.7865 8.45616 19.5172H16.2642V36.7972H0.26416V19.5172C0.26416 17.1278 0.690827 14.9092 1.54416 12.8612C2.39749 10.8132 3.54949 9.02118 5.00016 7.48518C6.45083 5.86384 8.11483 4.49851 9.99216 3.38918C11.9548 2.27984 14.0455 1.38384 16.2642 0.701172V8.12518Z\" fill=\"currentColor\"\/>\n<\/svg>\n\n\t<div class=\"h3 max-w-[960px] *:leading-tight\" aria-live=\"polite\">\n\t\t<div class=\"acf-innerblocks-container\">\n\n<p data-scroll-class=\"fadeInUpSmall\">Seminario muy enriquecedor desde un punto de vista te\u00f3rico, su Centro de Desarrollo de Aplicaciones es genial, <mark style=\"background-color:rgba(0, 0, 0, 0)\" class=\"has-inline-color has-green-100-color\">muy personal, muy disponible y muy acogedor.<\/mark> Gracias. Gracias nuevamente a todo su equipo por la bienvenida y el programa muy completo del d\u00eda, estamos muy satisfechos.\u00a0<\/p>\n\n<\/div>\n\t<\/div>\n\n\t<div class=\"flex flex-col gap-gutter-sm md:flex-row md:gap-gutter items-center text-start\" aria-labelledby=\"testimonialName\" aria-describedby=\"testimonialTitle\">\n\n\t\t<figure data-scroll-class='fadeIn' data-scroll-delay='600'>\n\t\t\t\t\t<\/figure>\n\n\t\t<div class=\"text-center md:text-left\" data-scroll-class='fadeIn' data-scroll-delay='600'>\n\t\t\t<strong class=\"uppercase\" id=\"testimonialName\">\n\t\t\t\t\n\t\t\t<\/strong>\n\t\t\t<br>\n\t\t\t<span class=\"text-gray-50\" id=\"testimonialTitle\">\n\t\t\t\tFabricante de productos l\u00e1cteos \n\t\t\t<\/span>\n\t\t<\/div>\n\n\t<\/div>\n\n<\/div>\n\n<\/div>\n\t<\/div>\n<\/div>\n\n\n<!-- Introduction - Introduction block -->\n\n\t\n\n<div class=\"block__introduction \/  is-block theme-dark theme-dark-bg pt-lg pb-md has-text-lg\">\n\t<div class=\"container\">\n\t\t<div class=\"flex flex-col gap-gutter \/ lg:grid lg:grid-flow-col lg:auto-cols-fr\">\n\n\t\t\t<div class=\"flex-stack gap-24\">\n\n<h3 data-scroll-class=\"fadeInUpSmall\" class=\"wp-block-heading has-xx-large-font-size\">Una <mark style=\"background-color:rgba(0, 0, 0, 0)\" class=\"has-inline-color has-green-140-color\">carrera en innovaci\u00f3n<\/mark>, donde puedes tener un impacto&nbsp;<\/h3>\n\n<\/div>\n\n\t\t\t<div class=\"flex-stack gap-24\" data-scroll-class='fadeIn' data-scroll-delay='600'>\n\t\t\t\t<p><span class=\"TextRun SCXW124594470 BCX0\" lang=\"ES-ES\" xml:lang=\"ES-ES\" data-contrast=\"none\"><span class=\"NormalTextRun SCXW124594470 BCX0\">Como <\/span><\/span><span class=\"TrackedChange SCXW124594470 BCX0\"><span class=\"TextRun SCXW124594470 BCX0\" lang=\"ES-ES\" xml:lang=\"ES-ES\" data-contrast=\"none\"><span class=\"NormalTextRun SCXW124594470 BCX0\">AGI<\/span><\/span><\/span><span class=\"TrackedChange SCXW124594470 BCX0\"><span class=\"TextRun SCXW124594470 BCX0\" lang=\"ES-ES\" xml:lang=\"ES-ES\" data-contrast=\"none\"><span class=\"NormalTextRun SCXW124594470 BCX0\">, <\/span><\/span><\/span><span class=\"TrackedChange SCXW124594470 BCX0\"><span class=\"TextRun SCXW124594470 BCX0\" lang=\"ES-ES\" xml:lang=\"ES-ES\" data-contrast=\"none\"><span class=\"NormalTextRun SCXW124594470 BCX0\">creemos que <\/span><\/span><\/span><span class=\"TrackedChange SCXW124594470 BCX0\"><span class=\"TextRun SCXW124594470 BCX0\" lang=\"ES-ES\" xml:lang=\"ES-ES\" data-contrast=\"none\"><span class=\"NormalTextRun SCXW124594470 BCX0\">trabajamos mejor <\/span><\/span><\/span><span class=\"TrackedChange SCXW124594470 BCX0\"><span class=\"TextRun SCXW124594470 BCX0\" lang=\"ES-ES\" xml:lang=\"ES-ES\" data-contrast=\"none\"><span class=\"NormalTextRun SCXW124594470 BCX0\">cuando <\/span><\/span><\/span><span class=\"TrackedChange SCXW124594470 BCX0\"><span class=\"TextRun SCXW124594470 BCX0\" lang=\"ES-ES\" xml:lang=\"ES-ES\" data-contrast=\"none\"><span class=\"NormalTextRun SCXW124594470 BCX0\">trabajamos <\/span><\/span><\/span><span class=\"TrackedChange SCXW124594470 BCX0\"><span class=\"TextRun SCXW124594470 BCX0\" lang=\"ES-ES\" xml:lang=\"ES-ES\" data-contrast=\"none\"><span class=\"NormalTextRun SCXW124594470 BCX0\">juntos<\/span><\/span><\/span><span class=\"TrackedChange SCXW124594470 BCX0\"><span class=\"TextRun SCXW124594470 BCX0\" lang=\"ES-ES\" xml:lang=\"ES-ES\" data-contrast=\"none\"><span class=\"NormalTextRun SCXW124594470 BCX0\">. Por eso afrontamos nuevos retos <\/span><\/span><\/span><span class=\"TrackedChange SCXW124594470 BCX0\"><span class=\"TextRun SCXW124594470 BCX0\" lang=\"ES-ES\" xml:lang=\"ES-ES\" data-contrast=\"none\"><span class=\"NormalTextRun SCXW124594470 BCX0\">como <\/span><\/span><\/span><span class=\"TrackedChange SCXW124594470 BCX0\"><span class=\"TextRun SCXW124594470 BCX0\" lang=\"ES-ES\" xml:lang=\"ES-ES\" data-contrast=\"none\"><span class=\"NormalTextRun SCXW124594470 BCX0\">un equipo de colaboraci\u00f3n con <\/span><\/span><\/span><span class=\"TrackedChange SCXW124594470 BCX0\"><span class=\"TextRun SCXW124594470 BCX0\" lang=\"ES-ES\" xml:lang=\"ES-ES\" data-contrast=\"none\"><span class=\"NormalTextRun SCXW124594470 BCX0\">la misi\u00f3n <\/span><\/span><\/span><span class=\"TrackedChange SCXW124594470 BCX0\"><span class=\"TextRun SCXW124594470 BCX0\" lang=\"ES-ES\" xml:lang=\"ES-ES\" data-contrast=\"none\"><span class=\"NormalTextRun SCXW124594470 BCX0\">de <\/span><\/span><\/span><span class=\"TrackedChange SCXW124594470 BCX0\"><span class=\"TextRun SCXW124594470 BCX0\" lang=\"ES-ES\" xml:lang=\"ES-ES\" data-contrast=\"none\"><span class=\"NormalTextRun SCXW124594470 BCX0\">impulsar la innovaci\u00f3n <\/span><\/span><\/span><span class=\"TrackedChange SCXW124594470 BCX0\"><span class=\"TextRun SCXW124594470 BCX0\" lang=\"ES-ES\" xml:lang=\"ES-ES\" data-contrast=\"none\"><span class=\"NormalTextRun SCXW124594470 BCX0\">y ofrecer una calidad excepcional<\/span><\/span><\/span><span class=\"TrackedChange SCXW124594470 BCX0\"><span class=\"TextRun SCXW124594470 BCX0\" lang=\"ES-ES\" xml:lang=\"ES-ES\" data-contrast=\"none\"><span class=\"NormalTextRun SCXW124594470 BCX0\">. <\/span><\/span><\/span><span class=\"TrackedChange SCXW124594470 BCX0\"><span class=\"TextRun SCXW124594470 BCX0\" lang=\"ES-ES\" xml:lang=\"ES-ES\" data-contrast=\"none\"><span class=\"NormalTextRun SCXW124594470 BCX0\">Descubra m\u00e1s sobre <\/span><\/span><\/span><span class=\"TrackedChange SCXW124594470 BCX0\"><span class=\"TextRun SCXW124594470 BCX0\" lang=\"ES-ES\" xml:lang=\"ES-ES\" data-contrast=\"none\"><span class=\"NormalTextRun SCXW124594470 BCX0\">la vida en AGI <\/span><\/span><\/span><span class=\"TrackedChange SCXW124594470 BCX0\"><span class=\"TextRun SCXW124594470 BCX0\" lang=\"ES-ES\" xml:lang=\"ES-ES\" data-contrast=\"none\"><span class=\"NormalTextRun SCXW124594470 BCX0\">y las habilidades que buscamos en las personas que empleamos. \u00a0<\/span><\/span><\/span><span class=\"EOP TrackedChange SCXW124594470 BCX0\" data-ccp-props=\"{&quot;201341983&quot;:2,&quot;335559739&quot;:4,&quot;335559740&quot;:250}\">\u00a0<\/span><\/p>\n\n\n\t\t\t\t\t\t\t\t\t<div>\n\t\t\t\t\t\t\n\t\t\t\t\t\t\n<a href=\"https:\/\/agi-sa.fr\/es\/carreras-profesionales\/\" id=\"block_153218510e70775174e2b5d24b0f8fd3\" class=\"btn inline-flex \" target=\"\">\n\n\t<span class=\"btn-inner\">\n\n\t\t\t\t<svg width=\"8\" height=\"12\" viewBox=\"0 0 8 12\"  xmlns=\"http:\/\/www.w3.org\/2000\/svg\">\n<path  d=\"M0 0.294643L5.7737 5.94643V6.05357L0 11.7054V12H2.07951L8 6.24107V5.75893L2.07951 0H0V0.294643Z\"  fill=\"currentColor\" \/>\n<\/svg>\n\t\n\tCarreras en AGI\n\n\t\n\t<\/span>\n\n<\/a>\n\n\t\t\n\t\t\t\n\n\t\n\n\t\t\t\t\t<\/div>\n\t\t\t\t\n\t\t\t<\/div>\n\n\t\t<\/div>\n\t<\/div>\n<\/div>\n\n","protected":false},"excerpt":{"rendered":"","protected":false},"author":2,"featured_media":0,"parent":0,"menu_order":0,"comment_status":"closed","ping_status":"closed","template":"","meta":{"_acf_changed":false,"inline_featured_image":false,"footnotes":""},"class_list":["post-296","page","type-page","status-publish","hentry"],"acf":[],"_links":{"self":[{"href":"https:\/\/agi-sa.fr\/es\/wp-json\/wp\/v2\/pages\/296","targetHints":{"allow":["GET"]}}],"collection":[{"href":"https:\/\/agi-sa.fr\/es\/wp-json\/wp\/v2\/pages"}],"about":[{"href":"https:\/\/agi-sa.fr\/es\/wp-json\/wp\/v2\/types\/page"}],"author":[{"embeddable":true,"href":"https:\/\/agi-sa.fr\/es\/wp-json\/wp\/v2\/users\/2"}],"replies":[{"embeddable":true,"href":"https:\/\/agi-sa.fr\/es\/wp-json\/wp\/v2\/comments?post=296"}],"version-history":[{"count":0,"href":"https:\/\/agi-sa.fr\/es\/wp-json\/wp\/v2\/pages\/296\/revisions"}],"wp:attachment":[{"href":"https:\/\/agi-sa.fr\/es\/wp-json\/wp\/v2\/media?parent=296"}],"curies":[{"name":"wp","href":"https:\/\/api.w.org\/{rel}","templated":true}]}}