{"id":1707,"date":"2024-11-28T11:23:30","date_gmt":"2024-11-28T11:23:30","guid":{"rendered":"https:\/\/agi-sa.fr\/applications\/"},"modified":"2025-03-11T08:40:05","modified_gmt":"2025-03-11T08:40:05","slug":"applications","status":"publish","type":"page","link":"https:\/\/agi-sa.fr\/fr\/applications\/","title":{"rendered":"Applications"},"content":{"rendered":"<!-- Hero Banner - Hero Banner at the top of the page -->\n\n\n<div id=\"site-banner\" class=\"block__hero-banner \/  is-block theme-white theme-white-bg overflow-hidden md-down:pb-40\">\n\t<div class=\"container md:py-gutter\">\n\t\t<div class=\"flex flex-col \/ md:gap-gutter-xl md:grid md:grid-flow-col md:auto-cols-fr md:items-center md:min-h-banner-hero\">\n\n\t\t\t<div class=\"flex-stack gap-gutter justify-center order-2 max-w-banner-hero-width \/ md:order-1 \/ mt-gutter md:mt-0\">\n\t\t\t\t\t\t\t\t<p class=\"text-subtitle\" data-scroll-class='fadeInUpSmall' data-scroll-delay='200'>\n\t\t\t\t\tApplications\n\t\t\t\t<\/p>\n\t\t\t\t\n\t\t\t\t<div class=\"has-text-lg text-balance\" data-scroll-class='fadeInUpSmall' data-scroll-delay='400'>\n\t\t\t\t\t<div class=\"flex-stack gap-24\">\n\n<h1 data-scroll-class=\"fadeInUpSmall\" class=\"wp-block-heading\"><mark style=\"background-color:rgba(0, 0, 0, 0)\" class=\"has-inline-color has-green-100-color\">Am\u00e9liorer<\/mark> les produits avec AGI&nbsp;<\/h1>\n\n\n\n<p data-scroll-class=\"fadeInUpSmall\">Nous fournissons des solutions de texture sur mesure qui r\u00e9pondent aux divers besoins des industriels, notamment de l\u2019industrie agroalimentaire et de l\u2019alimentation pour animaux de compagnie. Notre engagement envers la qualit\u00e9 et notre support technique d\u00e9di\u00e9 vous permettent de cr\u00e9er des produits exceptionnels, que vous travailliez avec de la viande, des produits laitiers ou des sauces. Explorez les possibilit\u00e9s infinies de nos formulations et faites passer votre production alimentaire au niveau sup\u00e9rieur.\u00a0<\/p>\n\n\n<!-- Applications - A group of buttons -->\n\n<div class=\"block__buttons \/  is-block pt-0 pb-sm \/ flex flex-row justify-start gap-gutter-sm flex-wrap\" data-scroll-class='fadeInUpSmall'>\n\t\n\t\n\n\t\n\t\t\t\t\t<a  href=\"https:\/\/agi-sa.fr\/fr\/ce-que-nous-faisons\/\" id=\"block_8bc1734ef35f6cfbae4a826418c5ce2e\" class=\"btn-text \" target=\"\">\n\n\t<span class=\"btn-icon\">\n\t\t<span class=\"btn-icon-inner\"><\/span>\n\t<\/span>\n\n\tCe que nous faisons\n\n<\/a>\n\n\t\t\n\t\t\n\t\n\n<\/div>\n\n<\/div>\n\t\t\t\t<\/div>\n\t\t\t<\/div>\n\n\n\t\t\t\n\n\t\t<\/div>\n\t<\/div>\n<\/div>\n\n<script>\nvar body = document.body;\nbody.classList.add(\"has-banner\");\n<\/script>\n\n\n<!-- Content Container - Block to add a fixed width to your content -->\n\n<div class=\"block__content-container \/  is-block theme-light theme-light-bg pt-md pb-lg text-start justify-start\">\n\t<div class=\"container\">\n\t\t<div class=\"acf-innerblocks-container\">\n<!-- Applications - Application Categories -->\n\n<div class=\"block__application-categories \/  is-block pt-0 pb-lg\">\n\t<div class=\"flex flex-col sm:grid sm:grid-cols-2 xl:grid-cols-4 gap-gutter\">\n\t\t\t\t\t<a href=\"https:\/\/agi-sa.fr\/fr\/applications\/alimentation\/\"\n\tclass=\"group\/product \/  flex flex-col bg-white \/ hover:text-blue-100 hover:no-underline\"\n\tdata-scroll-class=\"\"\n\tdata-scroll-delay=\"100\"\n\tid=\"post-1711\">\n\n<div class=\"hover:shadow-lg transition-shadow duration-300\">\n\n\t<figure class=\"aspect-square overflow-hidden bg-gray-10\">\n\t\t\t\n\t\t\t\t\n\t\t\t<img decoding=\"async\" class=\"aspect-square object-cover object-center min-w-[200px] \/ group-hover\/product:scale-110 duration-slow\" src=\"https:\/\/agi-sa.fr\/wp-content\/uploads\/2025\/01\/25-Gluten-free-Brownies-500x389.webp\" alt=\"Alimentation\" width=\"2500\" height=\"1944\" loading=\"lazy\">\n\t\t\t<\/figure>\n\n\t<h3 class=\"text-lg md:h5 mb-0 p-16 min-h-[6rem]\">\n\t\tAlimentation\n\t<\/h3>\n\n<\/div>\n\n<\/a>\n\t\t\t\t\t<a href=\"https:\/\/agi-sa.fr\/fr\/applications\/aliments-pour-animaux-de-compagnie\/\"\n\tclass=\"group\/product \/  flex flex-col bg-white \/ hover:text-blue-100 hover:no-underline\"\n\tdata-scroll-class=\"\"\n\tdata-scroll-delay=\"200\"\n\tid=\"post-1713\">\n\n<div class=\"hover:shadow-lg transition-shadow duration-300\">\n\n\t<figure class=\"aspect-square overflow-hidden bg-gray-10\">\n\t\t\t\n\t\t\t\t\n\t\t\t<img decoding=\"async\" class=\"aspect-square object-cover object-center min-w-[200px] \/ group-hover\/product:scale-110 duration-slow\" src=\"https:\/\/agi-sa.fr\/wp-content\/uploads\/2025\/01\/30-Dry-Pet-Food-500x389.webp\" alt=\"Aliments pour animaux de compagnie\" width=\"2500\" height=\"1944\" loading=\"lazy\">\n\t\t\t<\/figure>\n\n\t<h3 class=\"text-lg md:h5 mb-0 p-16 min-h-[6rem]\">\n\t\tAliments pour animaux de compagnie\n\t<\/h3>\n\n<\/div>\n\n<\/a>\n\t\t\t\t\t<a href=\"https:\/\/agi-sa.fr\/fr\/applications\/produits-dhygiene-et-cosmetique\/\"\n\tclass=\"group\/product \/  flex flex-col bg-white \/ hover:text-blue-100 hover:no-underline\"\n\tdata-scroll-class=\"\"\n\tdata-scroll-delay=\"300\"\n\tid=\"post-1709\">\n\n<div class=\"hover:shadow-lg transition-shadow duration-300\">\n\n\t<figure class=\"aspect-square overflow-hidden bg-gray-10\">\n\t\t\t\n\t\t\t\t\n\t\t\t<img decoding=\"async\" class=\"aspect-square object-cover object-center min-w-[200px] \/ group-hover\/product:scale-110 duration-slow\" src=\"https:\/\/agi-sa.fr\/wp-content\/uploads\/2025\/01\/37-Moisturizer-cream-500x389.webp\" alt=\"Produits d\u2019hygi\u00e8ne et cosm\u00e9tique\" width=\"1000\" height=\"778\" loading=\"lazy\">\n\t\t\t<\/figure>\n\n\t<h3 class=\"text-lg md:h5 mb-0 p-16 min-h-[6rem]\">\n\t\tProduits d\u2019hygi\u00e8ne et cosm\u00e9tique\n\t<\/h3>\n\n<\/div>\n\n<\/a>\n\t\t\t\t\t<a href=\"https:\/\/agi-sa.fr\/fr\/applications\/technique\/\"\n\tclass=\"group\/product \/  flex flex-col bg-white \/ hover:text-blue-100 hover:no-underline\"\n\tdata-scroll-class=\"\"\n\tdata-scroll-delay=\"400\"\n\tid=\"post-1717\">\n\n<div class=\"hover:shadow-lg transition-shadow duration-300\">\n\n\t<figure class=\"aspect-square overflow-hidden bg-gray-10\">\n\t\t\t\n\t\t\t\t\n\t\t\t<img decoding=\"async\" class=\"aspect-square object-cover object-center min-w-[200px] \/ group-hover\/product:scale-110 duration-slow\" src=\"https:\/\/agi-sa.fr\/wp-content\/uploads\/2025\/01\/39-Air-freshner-500x389.webp\" alt=\"Technique\" width=\"1000\" height=\"778\" loading=\"lazy\">\n\t\t\t<\/figure>\n\n\t<h3 class=\"text-lg md:h5 mb-0 p-16 min-h-[6rem]\">\n\t\tTechnique\n\t<\/h3>\n\n<\/div>\n\n<\/a>\n\t\t\t<\/div>\n\n<\/div>\n\n\n<!-- Testimonial - Testimonial -->\n\n<div class=\"block__testimonial \/  is-block theme-white theme-white-bg has-overlap \/ flex flex-col gap-gutter-lg justify-center items-center text-center py px-gutter\" role=\"complementary\" aria-label=\"Testimonial\">\n\n\t<svg width=\"42\" height=\"37\" viewBox=\"0 0 42 37\" fill=\"none\" xmlns=\"http:\/\/www.w3.org\/2000\/svg\">\n<path d=\"M41.7362 8.12518C39.1762 9.06384 37.2135 10.5145 35.8482 12.4772C34.5682 14.4398 33.9282 16.7865 33.9282 19.5172H41.7362V36.7972H25.7362V19.5172C25.7362 17.1278 26.1628 14.9092 27.0162 12.8612C27.8695 10.8132 29.0215 9.02118 30.4722 7.48518C31.9228 5.86384 33.5868 4.49851 35.4642 3.38918C37.4268 2.27984 39.5175 1.38384 41.7362 0.701172V8.12518ZM16.2642 8.12518C13.7042 9.06384 11.7415 10.5145 10.3762 12.4772C9.09616 14.4398 8.45616 16.7865 8.45616 19.5172H16.2642V36.7972H0.26416V19.5172C0.26416 17.1278 0.690827 14.9092 1.54416 12.8612C2.39749 10.8132 3.54949 9.02118 5.00016 7.48518C6.45083 5.86384 8.11483 4.49851 9.99216 3.38918C11.9548 2.27984 14.0455 1.38384 16.2642 0.701172V8.12518Z\" fill=\"currentColor\"\/>\n<\/svg>\n\n\t<div class=\"h3 max-w-[960px] *:leading-tight\" aria-live=\"polite\">\n\t\t<div class=\"acf-innerblocks-container\">\n\n<p data-scroll-class=\"fadeInUpSmall\"><mark style=\"background-color:rgba(0, 0, 0, 0)\" class=\"has-inline-color has-green-100-color\">\u00c9change int\u00e9ressant, simple, franc et convivial<\/mark> (comme toujours !). Journ\u00e9e tr\u00e8s int\u00e9ressante car elle permet de voir comment AGI travaille, votre expertise, quel mat\u00e9riel vous avez \u00e0 disposition (autant sur l&rsquo;analytique que sur le centre d\u2019application R&amp;D ), discuter sur les m\u00e9thodes de fabrications&#8230;<\/p>\n\n<\/div>\n\t<\/div>\n\n\t<div class=\"flex flex-col gap-gutter-sm md:flex-row md:gap-gutter items-center text-start\" aria-labelledby=\"testimonialName\" aria-describedby=\"testimonialTitle\">\n\n\t\t<figure data-scroll-class='fadeIn' data-scroll-delay='600'>\n\t\t\t\t\t<\/figure>\n\n\t\t<div class=\"text-center md:text-left\" data-scroll-class='fadeIn' data-scroll-delay='600'>\n\t\t\t<strong class=\"uppercase\" id=\"testimonialName\">\n\t\t\t\tClient d\u2019analogue v\u00e9g\u00e9tal\n\t\t\t<\/strong>\n\t\t\t<br>\n\t\t\t<span class=\"text-gray-50\" id=\"testimonialTitle\">\n\t\t\t\tChef de projet R&amp;D\n\t\t\t<\/span>\n\t\t<\/div>\n\n\t<\/div>\n\n<\/div>\n\n<\/div>\n\t<\/div>\n<\/div>\n\n\n<!-- Applications - Find out more -->\n\n<div class=\"block__find-out-more \/  is-block theme-dark theme-dark-bg py\">\n\t<div class=\"container\">\n\n\t\t<div class=\"flex flex-col md:grid grid-cols-12 md:items-center gap-gutter\">\n\t\t\t<div class=\"col-span-6 lg:col-span-4\">\n\t\t\t\t<div class=\"acf-innerblocks-container\">\n\n<h2 data-scroll-class=\"fadeInUpSmall\" class=\"wp-block-heading\">En savoir plus \u00e0 <mark style=\"background-color:rgba(0, 0, 0, 0)\" class=\"has-inline-color has-green-100-color\">propos d&rsquo;AGI<\/mark>&nbsp;<\/h2>\n\n<\/div>\n\t\t\t<\/div>\n\n\t\t\t<div class=\"col-span-6 lg:col-span-8 \/ flex flex-col lg:grid grid-cols-2 gap-gutter\">\n\t\t\t\t\t\t\t\t\t\n\n<div data-scroll-class=\"fadeInUpBig\" data-scroll-delay=\"100\" class=\"\">\n\n\t<a class=\"group link flex flex-col gap-gutter justify-between p theme-white-bg hover:shadow-lg transition \" href=\"https:\/\/agi-sa.fr\/fr\/contact\/\">\n\n\t\t<h3 class=\"h4 break-words transition mb-0 text-green-100 group-hover:text-blue-100\">Consulter un expert AGI  <\/h3>\n\n\t\t\t<p class=\"hidden lg:flex mb-0 min-h-120\">Contactez notre \u00e9quipe d\u2019experts d\u00e8s aujourd\u2019hui et d\u00e9couvrez pourquoides industriels  du monde entier nous choisissent comme partenaire  pour les solutions de texture. <\/p>\n\t\n\t\t<div class=\"flex justify-end\">\n\t\t\t\n<button tabindex=\"-1\" id=\"\" type=\"\" class=\"btn-circle group-hover:bg-blue-100\" >\n\n\t<span class=\"sr-only\">\n\t\tConsulter un expert AGI  \n\t<\/span>\n\n\t<span class=\"btn-icon\">\n\t\t<span class=\"btn-icon-inner\"><\/span>\n\t<\/span>\n\n<\/button>\n\n\t\t<\/div>\n\n\t<\/a>\n<\/div>\n\n\t\t\t\t\t\t\t\t\t\t\n\n<div data-scroll-class=\"fadeInUpBig\" data-scroll-delay=\"200\" class=\"lg:mt-72\">\n\n\t<a class=\"group link flex flex-col gap-gutter justify-between p theme-white-bg hover:shadow-lg transition \" href=\"https:\/\/agi-sa.fr\/fr\/produits\/\">\n\n\t\t<h3 class=\"h4 break-words transition mb-0 text-green-100 group-hover:text-blue-100\">Nos produits  <\/h3>\n\n\t\t\t<p class=\"hidden lg:flex mb-0 min-h-120\">D\u00e9couvrez notre gamme compl\u00e8te de solutions de texture, qui peuvent \u00eatre personnalis\u00e9es pour chaque application industrielle. <\/p>\n\t\n\t\t<div class=\"flex justify-end\">\n\t\t\t\n<button tabindex=\"-1\" id=\"\" type=\"\" class=\"btn-circle group-hover:bg-blue-100\" >\n\n\t<span class=\"sr-only\">\n\t\tNos produits  \n\t<\/span>\n\n\t<span class=\"btn-icon\">\n\t\t<span class=\"btn-icon-inner\"><\/span>\n\t<\/span>\n\n<\/button>\n\n\t\t<\/div>\n\n\t<\/a>\n<\/div>\n\n\t\t\t\t\n\t\t\t<\/div>\n\t\t<\/div>\n\n\t<\/div>\n<\/div>\n","protected":false},"excerpt":{"rendered":"","protected":false},"author":4,"featured_media":0,"parent":0,"menu_order":0,"comment_status":"closed","ping_status":"closed","template":"","meta":{"_acf_changed":false,"inline_featured_image":false,"footnotes":""},"class_list":["post-1707","page","type-page","status-publish","hentry"],"acf":[],"_links":{"self":[{"href":"https:\/\/agi-sa.fr\/fr\/wp-json\/wp\/v2\/pages\/1707","targetHints":{"allow":["GET"]}}],"collection":[{"href":"https:\/\/agi-sa.fr\/fr\/wp-json\/wp\/v2\/pages"}],"about":[{"href":"https:\/\/agi-sa.fr\/fr\/wp-json\/wp\/v2\/types\/page"}],"author":[{"embeddable":true,"href":"https:\/\/agi-sa.fr\/fr\/wp-json\/wp\/v2\/users\/4"}],"replies":[{"embeddable":true,"href":"https:\/\/agi-sa.fr\/fr\/wp-json\/wp\/v2\/comments?post=1707"}],"version-history":[{"count":0,"href":"https:\/\/agi-sa.fr\/fr\/wp-json\/wp\/v2\/pages\/1707\/revisions"}],"wp:attachment":[{"href":"https:\/\/agi-sa.fr\/fr\/wp-json\/wp\/v2\/media?parent=1707"}],"curies":[{"name":"wp","href":"https:\/\/api.w.org\/{rel}","templated":true}]}}