{"id":1713,"date":"2024-12-17T18:26:47","date_gmt":"2024-12-17T18:26:47","guid":{"rendered":"https:\/\/agi-sa.fr\/applications\/aliments-pour-animaux-et-animaux-de-compagnie\/"},"modified":"2025-03-11T10:17:16","modified_gmt":"2025-03-11T10:17:16","slug":"aliments-pour-animaux-de-compagnie","status":"publish","type":"page","link":"https:\/\/agi-sa.fr\/fr\/applications\/aliments-pour-animaux-de-compagnie\/","title":{"rendered":"Aliments pour animaux de compagnie"},"content":{"rendered":"<!-- Hero Banner - Hero Banner at the top of the page -->\n\n\n<div id=\"site-banner\" class=\"block__hero-banner \/  is-block theme-white theme-white-bg overflow-hidden md-down:pb-40\">\n\t<div class=\"container md:py-gutter\">\n\t\t<div class=\"flex flex-col \/ md:gap-gutter-xl md:grid md:grid-flow-col md:auto-cols-fr md:items-center md:min-h-banner-hero\">\n\n\t\t\t<div class=\"flex-stack gap-gutter justify-center order-2 max-w-banner-hero-width \/ md:order-1 \/ mt-gutter md:mt-0\">\n\t\t\t\t\t\t\t\t<p class=\"text-subtitle\" data-scroll-class='fadeInUpSmall' data-scroll-delay='200'>\n\t\t\t\t\tApplications\n\t\t\t\t<\/p>\n\t\t\t\t\n\t\t\t\t<div class=\"has-text-lg text-balance\" data-scroll-class='fadeInUpSmall' data-scroll-delay='400'>\n\t\t\t\t\t<div class=\"flex-stack gap-24\">\n\n<h1 data-scroll-class=\"fadeInUpSmall\" class=\"wp-block-heading\">Aliments pour <mark style=\"background-color:rgba(0, 0, 0, 0)\" class=\"has-inline-color has-green-100-color\">animaux de compagnie<\/mark><\/h1>\n\n\n\n<p data-scroll-class=\"fadeInUpSmall\">Am\u00e9liorez l\u2019efficacit\u00e9 de la production tout en r\u00e9pondant aux besoins nutritionnels des animaux de compagnie gr\u00e2ce \u00e0 nos solutions de texture innovantes. Qu\u2019il s\u2019agisse d\u2019aliments humides, de p\u00e2t\u00e9s, de produits secs ou de morceaux reconstitu\u00e9s, nos formulations sur mesure peuvent vous aider \u00e0 am\u00e9liorer la texture, la stabilit\u00e9 et la qualit\u00e9 de vos aliments pour animaux de compagnie.&nbsp;<\/p>\n\n\n<!-- Aliments pour animaux de compagnie - A group of buttons -->\n\n<div class=\"block__buttons \/  is-block pt-0 pb-0 \/ flex flex-row justify-start gap-gutter-sm flex-wrap\" data-scroll-class='fadeInUpSmall'>\n\t\n\t\n\n\t\n\t\t\t\t\t<a  href=\"https:\/\/agi-sa.fr\/fr\/contact\/\" id=\"block_bf26f05e13b03288168af91eeb6c579f\" class=\"btn-text \" target=\"\">\n\n\t<span class=\"btn-icon\">\n\t\t<span class=\"btn-icon-inner\"><\/span>\n\t<\/span>\n\n\tContactez-nous\n\n<\/a>\n\n\t\t\n\t\t\n\t\n\n<\/div>\n\n<\/div>\n\t\t\t\t<\/div>\n\t\t\t<\/div>\n\n\n\t\t\t\n\n\t\t<\/div>\n\t<\/div>\n<\/div>\n\n<script>\nvar body = document.body;\nbody.classList.add(\"has-banner\");\n<\/script>\n\n\n<!-- Content Container - Block to add a fixed width to your content -->\n\n<div class=\"block__content-container \/  is-block theme-light theme-light-bg pt-lg pb-lg text-start justify-start\">\n\t<div class=\"container\">\n\t\t<div class=\"acf-innerblocks-container\">\n<!-- Aliments pour animaux de compagnie - Application Accordion -->\n\n<div class=\"block__application-accordion \/  is-block\" role=\"region\" aria-label=\"Accordion\">\n\n\n\t\n\t\t\t<div class=\"accordion__item group\/accordion border-b border-gray-10\" data-scroll-class=\"fadeInUpSmall\" data-scroll-delay=\"\" role=\"group\">\n\t\t\t<button class=\"accordion__item-header \/ w-full cursor-pointer flex gap-gutter justify-between items-center py-24\" role=\"button\" aria-controls=\"faq-answer-1\">\n\n\t\t\t<div class=\"btn-circle accordion__icon-open group-hover\/accordion:bg-blue-100\">\n\t\t\t\t<svg width=\"24\" height=\"24\" viewBox=\"0 0 24 24\" fill=\"none\" xmlns=\"http:\/\/www.w3.org\/2000\/svg\">\n<path d=\"M12 5V19\" stroke=\"currentColor\" stroke-width=\"2\" stroke-linecap=\"square\"\/>\n<path d=\"M5 12H19\" stroke=\"currentColor\" stroke-width=\"2\" stroke-linecap=\"square\"\/>\n<\/svg>\n\t\t\t<\/div>\n\t\t\t<div class=\"btn-circle accordion__icon-close group-hover\/accordion:bg-blue-100\">\n\t\t\t\t<svg width=\"24\" height=\"24\" viewBox=\"0 0 24 24\" fill=\"none\" xmlns=\"http:\/\/www.w3.org\/2000\/svg\">\n<path d=\"M5 12H19\" stroke=\"currentColor\" stroke-width=\"2\" stroke-linecap=\"square\"\/>\n<\/svg>\n\t\t\t<\/div>\n\n\t\t\t<h2 class=\"h6 mb-0 text-start flex-1 group-hover\/accordion:text-blue-100\">Croquettes<\/h2>\n\n\t\t<\/button>\n\t\n\t\t\t<div id=\"faq-answer-1\" class=\"accordion__item-content \/ transition-all duration-500 ease-in-out md:pl-64\" role=\"region\" aria-labelledby=\"faq-question-1\">\n\t\t\t\t\t\t\t<div class=\"flex flex-col lg:grid grid-cols-12 gap-gutter lg:gap-gutter-xl mb-gutter-lg\">\n\n\t<div class=\"col-span-6\">\n\n\t\t\t\t\t\n\t\t\t\t\n\t\t\t<img decoding=\"async\" class=\"aspect-video object-cover object-center mb-gutter\" src=\"https:\/\/agi-sa.fr\/wp-content\/uploads\/2025\/01\/30-Dry-Pet-Food-1024x796.webp\" alt=\"Croquettes\" width=\"2500\" height=\"1944\" loading=\"lazy\">\n\t\t\t\n\t\t<div class=\"text-lg *:animate-none *:opacity-100 *:transform-none\">\n\t\t\t\n<p data-scroll-class=\"fadeInUpSmall\">L\u2019utilisation du psyllium dans les croquettes pour animaux de compagnie peut aider les animaux \u00e0 se sentir rassasi\u00e9s plus vite et plus longtemps. Cela en fait un ingr\u00e9dient tr\u00e8s utile dans les produits di\u00e9t\u00e9tiques, o\u00f9 il agit comme un agent de sati\u00e9t\u00e9.<\/p>\n\n\t\t<\/div>\n\t<\/div>\n\n\n\t<div class=\"col-span-6\">\n\t\t<h2 class=\"text-subtitle mb-gutter\">Produits associ\u00e9s<\/h2>\n\n\t\t<div class=\"gap-gutter-sm md:gap-gutter \/ grid grid-cols-2 sm:grid-cols-3 md:grid-cols-4 lg:grid-cols-3\">\n\t\t\t\t\t\t\t<a href=\"https:\/\/agi-sa.fr\/fr\/produits\/psyllium\/\"\n\tclass=\"group\/product \/  flex flex-col bg-white \/ hover:text-blue-100 hover:no-underline\"\n\tdata-scroll-class=\"\"\n\tdata-scroll-delay=\"\"\n\tid=\"post-1739\">\n\n<div class=\"hover:shadow-lg transition-shadow duration-300\">\n\n\t<figure class=\"aspect-square overflow-hidden bg-gray-10\">\n\t\t\t\n\t\t\t\t\n\t\t\t<img decoding=\"async\" class=\"aspect-square object-cover object-center min-w-[200px] \/ group-hover\/product:scale-110 duration-slow\" src=\"https:\/\/agi-sa.fr\/wp-content\/uploads\/2025\/01\/08-Psyllium-1-500x389.webp\" alt=\"Psyllium\" width=\"2304\" height=\"1792\" loading=\"lazy\">\n\t\t\t<\/figure>\n\n\t<h3 class=\"text-lg md:h5 mb-0 p-16 \">\n\t\tPsyllium\n\t<\/h3>\n\n<\/div>\n\n<\/a>\n\t\t\t\t\t<\/div>\n\n\t<\/div>\n\n\n<\/div>\n\t\t\t\t\t<\/div>\n\t<\/div>\n\n\n\n\n\t\t\t<div class=\"accordion__item group\/accordion border-b border-gray-10\" data-scroll-class=\"fadeInUpSmall\" data-scroll-delay=\"\" role=\"group\">\n\t\t\t<button class=\"accordion__item-header \/ w-full cursor-pointer flex gap-gutter justify-between items-center py-24\" role=\"button\" aria-controls=\"faq-answer-2\">\n\n\t\t\t<div class=\"btn-circle accordion__icon-open group-hover\/accordion:bg-blue-100\">\n\t\t\t\t<svg width=\"24\" height=\"24\" viewBox=\"0 0 24 24\" fill=\"none\" xmlns=\"http:\/\/www.w3.org\/2000\/svg\">\n<path d=\"M12 5V19\" stroke=\"currentColor\" stroke-width=\"2\" stroke-linecap=\"square\"\/>\n<path d=\"M5 12H19\" stroke=\"currentColor\" stroke-width=\"2\" stroke-linecap=\"square\"\/>\n<\/svg>\n\t\t\t<\/div>\n\t\t\t<div class=\"btn-circle accordion__icon-close group-hover\/accordion:bg-blue-100\">\n\t\t\t\t<svg width=\"24\" height=\"24\" viewBox=\"0 0 24 24\" fill=\"none\" xmlns=\"http:\/\/www.w3.org\/2000\/svg\">\n<path d=\"M5 12H19\" stroke=\"currentColor\" stroke-width=\"2\" stroke-linecap=\"square\"\/>\n<\/svg>\n\t\t\t<\/div>\n\n\t\t\t<h2 class=\"h6 mb-0 text-start flex-1 group-hover\/accordion:text-blue-100\">Morceaux reconstitu\u00e9s<\/h2>\n\n\t\t<\/button>\n\t\n\t\t\t<div id=\"faq-answer-2\" class=\"accordion__item-content \/ transition-all duration-500 ease-in-out md:pl-64\" role=\"region\" aria-labelledby=\"faq-question-2\">\n\t\t\t\t\t\t\t<div class=\"flex flex-col lg:grid grid-cols-12 gap-gutter lg:gap-gutter-xl mb-gutter-lg\">\n\n\t<div class=\"col-span-6\">\n\n\t\t\t\t\t\n\t\t\t\t\n\t\t\t<img decoding=\"async\" class=\"aspect-video object-cover object-center mb-gutter\" src=\"https:\/\/agi-sa.fr\/wp-content\/uploads\/2025\/01\/29-Chunks-of-pet-food-in-sauce.webp\" alt=\"Morceaux reconstitu\u00e9s\" width=\"1000\" height=\"778\" loading=\"lazy\">\n\t\t\t\n\t\t<div class=\"text-lg *:animate-none *:opacity-100 *:transform-none\">\n\t\t\t\n<p data-scroll-class=\"fadeInUpSmall\">Assurez-vous que votre produit contient des morceaux de viande uniformes qui conservent leur forme. Nos syst\u00e8mes innovants permettent de reconstituer des morceaux de viande homog\u00e8nes, qui sont utilisables dans la production d\u2019aliments pour animaux de compagnie.<\/p>\n\n\t\t<\/div>\n\t<\/div>\n\n\n\t<div class=\"col-span-6\">\n\t\t<h2 class=\"text-subtitle mb-gutter\">Produits associ\u00e9s<\/h2>\n\n\t\t<div class=\"gap-gutter-sm md:gap-gutter \/ grid grid-cols-2 sm:grid-cols-3 md:grid-cols-4 lg:grid-cols-3\">\n\t\t\t\t\t\t\t<a href=\"https:\/\/agi-sa.fr\/fr\/produits\/matalgin\/\"\n\tclass=\"group\/product \/  flex flex-col bg-white \/ hover:text-blue-100 hover:no-underline\"\n\tdata-scroll-class=\"\"\n\tdata-scroll-delay=\"\"\n\tid=\"post-1736\">\n\n<div class=\"hover:shadow-lg transition-shadow duration-300\">\n\n\t<figure class=\"aspect-square overflow-hidden bg-gray-10\">\n\t\t\t\n\t\t\t\t\n\t\t\t<img decoding=\"async\" class=\"aspect-square object-cover object-center min-w-[200px] \/ group-hover\/product:scale-110 duration-slow\" src=\"https:\/\/agi-sa.fr\/wp-content\/uploads\/2024\/11\/13-Matalgin-500x389.webp\" alt=\"Matalgin\" width=\"2304\" height=\"1792\" loading=\"lazy\">\n\t\t\t<\/figure>\n\n\t<h3 class=\"text-lg md:h5 mb-0 p-16 \">\n\t\tMatalgin\n\t<\/h3>\n\n<\/div>\n\n<\/a>\n\t\t\t\t\t<\/div>\n\n\t<\/div>\n\n\n<\/div>\n\t\t\t\t\t<\/div>\n\t<\/div>\n\n\n\n\n\t\t\t<div class=\"accordion__item group\/accordion border-b border-gray-10\" data-scroll-class=\"fadeInUpSmall\" data-scroll-delay=\"\" role=\"group\">\n\t\t\t<button class=\"accordion__item-header \/ w-full cursor-pointer flex gap-gutter justify-between items-center py-24\" role=\"button\" aria-controls=\"faq-answer-3\">\n\n\t\t\t<div class=\"btn-circle accordion__icon-open group-hover\/accordion:bg-blue-100\">\n\t\t\t\t<svg width=\"24\" height=\"24\" viewBox=\"0 0 24 24\" fill=\"none\" xmlns=\"http:\/\/www.w3.org\/2000\/svg\">\n<path d=\"M12 5V19\" stroke=\"currentColor\" stroke-width=\"2\" stroke-linecap=\"square\"\/>\n<path d=\"M5 12H19\" stroke=\"currentColor\" stroke-width=\"2\" stroke-linecap=\"square\"\/>\n<\/svg>\n\t\t\t<\/div>\n\t\t\t<div class=\"btn-circle accordion__icon-close group-hover\/accordion:bg-blue-100\">\n\t\t\t\t<svg width=\"24\" height=\"24\" viewBox=\"0 0 24 24\" fill=\"none\" xmlns=\"http:\/\/www.w3.org\/2000\/svg\">\n<path d=\"M5 12H19\" stroke=\"currentColor\" stroke-width=\"2\" stroke-linecap=\"square\"\/>\n<\/svg>\n\t\t\t<\/div>\n\n\t\t\t<h2 class=\"h6 mb-0 text-start flex-1 group-hover\/accordion:text-blue-100\">P\u00e2t\u00e9s et gel\u00e9es<\/h2>\n\n\t\t<\/button>\n\t\n\t\t\t<div id=\"faq-answer-3\" class=\"accordion__item-content \/ transition-all duration-500 ease-in-out md:pl-64\" role=\"region\" aria-labelledby=\"faq-question-3\">\n\t\t\t\t\t\t\t<div class=\"flex flex-col lg:grid grid-cols-12 gap-gutter lg:gap-gutter-xl mb-gutter-lg\">\n\n\t<div class=\"col-span-6\">\n\n\t\t\t\t\t\n\t\t\t\t\n\t\t\t<img decoding=\"async\" class=\"aspect-video object-cover object-center mb-gutter\" src=\"https:\/\/agi-sa.fr\/wp-content\/uploads\/2025\/01\/14-Pate-Jelly.webp\" alt=\"P\u00e2t\u00e9s et gel\u00e9es\" width=\"1000\" height=\"795\" loading=\"lazy\">\n\t\t\t\n\t\t<div class=\"text-lg *:animate-none *:opacity-100 *:transform-none\">\n\t\t\t\n<p data-scroll-class=\"fadeInUpSmall\">Am\u00e9liorez l\u2019apparence de vos produits finis gr\u00e2ce \u00e0 nos solutions de pointe qui facilitent le processus de remplissage, \u00e9vitent la s\u00e9paration de la graisse, maintiennent une humidit\u00e9 uniforme dans la bo\u00eete et emp\u00eachent la formation de syn\u00e9r\u00e8se. Notre gamme de formulations hydrocollo\u00efdes convient \u00e0 plusieurs textures diff\u00e9rentes, y compris les gels \u00e9lastiques \u00e0 cassants, des gels pouvant \u00eatre tranch\u00e9s ou encore les mousses.<\/p>\n\n\t\t<\/div>\n\t<\/div>\n\n\n\t<div class=\"col-span-6\">\n\t\t<h2 class=\"text-subtitle mb-gutter\">Produits associ\u00e9s<\/h2>\n\n\t\t<div class=\"gap-gutter-sm md:gap-gutter \/ grid grid-cols-2 sm:grid-cols-3 md:grid-cols-4 lg:grid-cols-3\">\n\t\t\t\t\t\t\t<a href=\"https:\/\/agi-sa.fr\/fr\/produits\/matgel\/\"\n\tclass=\"group\/product \/  flex flex-col bg-white \/ hover:text-blue-100 hover:no-underline\"\n\tdata-scroll-class=\"\"\n\tdata-scroll-delay=\"\"\n\tid=\"post-1737\">\n\n<div class=\"hover:shadow-lg transition-shadow duration-300\">\n\n\t<figure class=\"aspect-square overflow-hidden bg-gray-10\">\n\t\t\t\n\t\t\t\t\n\t\t\t<img decoding=\"async\" class=\"aspect-square object-cover object-center min-w-[200px] \/ group-hover\/product:scale-110 duration-slow\" src=\"https:\/\/agi-sa.fr\/wp-content\/uploads\/2025\/01\/15-Matgel-500x389.webp\" alt=\"Matgel\" width=\"2304\" height=\"1792\" loading=\"lazy\">\n\t\t\t<\/figure>\n\n\t<h3 class=\"text-lg md:h5 mb-0 p-16 \">\n\t\tMatgel\n\t<\/h3>\n\n<\/div>\n\n<\/a>\n\t\t\t\t\t<\/div>\n\n\t<\/div>\n\n\n<\/div>\n\t\t\t\t\t<\/div>\n\t<\/div>\n\n\n\n\n\t\t\t<div class=\"accordion__item group\/accordion border-b border-gray-10\" data-scroll-class=\"fadeInUpSmall\" data-scroll-delay=\"\" role=\"group\">\n\t\t\t<button class=\"accordion__item-header \/ w-full cursor-pointer flex gap-gutter justify-between items-center py-24\" role=\"button\" aria-controls=\"faq-answer-4\">\n\n\t\t\t<div class=\"btn-circle accordion__icon-open group-hover\/accordion:bg-blue-100\">\n\t\t\t\t<svg width=\"24\" height=\"24\" viewBox=\"0 0 24 24\" fill=\"none\" xmlns=\"http:\/\/www.w3.org\/2000\/svg\">\n<path d=\"M12 5V19\" stroke=\"currentColor\" stroke-width=\"2\" stroke-linecap=\"square\"\/>\n<path d=\"M5 12H19\" stroke=\"currentColor\" stroke-width=\"2\" stroke-linecap=\"square\"\/>\n<\/svg>\n\t\t\t<\/div>\n\t\t\t<div class=\"btn-circle accordion__icon-close group-hover\/accordion:bg-blue-100\">\n\t\t\t\t<svg width=\"24\" height=\"24\" viewBox=\"0 0 24 24\" fill=\"none\" xmlns=\"http:\/\/www.w3.org\/2000\/svg\">\n<path d=\"M5 12H19\" stroke=\"currentColor\" stroke-width=\"2\" stroke-linecap=\"square\"\/>\n<\/svg>\n\t\t\t<\/div>\n\n\t\t\t<h2 class=\"h6 mb-0 text-start flex-1 group-hover\/accordion:text-blue-100\">Produits en sauce<\/h2>\n\n\t\t<\/button>\n\t\n\t\t\t<div id=\"faq-answer-4\" class=\"accordion__item-content \/ transition-all duration-500 ease-in-out md:pl-64\" role=\"region\" aria-labelledby=\"faq-question-4\">\n\t\t\t\t\t\t\t<div class=\"flex flex-col lg:grid grid-cols-12 gap-gutter lg:gap-gutter-xl mb-gutter-lg\">\n\n\t<div class=\"col-span-6\">\n\n\t\t\t\t\t\n\t\t\t\t\n\t\t\t<img decoding=\"async\" class=\"aspect-video object-cover object-center mb-gutter\" src=\"https:\/\/agi-sa.fr\/wp-content\/uploads\/2025\/01\/28-Sauce-on-pet-food-1024x796.webp\" alt=\"Produits en sauce\" width=\"2500\" height=\"1944\" loading=\"lazy\">\n\t\t\t\n\t\t<div class=\"text-lg *:animate-none *:opacity-100 *:transform-none\">\n\t\t\t\n<p data-scroll-class=\"fadeInUpSmall\">Vous souhaitez obtenir une sauce suffisamment nappante ou \u00e9paisse ? Qui enrobe bien les morceaux de viande? Qui aide au remplissage en pochons ou en boite sans \u00e9claboussures ? Nos systemes texturants vous garantiront ces performances techniques.<\/p>\n\n\t\t<\/div>\n\t<\/div>\n\n\n\t<div class=\"col-span-6\">\n\t\t<h2 class=\"text-subtitle mb-gutter\">Produits associ\u00e9s<\/h2>\n\n\t\t<div class=\"gap-gutter-sm md:gap-gutter \/ grid grid-cols-2 sm:grid-cols-3 md:grid-cols-4 lg:grid-cols-3\">\n\t\t\t\t\t\t\t<a href=\"https:\/\/agi-sa.fr\/fr\/produits\/matgum\/\"\n\tclass=\"group\/product \/  flex flex-col bg-white \/ hover:text-blue-100 hover:no-underline\"\n\tdata-scroll-class=\"\"\n\tdata-scroll-delay=\"\"\n\tid=\"post-1738\">\n\n<div class=\"hover:shadow-lg transition-shadow duration-300\">\n\n\t<figure class=\"aspect-square overflow-hidden bg-gray-10\">\n\t\t\t\n\t\t\t\t\n\t\t\t<img decoding=\"async\" class=\"aspect-square object-cover object-center min-w-[200px] \/ group-hover\/product:scale-110 duration-slow\" src=\"https:\/\/agi-sa.fr\/wp-content\/uploads\/2025\/01\/11-Helia-500x389.webp\" alt=\"Matgum\" width=\"2304\" height=\"1792\" loading=\"lazy\">\n\t\t\t<\/figure>\n\n\t<h3 class=\"text-lg md:h5 mb-0 p-16 \">\n\t\tMatgum\n\t<\/h3>\n\n<\/div>\n\n<\/a>\n\t\t\t\t\t\t\t<a href=\"https:\/\/agi-sa.fr\/fr\/produits\/matvis\/\"\n\tclass=\"group\/product \/  flex flex-col bg-white \/ hover:text-blue-100 hover:no-underline\"\n\tdata-scroll-class=\"\"\n\tdata-scroll-delay=\"\"\n\tid=\"post-1735\">\n\n<div class=\"hover:shadow-lg transition-shadow duration-300\">\n\n\t<figure class=\"aspect-square overflow-hidden bg-gray-10\">\n\t\t\t\n\t\t\t\t\n\t\t\t<img decoding=\"async\" class=\"aspect-square object-cover object-center min-w-[200px] \/ group-hover\/product:scale-110 duration-slow\" src=\"https:\/\/agi-sa.fr\/wp-content\/uploads\/2025\/01\/16-Matvis-500x379.webp\" alt=\"Matvis\" width=\"990\" height=\"751\" loading=\"lazy\">\n\t\t\t<\/figure>\n\n\t<h3 class=\"text-lg md:h5 mb-0 p-16 \">\n\t\tMatvis\n\t<\/h3>\n\n<\/div>\n\n<\/a>\n\t\t\t\t\t<\/div>\n\n\t<\/div>\n\n\n<\/div>\n\t\t\t\t\t<\/div>\n\t<\/div>\n\n\n\n\n\t<\/div>\n\n<\/div>\n\t<\/div>\n<\/div>\n\n\n<!-- Introduction - Introduction block -->\n\n\t\n\n<div class=\"block__introduction \/  is-block theme-dark theme-dark-bg pt-lg pb-lg has-text-lg\">\n\t<div class=\"container\">\n\t\t<div class=\"flex flex-col gap-gutter \/ lg:grid lg:grid-flow-col lg:auto-cols-fr\">\n\n\t\t\t<div class=\"flex-stack gap-24\">\n\n<h2 data-scroll-class=\"fadeInUpSmall\" class=\"wp-block-heading has-xx-large-font-size\">D\u00e9couvrez comment <mark style=\"background-color:rgba(0, 0, 0, 0)\" class=\"has-inline-color has-green-140-color\">nos solutions <\/mark>peuvent vous aider<\/h2>\n\n<\/div>\n\n\t\t\t<div class=\"flex-stack gap-24\" data-scroll-class='fadeIn' data-scroll-delay='600'>\n\t\t\t\t<p><span class=\"TextRun SCXW117664339 BCX0\" lang=\"FR-FR\" xml:lang=\"FR-FR\" data-contrast=\"auto\"><span class=\"NormalTextRun SCXW117664339 BCX0\">Notre \u00e9quipe d\u2019experts est \u00e0 votre disposition pour vous aider \u00e0 trouver les bonnes solutions de texture pour vos <\/span><span class=\"NormalTextRun SCXW117664339 BCX0\">aliments <\/span><span class=\"NormalTextRun SCXW117664339 BCX0\">pour animaux de compagnie. Contactez-nous et d\u00e9couvrez comment nous pouvons vous aider \u00e0 am\u00e9liorer<\/span><span class=\"NormalTextRun SCXW117664339 BCX0\"> la texture de<\/span><span class=\"NormalTextRun SCXW117664339 BCX0\"> vos produits et \u00e0 am\u00e9liorer <\/span><span class=\"NormalTextRun SCXW117664339 BCX0\">leurs<\/span><span class=\"NormalTextRun SCXW117664339 BCX0\"> performances.<\/span><\/span><span class=\"EOP SCXW117664339 BCX0\" data-ccp-props=\"{}\">\u00a0<\/span><\/p>\n\n\n\t\t\t\t\t\t\t\t\t<div>\n\t\t\t\t\t\t\n\t\t\t\t\t\t\n<a href=\"https:\/\/agi-sa.fr\/fr\/contact\/\" id=\"block_85c45ae2d27b1936f86e6d0d469d69ec\" class=\"btn inline-flex \" target=\"\">\n\n\t<span class=\"btn-inner\">\n\n\t\t\t\t<svg width=\"8\" height=\"12\" viewBox=\"0 0 8 12\"  xmlns=\"http:\/\/www.w3.org\/2000\/svg\">\n<path  d=\"M0 0.294643L5.7737 5.94643V6.05357L0 11.7054V12H2.07951L8 6.24107V5.75893L2.07951 0H0V0.294643Z\"  fill=\"currentColor\" \/>\n<\/svg>\n\t\n\tContactez-nous\n\n\t\n\t<\/span>\n\n<\/a>\n\n\t\t\n\t\t\t\n\n\t\n\n\t\t\t\t\t<\/div>\n\t\t\t\t\n\t\t\t<\/div>\n\n\t\t<\/div>\n\t<\/div>\n<\/div>\n\n\n\n<!-- Content Container - Block to add a fixed width to your content -->\n\n<div class=\"block__content-container \/  is-block theme-light theme-light-bg pt-lg pb-lg text-start justify-start\">\n\t<div class=\"container\">\n\t\t<div class=\"acf-innerblocks-container\">\n<!-- Columns - Columns -->\n<div class=\"flex flex-col md:flex-row gap-gutter md:gap-gutter block__columns \/  is-block\">\n<!-- Column - Column -->\n<div class=\"block__column \/  is-block text-start justify-start flex-1 md:basis-1\/3\">\n\t<div class=\"acf-innerblocks-container\">\n\n<h2 data-scroll-class=\"fadeInUpSmall\" class=\"wp-block-heading\">Autres applications<\/h2>\n\n<\/div>\n<\/div>\n\n\n<!-- Column - Column -->\n<div class=\"block__column \/  is-block text-start justify-start flex-1 md:basis-2\/3\">\n\t<div class=\"acf-innerblocks-container\">\n<!-- Aliments pour animaux de compagnie - Application Categories -->\n\n<div class=\"block__application-categories \/  is-block pt-0 pb-0\">\n\t<div class=\"flex flex-col sm:grid sm:grid-cols-2 xl:grid-cols-4 gap-gutter\">\n\t\t\t\t\t<a href=\"https:\/\/agi-sa.fr\/fr\/applications\/alimentation\/\"\n\tclass=\"group\/product \/  flex flex-col bg-white \/ hover:text-blue-100 hover:no-underline\"\n\tdata-scroll-class=\"\"\n\tdata-scroll-delay=\"100\"\n\tid=\"post-1711\">\n\n<div class=\"hover:shadow-lg transition-shadow duration-300\">\n\n\t<figure class=\"aspect-square overflow-hidden bg-gray-10\">\n\t\t\t\n\t\t\t\t\n\t\t\t<img decoding=\"async\" class=\"aspect-square object-cover object-center min-w-[200px] \/ group-hover\/product:scale-110 duration-slow\" src=\"https:\/\/agi-sa.fr\/wp-content\/uploads\/2025\/01\/25-Gluten-free-Brownies-500x389.webp\" alt=\"Alimentation\" width=\"2500\" height=\"1944\" loading=\"lazy\">\n\t\t\t<\/figure>\n\n\t<h3 class=\"text-lg md:h5 mb-0 p-16 min-h-[6rem]\">\n\t\tAlimentation\n\t<\/h3>\n\n<\/div>\n\n<\/a>\n\t\t\t\t\t<a href=\"https:\/\/agi-sa.fr\/fr\/applications\/aliments-pour-animaux-de-compagnie\/\"\n\tclass=\"group\/product \/  flex flex-col bg-white \/ hover:text-blue-100 hover:no-underline\"\n\tdata-scroll-class=\"\"\n\tdata-scroll-delay=\"200\"\n\tid=\"post-1713\">\n\n<div class=\"hover:shadow-lg transition-shadow duration-300\">\n\n\t<figure class=\"aspect-square overflow-hidden bg-gray-10\">\n\t\t\t\n\t\t\t\t\n\t\t\t<img decoding=\"async\" class=\"aspect-square object-cover object-center min-w-[200px] \/ group-hover\/product:scale-110 duration-slow\" src=\"https:\/\/agi-sa.fr\/wp-content\/uploads\/2025\/01\/30-Dry-Pet-Food-500x389.webp\" alt=\"Aliments pour animaux de compagnie\" width=\"2500\" height=\"1944\" loading=\"lazy\">\n\t\t\t<\/figure>\n\n\t<h3 class=\"text-lg md:h5 mb-0 p-16 min-h-[6rem]\">\n\t\tAliments pour animaux de compagnie\n\t<\/h3>\n\n<\/div>\n\n<\/a>\n\t\t\t\t\t<a href=\"https:\/\/agi-sa.fr\/fr\/applications\/produits-dhygiene-et-cosmetique\/\"\n\tclass=\"group\/product \/  flex flex-col bg-white \/ hover:text-blue-100 hover:no-underline\"\n\tdata-scroll-class=\"\"\n\tdata-scroll-delay=\"300\"\n\tid=\"post-1709\">\n\n<div class=\"hover:shadow-lg transition-shadow duration-300\">\n\n\t<figure class=\"aspect-square overflow-hidden bg-gray-10\">\n\t\t\t\n\t\t\t\t\n\t\t\t<img decoding=\"async\" class=\"aspect-square object-cover object-center min-w-[200px] \/ group-hover\/product:scale-110 duration-slow\" src=\"https:\/\/agi-sa.fr\/wp-content\/uploads\/2025\/01\/37-Moisturizer-cream-500x389.webp\" alt=\"Produits d\u2019hygi\u00e8ne et cosm\u00e9tique\" width=\"1000\" height=\"778\" loading=\"lazy\">\n\t\t\t<\/figure>\n\n\t<h3 class=\"text-lg md:h5 mb-0 p-16 min-h-[6rem]\">\n\t\tProduits d\u2019hygi\u00e8ne et cosm\u00e9tique\n\t<\/h3>\n\n<\/div>\n\n<\/a>\n\t\t\t\t\t<a href=\"https:\/\/agi-sa.fr\/fr\/applications\/technique\/\"\n\tclass=\"group\/product \/  flex flex-col bg-white \/ hover:text-blue-100 hover:no-underline\"\n\tdata-scroll-class=\"\"\n\tdata-scroll-delay=\"400\"\n\tid=\"post-1717\">\n\n<div class=\"hover:shadow-lg transition-shadow duration-300\">\n\n\t<figure class=\"aspect-square overflow-hidden bg-gray-10\">\n\t\t\t\n\t\t\t\t\n\t\t\t<img decoding=\"async\" class=\"aspect-square object-cover object-center min-w-[200px] \/ group-hover\/product:scale-110 duration-slow\" src=\"https:\/\/agi-sa.fr\/wp-content\/uploads\/2025\/01\/39-Air-freshner-500x389.webp\" alt=\"Technique\" width=\"1000\" height=\"778\" loading=\"lazy\">\n\t\t\t<\/figure>\n\n\t<h3 class=\"text-lg md:h5 mb-0 p-16 min-h-[6rem]\">\n\t\tTechnique\n\t<\/h3>\n\n<\/div>\n\n<\/a>\n\t\t\t<\/div>\n\n<\/div>\n\n<\/div>\n<\/div>\n\n<\/div>\n\n\n<\/div>\n\t<\/div>\n<\/div>\n","protected":false},"excerpt":{"rendered":"","protected":false},"author":1,"featured_media":1129,"parent":1707,"menu_order":0,"comment_status":"closed","ping_status":"closed","template":"","meta":{"_acf_changed":false,"inline_featured_image":false,"footnotes":""},"class_list":["post-1713","page","type-page","status-publish","has-post-thumbnail","hentry"],"acf":[],"_links":{"self":[{"href":"https:\/\/agi-sa.fr\/fr\/wp-json\/wp\/v2\/pages\/1713","targetHints":{"allow":["GET"]}}],"collection":[{"href":"https:\/\/agi-sa.fr\/fr\/wp-json\/wp\/v2\/pages"}],"about":[{"href":"https:\/\/agi-sa.fr\/fr\/wp-json\/wp\/v2\/types\/page"}],"author":[{"embeddable":true,"href":"https:\/\/agi-sa.fr\/fr\/wp-json\/wp\/v2\/users\/1"}],"replies":[{"embeddable":true,"href":"https:\/\/agi-sa.fr\/fr\/wp-json\/wp\/v2\/comments?post=1713"}],"version-history":[{"count":0,"href":"https:\/\/agi-sa.fr\/fr\/wp-json\/wp\/v2\/pages\/1713\/revisions"}],"up":[{"embeddable":true,"href":"https:\/\/agi-sa.fr\/fr\/wp-json\/wp\/v2\/pages\/1707"}],"wp:featuredmedia":[{"embeddable":true,"href":"https:\/\/agi-sa.fr\/fr\/wp-json\/wp\/v2\/media\/1129"}],"wp:attachment":[{"href":"https:\/\/agi-sa.fr\/fr\/wp-json\/wp\/v2\/media?parent=1713"}],"curies":[{"name":"wp","href":"https:\/\/api.w.org\/{rel}","templated":true}]}}