{"id":1722,"date":"2024-11-28T12:23:59","date_gmt":"2024-11-28T12:23:59","guid":{"rendered":"https:\/\/agi-sa.fr\/carrieres\/"},"modified":"2025-03-12T10:03:06","modified_gmt":"2025-03-12T10:03:06","slug":"carrieres","status":"publish","type":"page","link":"https:\/\/agi-sa.fr\/fr\/carrieres\/","title":{"rendered":"Carri\u00e8res"},"content":{"rendered":"<!-- Hero Banner - Hero Banner at the top of the page -->\n\n\n<div id=\"site-banner\" class=\"block__hero-banner \/  is-block theme-white theme-white-bg overflow-hidden md-down:pb-40\">\n\t<div class=\"container md:py-gutter\">\n\t\t<div class=\"flex flex-col \/ md:gap-gutter-xl md:grid md:grid-flow-col md:auto-cols-fr md:items-center md:min-h-banner-hero\">\n\n\t\t\t<div class=\"flex-stack gap-gutter justify-center order-2 max-w-banner-hero-width \/ md:order-1 \/ mt-gutter md:mt-0\">\n\t\t\t\t\t\t\t\t<p class=\"text-subtitle\" data-scroll-class='fadeInUpSmall' data-scroll-delay='200'>\n\t\t\t\t\tCarri\u00e8res\n\t\t\t\t<\/p>\n\t\t\t\t\n\t\t\t\t<div class=\"has-text-lg text-balance\" data-scroll-class='fadeInUpSmall' data-scroll-delay='400'>\n\t\t\t\t\t<div class=\"flex-stack gap-24\">\n\n<h1 data-scroll-class=\"fadeInUpSmall\" class=\"wp-block-heading\">Travailler <mark style=\"background-color:rgba(0, 0, 0, 0)\" class=\"has-inline-color has-green-100-color\">chez&nbsp;AGI<\/mark>&nbsp;<\/h1>\n\n\n\n<p data-scroll-class=\"fadeInUpSmall\">Une carri\u00e8re chez AGI est dynamique, enrichissante et pleine d\u2019opportunit\u00e9s d\u2019apprentissage et de croissance. Contactez-nous pour en savoir plus sur la vie professionelle chez AGI et comment postuler \u00e0 un poste chez nous.&nbsp;<\/p>\n\n\n<!-- Carri\u00e8res - A group of buttons -->\n\n<div class=\"block__buttons \/  is-block pt-0 pb-0 \/ flex flex-row justify-start gap-gutter-sm flex-wrap\" data-scroll-class='fadeInUpSmall'>\n\t\n\t\n\n\t\n\t\t\t\t\t<a  href=\"https:\/\/agi-sa.fr\/fr\/contact\/\" id=\"block_29ce4653722d2a7bb0f0a3166b4a3d62\" class=\"btn-text \" target=\"\">\n\n\t<span class=\"btn-icon\">\n\t\t<span class=\"btn-icon-inner\"><\/span>\n\t<\/span>\n\n\tContactez-nous\n\n<\/a>\n\n\t\t\n\t\t\n\t\n\n<\/div>\n\n<\/div>\n\t\t\t\t<\/div>\n\t\t\t<\/div>\n\n\n\t\t\t\n\n\t\t<\/div>\n\t<\/div>\n<\/div>\n\n<script>\nvar body = document.body;\nbody.classList.add(\"has-banner\");\n<\/script>\n\n\n<!-- Media Combo - Media Combo -->\n\n\n\n\n\n<div  class=\"block__media-combo \/  is-block theme-white theme-white-bg pt-0 pb-md\">\n\t<div class=\"container\">\n\n\t\t<div class=\"flex flex-col items-center gap-gutter-lg \/ lg:grid lg:grid-cols-12 lg:gap-x-gutter-xl\">\n\t\t\t<div class=\"lg:col-span-6 order-last\" data-scroll-class='fadeInUpBig'>\n\t\t\t\t\t\t\t\t\t\n\t\t\t\t\n\t<picture class=\"\" data-media-id=\"1386\">\n\t\t<source media=\"(min-width:1280px)\" srcset=\"https:\/\/agi-sa.fr\/wp-content\/uploads\/2025\/01\/661e4840-d5c9-4b32-b80b-eb698d78cebe-1920x1440.webp\">\n\t\t<source media=\"(min-width:1024px)\" srcset=\"https:\/\/agi-sa.fr\/wp-content\/uploads\/2025\/01\/661e4840-d5c9-4b32-b80b-eb698d78cebe-1024x768.webp\">\n\t\t<source media=\"(min-width:600px)\" srcset=\"https:\/\/agi-sa.fr\/wp-content\/uploads\/2025\/01\/661e4840-d5c9-4b32-b80b-eb698d78cebe-800x600.webp\">\n\n\t\t\t\t\t<img decoding=\"async\" class=\" md:aspect-paysage aspect-carr\u00e9 object-cover w-full\" src=\"https:\/\/agi-sa.fr\/wp-content\/uploads\/2025\/01\/661e4840-d5c9-4b32-b80b-eb698d78cebe-800x600.webp\" alt=\"Photo of the AGI office building\" loading=\"lazy\">\n\t\t\n  <\/picture>\n\t\t\t\t\t\t\t<\/div>\n\n\t\t\t<div class=\"lg:col-span-6\" data-scroll-class='fadeInUpBig' data-scroll-delay='200'>\n\t\t\t\t<div class=\"acf-innerblocks-container\">\n\n<h2 data-scroll-class=\"fadeInUpSmall\" class=\"wp-block-heading\">Avoir un impact dans une entreprise dynamique et en \u00e9volution rapide&nbsp;<\/h2>\n\n\n\n<p data-scroll-class=\"fadeInUpSmall\">\u00cates-vous enthousiaste \u00e0 l\u2019id\u00e9e de travailler en \u00e9quipe et de relever de nouveaux d\u00e9fis chaque jour ? Vous avez de l\u2019exp\u00e9rience dans l\u2019industrie alimentaire et une passion pour l\u2019excellence\u202f? Si cela vous ressemble, nous voulons vous entendre. <br>En tant qu\u2019entreprise en pleine croissance, nous sommes toujours \u00e0 la recherche de personnes talentueuses pour nous rejoindre dans un \u00e9ventail de d\u00e9partements, notamment la production, les ventes, les finances, la qualit\u00e9, les achats, la R&amp;D et le service client. <br>Si vous \u00eates \u00e0 la recherche de la prochaine \u00e9tape de votre parcours professionnel, envoyez-nous votre candidature spontan\u00e9e d\u00e8s aujourd\u2019hui et rejoignez-nous dans cette aventure passionnante !&nbsp;<\/p>\n\n<\/div>\n\t\t\t<\/div>\n\t\t<\/div>\n\n\t<\/div>\n<\/div>\n\n\n<!-- Content Container - Block to add a fixed width to your content -->\n\n<div class=\"block__content-container \/  is-block theme-white theme-white-bg pt-md pb-lg text-start justify-start\">\n\t<div class=\"container\">\n\t\t<div class=\"acf-innerblocks-container\">\n<!-- Testimonial - Testimonial -->\n\n<div class=\"block__testimonial \/  is-block theme-light theme-light-bg has-overlap \/ flex flex-col gap-gutter-lg justify-center items-center text-center py px-gutter\" role=\"complementary\" aria-label=\"Testimonial\">\n\n\t<svg width=\"42\" height=\"37\" viewBox=\"0 0 42 37\" fill=\"none\" xmlns=\"http:\/\/www.w3.org\/2000\/svg\">\n<path d=\"M41.7362 8.12518C39.1762 9.06384 37.2135 10.5145 35.8482 12.4772C34.5682 14.4398 33.9282 16.7865 33.9282 19.5172H41.7362V36.7972H25.7362V19.5172C25.7362 17.1278 26.1628 14.9092 27.0162 12.8612C27.8695 10.8132 29.0215 9.02118 30.4722 7.48518C31.9228 5.86384 33.5868 4.49851 35.4642 3.38918C37.4268 2.27984 39.5175 1.38384 41.7362 0.701172V8.12518ZM16.2642 8.12518C13.7042 9.06384 11.7415 10.5145 10.3762 12.4772C9.09616 14.4398 8.45616 16.7865 8.45616 19.5172H16.2642V36.7972H0.26416V19.5172C0.26416 17.1278 0.690827 14.9092 1.54416 12.8612C2.39749 10.8132 3.54949 9.02118 5.00016 7.48518C6.45083 5.86384 8.11483 4.49851 9.99216 3.38918C11.9548 2.27984 14.0455 1.38384 16.2642 0.701172V8.12518Z\" fill=\"currentColor\"\/>\n<\/svg>\n\n\t<div class=\"h3 max-w-[960px] *:leading-tight\" aria-live=\"polite\">\n\t\t<div class=\"acf-innerblocks-container\">\n\n<p data-scroll-class=\"fadeInUpSmall\">Ce que j&rsquo;aime chez AGI, c&rsquo;est <mark style=\"background-color:rgba(0, 0, 0, 0)\" class=\"has-inline-color has-green-100-color\">l&rsquo;agilit\u00e9 et l&rsquo;inclusivit\u00e9.<\/mark> Tout le monde contribue et cela se traduit par beaucoup de cr\u00e9ativit\u00e9 et d&rsquo;innovation, mais aussi par une grande r\u00e9activit\u00e9 que nos clients appr\u00e9cient et valorisent.<\/p>\n\n<\/div>\n\t<\/div>\n\n\t<div class=\"flex flex-col gap-gutter-sm md:flex-row md:gap-gutter items-center text-start\" aria-labelledby=\"testimonialName\" aria-describedby=\"testimonialTitle\">\n\n\t\t<figure data-scroll-class='fadeIn' data-scroll-delay='600'>\n\t\t\t\t\t<\/figure>\n\n\t\t<div class=\"text-center md:text-left\" data-scroll-class='fadeIn' data-scroll-delay='600'>\n\t\t\t<strong class=\"uppercase\" id=\"testimonialName\">\n\t\t\t\tAur\u00e9lie L\n\t\t\t<\/strong>\n\t\t\t<br>\n\t\t\t<span class=\"text-gray-50\" id=\"testimonialTitle\">\n\t\t\t\tEquipe commerciale\n\t\t\t<\/span>\n\t\t<\/div>\n\n\t<\/div>\n\n<\/div>\n\n<\/div>\n\t<\/div>\n<\/div>\n\n\n<!-- Introduction - Introduction block -->\n\n\t\n\n<div class=\"block__introduction \/  is-block theme-dark theme-dark-bg pt-lg pb-lg has-text-lg\">\n\t<div class=\"container\">\n\t\t<div class=\"flex flex-col gap-gutter \/ lg:grid lg:grid-flow-col lg:auto-cols-fr\">\n\n\t\t\t<div class=\"flex-stack gap-24\">\n\n<h2 data-scroll-class=\"fadeInUpSmall\" class=\"wp-block-heading has-xx-large-font-size\">Engagement <mark style=\"background-color:rgba(0, 0, 0, 0)\" class=\"has-inline-color has-green-140-color\">envers l\u2019innovation<\/mark> dans la texture&nbsp;<\/h2>\n\n<\/div>\n\n\t\t\t<div class=\"flex-stack gap-24\" data-scroll-class='fadeIn' data-scroll-delay='600'>\n\t\t\t\t<p><span class=\"TextRun SCXW87943810 BCX0\" lang=\"FR-FR\" xml:lang=\"FR-FR\" data-contrast=\"none\"><span class=\"NormalTextRun SCXW87943810 BCX0\">Nous sommes experts en texture, venant des hydrocollo\u00efdes ou d&rsquo;ingr\u00e9dients, g\u00e9lifiants ou \u00e9paississants d\u2019origine <\/span><span class=\"NormalTextRun SCXW87943810 BCX0\">v\u00e9g\u00e9tale<\/span><span class=\"NormalTextRun SCXW87943810 BCX0\">. AGI est connu pour d\u00e9velopper des solutions<\/span> <span class=\"NormalTextRun SpellingErrorV2Themed SCXW87943810 BCX0\">texturantes<\/span> <span class=\"NormalTextRun SCXW87943810 BCX0\">e<\/span><span class=\"NormalTextRun SCXW87943810 BCX0\"> sp\u00e9cialis\u00e9es<\/span><span class=\"NormalTextRun SCXW87943810 BCX0\"> et sur mesure. <\/span><\/span>Nous fournissons \u00e0 un large \u00e9ventail d&rsquo;industries (y compris l&rsquo;alimentation, les cosm\u00e9tiques et autres applications de type technique) des ingr\u00e9dients ou des solutions texturantes personnalis\u00e9es <span class=\"TextRun SCXW87943810 BCX0\" lang=\"FR-FR\" xml:lang=\"FR-FR\" data-contrast=\"none\"><span class=\"NormalTextRun SCXW87943810 BCX0\">qui r\u00e9pondent aux normes de qualit\u00e9 les plus rigoureuses.<\/span><\/span><span class=\"EOP SCXW87943810 BCX0\" data-ccp-props=\"{}\">\u00a0<\/span><\/p>\n\n\n\t\t\t\t\t\t\t\t\t<div>\n\t\t\t\t\t\t\n\t\n\n\t\n\t\t\t\t\t<a  href=\"https:\/\/agi-sa.fr\/fr\/a-propos-de-nous\/\" id=\"block_a2d0918a2dc058ee4b6ee81e62d2f99d\" class=\"btn-text \" target=\"\">\n\n\t<span class=\"btn-icon\">\n\t\t<span class=\"btn-icon-inner\"><\/span>\n\t<\/span>\n\n\tA propos de nous\n\n<\/a>\n\n\t\t\n\t\t\n\t\n\n\t\t\t\t\t<\/div>\n\t\t\t\t\n\t\t\t<\/div>\n\n\t\t<\/div>\n\t<\/div>\n<\/div>\n\n","protected":false},"excerpt":{"rendered":"","protected":false},"author":4,"featured_media":0,"parent":0,"menu_order":0,"comment_status":"closed","ping_status":"closed","template":"","meta":{"_acf_changed":false,"inline_featured_image":false,"footnotes":""},"class_list":["post-1722","page","type-page","status-publish","hentry"],"acf":[],"_links":{"self":[{"href":"https:\/\/agi-sa.fr\/fr\/wp-json\/wp\/v2\/pages\/1722","targetHints":{"allow":["GET"]}}],"collection":[{"href":"https:\/\/agi-sa.fr\/fr\/wp-json\/wp\/v2\/pages"}],"about":[{"href":"https:\/\/agi-sa.fr\/fr\/wp-json\/wp\/v2\/types\/page"}],"author":[{"embeddable":true,"href":"https:\/\/agi-sa.fr\/fr\/wp-json\/wp\/v2\/users\/4"}],"replies":[{"embeddable":true,"href":"https:\/\/agi-sa.fr\/fr\/wp-json\/wp\/v2\/comments?post=1722"}],"version-history":[{"count":0,"href":"https:\/\/agi-sa.fr\/fr\/wp-json\/wp\/v2\/pages\/1722\/revisions"}],"wp:attachment":[{"href":"https:\/\/agi-sa.fr\/fr\/wp-json\/wp\/v2\/media?parent=1722"}],"curies":[{"name":"wp","href":"https:\/\/api.w.org\/{rel}","templated":true}]}}