{"id":1835,"date":"2025-01-10T15:05:59","date_gmt":"2025-01-10T15:05:59","guid":{"rendered":"https:\/\/agi-sa.fr\/faq\/"},"modified":"2025-02-04T15:40:05","modified_gmt":"2025-02-04T15:40:05","slug":"faq","status":"publish","type":"page","link":"https:\/\/agi-sa.fr\/fr\/faq\/","title":{"rendered":"FAQ"},"content":{"rendered":"<!-- Hero Banner - Hero Banner at the top of the page -->\n\n\n<div id=\"site-banner\" class=\"block__hero-banner \/  is-block theme-light theme-light-bg overflow-hidden md-down:pb-40\">\n\t<div class=\"container md:py-gutter\">\n\t\t<div class=\"flex flex-col \/ md:gap-gutter-xl md:grid md:grid-flow-col md:auto-cols-fr md:items-center md:min-h-banner-hero\">\n\n\t\t\t<div class=\"flex-stack gap-gutter justify-center order-2 max-w-banner-hero-width \/ md:order-1 \/ mt-gutter md:mt-0\">\n\t\t\t\t\n\t\t\t\t<div class=\"has-text-lg text-balance\" data-scroll-class='fadeInUpSmall' data-scroll-delay='400'>\n\t\t\t\t\t<div class=\"flex-stack gap-24\">\n\n<h2 data-scroll-class=\"fadeInUpSmall\" class=\"wp-block-heading\">FAQ<\/h2>\n\n<\/div>\n\t\t\t\t<\/div>\n\t\t\t<\/div>\n\n\n\t\t\t\n\n\t\t<\/div>\n\t<\/div>\n<\/div>\n\n<script>\nvar body = document.body;\nbody.classList.add(\"has-banner\");\n<\/script>\n<!-- Content Container - Block to add a fixed width to your content -->\n\n<div class=\"block__content-container \/  is-block theme-white theme-white-bg pt-0 pb-0 text-start justify-start\">\n\t<div class=\"container\">\n\t\t<div class=\"acf-innerblocks-container\">\n\t<!-- FAQ - Accordion -->\n\n<div class=\"block__accordion \/  is-block pt-lg pb-lg\" role=\"region\" aria-label=\"Accordion\">\n\n\t\n\t\t\t\t\t<div class=\"accordion__item group\/accordion border-b border-gray-10\" data-scroll-class=\"fadeInUpSmall\" data-scroll-delay=\"\" role=\"group\">\n\t\t\t<button class=\"accordion__item-header \/ w-full cursor-pointer flex gap-gutter justify-between items-center py-24\" role=\"button\" aria-controls=\"faq-answer-1\">\n\n\t\t\t<div class=\"btn-circle accordion__icon-open group-hover\/accordion:bg-blue-100\">\n\t\t\t\t<svg width=\"24\" height=\"24\" viewBox=\"0 0 24 24\" fill=\"none\" xmlns=\"http:\/\/www.w3.org\/2000\/svg\">\n<path d=\"M12 5V19\" stroke=\"currentColor\" stroke-width=\"2\" stroke-linecap=\"square\"\/>\n<path d=\"M5 12H19\" stroke=\"currentColor\" stroke-width=\"2\" stroke-linecap=\"square\"\/>\n<\/svg>\n\t\t\t<\/div>\n\t\t\t<div class=\"btn-circle accordion__icon-close group-hover\/accordion:bg-blue-100\">\n\t\t\t\t<svg width=\"24\" height=\"24\" viewBox=\"0 0 24 24\" fill=\"none\" xmlns=\"http:\/\/www.w3.org\/2000\/svg\">\n<path d=\"M5 12H19\" stroke=\"currentColor\" stroke-width=\"2\" stroke-linecap=\"square\"\/>\n<\/svg>\n\t\t\t<\/div>\n\n\t\t\t<h2 class=\"h6 mb-0 text-start flex-1 group-hover\/accordion:text-blue-100\">Quelle est notre d\u00e9marche de d\u00e9veloppement ? <\/h2>\n\n\t\t<\/button>\n\t\n\t\t\t<div id=\"faq-answer-1\" class=\"accordion__item-content \/ transition-all duration-500 ease-in-out md:pl-64\" role=\"region\" aria-labelledby=\"faq-question-1\">\n\t\t\t\t\t\t\t<p>Notre hall pilote est \u00e9quip\u00e9 d\u2019outils qui nous permettent de r\u00e9aliser des maquettes et des \u00e9chantillons dans toutes sortes d\u2019applications : produits laitiers, carn\u00e9s, etc. Par exemple, nous pouvons effectuer des traitements thermiques de pasteurisation par batch ou en continu. Nous avons \u00e9galement la possibilit\u00e9 d\u2019appliquer des traitements thermiques tr\u00e8s diff\u00e9rents, de la pasteurisation standard \u00e0 l\u2019UHT, avec une injection de vapeur directe ou indirecte et des bar\u00e8mes de temps et temp\u00e9rature vari\u00e9s. L\u2019\u00e9tape d\u2019homog\u00e9n\u00e9isation peut \u00e9galement \u00eatre r\u00e9alis\u00e9e en amont ou en aval du traitement thermique. Notre laboratoire de d\u00e9veloppement est \u00e9quip\u00e9 des meilleurs outils de caract\u00e9risation de la texture. Nous mesurons la viscosit\u00e9 et la force de gel de plusieurs fa\u00e7ons pour nous rapprocher de l\u2019utilisation de nos clients et consommateurs.      La mesure peut \u00eatre effectu\u00e9e dans des mati\u00e8res premi\u00e8res ou des applications sp\u00e9cifiques, selon les besoins de nos clients.<\/p>\n\n\t\t\t\t\t<\/div>\n\t<\/div>\n\n\n\n\n\t\t\t\t\t<div class=\"accordion__item group\/accordion border-b border-gray-10\" data-scroll-class=\"fadeInUpSmall\" data-scroll-delay=\"\" role=\"group\">\n\t\t\t<button class=\"accordion__item-header \/ w-full cursor-pointer flex gap-gutter justify-between items-center py-24\" role=\"button\" aria-controls=\"faq-answer-2\">\n\n\t\t\t<div class=\"btn-circle accordion__icon-open group-hover\/accordion:bg-blue-100\">\n\t\t\t\t<svg width=\"24\" height=\"24\" viewBox=\"0 0 24 24\" fill=\"none\" xmlns=\"http:\/\/www.w3.org\/2000\/svg\">\n<path d=\"M12 5V19\" stroke=\"currentColor\" stroke-width=\"2\" stroke-linecap=\"square\"\/>\n<path d=\"M5 12H19\" stroke=\"currentColor\" stroke-width=\"2\" stroke-linecap=\"square\"\/>\n<\/svg>\n\t\t\t<\/div>\n\t\t\t<div class=\"btn-circle accordion__icon-close group-hover\/accordion:bg-blue-100\">\n\t\t\t\t<svg width=\"24\" height=\"24\" viewBox=\"0 0 24 24\" fill=\"none\" xmlns=\"http:\/\/www.w3.org\/2000\/svg\">\n<path d=\"M5 12H19\" stroke=\"currentColor\" stroke-width=\"2\" stroke-linecap=\"square\"\/>\n<\/svg>\n\t\t\t<\/div>\n\n\t\t\t<h2 class=\"h6 mb-0 text-start flex-1 group-hover\/accordion:text-blue-100\">Qu\u2019est-ce que le clean label ? <\/h2>\n\n\t\t<\/button>\n\t\n\t\t\t<div id=\"faq-answer-2\" class=\"accordion__item-content \/ transition-all duration-500 ease-in-out md:pl-64\" role=\"region\" aria-labelledby=\"faq-question-2\">\n\t\t\t\t\t\t\t<p>Il n\u2019existe pas de d\u00e9finition claire du clean label. AGI est ouvert \u00e0 d\u00e9cider avec vous des limites que vous \u00eates pr\u00eat \u00e0 appliquer et \u00e0 s\u00e9lectionner les texturants appropri\u00e9s. Nous pouvons consid\u00e9rer la recette dans son ensemble pour vous aider \u00e0 atteindre votre objectif de naturalit\u00e9.  <\/p>\n\n\t\t\t\t\t<\/div>\n\t<\/div>\n\n\n\n\n\t\t\t\t\t<div class=\"accordion__item group\/accordion border-b border-gray-10\" data-scroll-class=\"fadeInUpSmall\" data-scroll-delay=\"\" role=\"group\">\n\t\t\t<button class=\"accordion__item-header \/ w-full cursor-pointer flex gap-gutter justify-between items-center py-24\" role=\"button\" aria-controls=\"faq-answer-3\">\n\n\t\t\t<div class=\"btn-circle accordion__icon-open group-hover\/accordion:bg-blue-100\">\n\t\t\t\t<svg width=\"24\" height=\"24\" viewBox=\"0 0 24 24\" fill=\"none\" xmlns=\"http:\/\/www.w3.org\/2000\/svg\">\n<path d=\"M12 5V19\" stroke=\"currentColor\" stroke-width=\"2\" stroke-linecap=\"square\"\/>\n<path d=\"M5 12H19\" stroke=\"currentColor\" stroke-width=\"2\" stroke-linecap=\"square\"\/>\n<\/svg>\n\t\t\t<\/div>\n\t\t\t<div class=\"btn-circle accordion__icon-close group-hover\/accordion:bg-blue-100\">\n\t\t\t\t<svg width=\"24\" height=\"24\" viewBox=\"0 0 24 24\" fill=\"none\" xmlns=\"http:\/\/www.w3.org\/2000\/svg\">\n<path d=\"M5 12H19\" stroke=\"currentColor\" stroke-width=\"2\" stroke-linecap=\"square\"\/>\n<\/svg>\n\t\t\t<\/div>\n\n\t\t\t<h2 class=\"h6 mb-0 text-start flex-1 group-hover\/accordion:text-blue-100\">Que sont les certifications AGI ?  <\/h2>\n\n\t\t<\/button>\n\t\n\t\t\t<div id=\"faq-answer-3\" class=\"accordion__item-content \/ transition-all duration-500 ease-in-out md:pl-64\" role=\"region\" aria-labelledby=\"faq-question-3\">\n\t\t\t\t\t\t\t<p>Tous les produits et proc\u00e9d\u00e9s cr\u00e9\u00e9s dans nos laboratoires respectent les normes ISO 9001 et FSSC22000 et b\u00e9n\u00e9ficient d\u2019une tra\u00e7abilit\u00e9 imm\u00e9diate en amont et en aval gr\u00e2ce \u00e0 notre syst\u00e8me de gestion ERP. De plus, ils conviennent tous aux aliments halal et kasher. <\/p>\n<p>N\u2019h\u00e9sitez pas \u00e0 nous solliciter nos documents de qualit\u00e9, ils sont toujours \u00e0 votre disposition.<\/p>\n\n\t\t\t\t\t<\/div>\n\t<\/div>\n\n\n\n\n\t\t\t\t\t<div class=\"accordion__item group\/accordion border-b border-gray-10\" data-scroll-class=\"fadeInUpSmall\" data-scroll-delay=\"\" role=\"group\">\n\t\t\t<button class=\"accordion__item-header \/ w-full cursor-pointer flex gap-gutter justify-between items-center py-24\" role=\"button\" aria-controls=\"faq-answer-4\">\n\n\t\t\t<div class=\"btn-circle accordion__icon-open group-hover\/accordion:bg-blue-100\">\n\t\t\t\t<svg width=\"24\" height=\"24\" viewBox=\"0 0 24 24\" fill=\"none\" xmlns=\"http:\/\/www.w3.org\/2000\/svg\">\n<path d=\"M12 5V19\" stroke=\"currentColor\" stroke-width=\"2\" stroke-linecap=\"square\"\/>\n<path d=\"M5 12H19\" stroke=\"currentColor\" stroke-width=\"2\" stroke-linecap=\"square\"\/>\n<\/svg>\n\t\t\t<\/div>\n\t\t\t<div class=\"btn-circle accordion__icon-close group-hover\/accordion:bg-blue-100\">\n\t\t\t\t<svg width=\"24\" height=\"24\" viewBox=\"0 0 24 24\" fill=\"none\" xmlns=\"http:\/\/www.w3.org\/2000\/svg\">\n<path d=\"M5 12H19\" stroke=\"currentColor\" stroke-width=\"2\" stroke-linecap=\"square\"\/>\n<\/svg>\n\t\t\t<\/div>\n\n\t\t\t<h2 class=\"h6 mb-0 text-start flex-1 group-hover\/accordion:text-blue-100\">Comment disperser et solubiliser les texturants ?  <\/h2>\n\n\t\t<\/button>\n\t\n\t\t\t<div id=\"faq-answer-4\" class=\"accordion__item-content \/ transition-all duration-500 ease-in-out md:pl-64\" role=\"region\" aria-labelledby=\"faq-question-4\">\n\t\t\t\t\t\t\t<p>Le principal d\u00e9fi lorsque vous utilisez des texturants est que leur affinit\u00e9 avec l\u2019eau est telle qu\u2019ils peuvent former des agglom\u00e9rats ou grumeaux, et mal se solubiliser. Ces grumeaux sont form\u00e9s de poudre qui n\u2019est hydrat\u00e9e que sur la couche externe, qui reste dure et difficile \u00e0 disperser. A l\u2019int\u00e9rieur du grumeau, le texturant est encore sous forme de poudre non dissoute. En plus de l\u2019aspect granulaire et donc non lisse du produit, vous n\u2019obtiendrez pas la fonctionnalit\u00e9 appropri\u00e9e en raison de la perte de produit dans les agglom\u00e9rats, voir dans les filtres de votre \u00e9quipement. Le texturisant doit \u00eatre correctement dispers\u00e9 et solubilis\u00e9 pour fournir la texture attendue.    <\/p>\n<p>Pour permettre une bonne solubilisation, vous pouvez :<\/p>\n<ul>\n<li>Ajouter les poudres petit \u00e0 petit, sous agitation continue (vortex si possible)<\/li>\n<li>Le m\u00e9langer et\/ou le pr\u00e9m\u00e9langer avec un autre ingr\u00e9dient sec tel que le sucre ou le sel sont normalement utilis\u00e9s dans les applications industrielles.<\/li>\n<li>Pr\u00e9m\u00e9langer les texturants dans un peu d\u2019huile s\u2019il y en a dans la recette. Il retardera l\u00e9g\u00e8rement la solubilisation mais est tr\u00e8s efficace pour \u00e9viter les grumeaux. <\/li>\n<li>R\u00e9cemment, un processus de granulation a \u00e9t\u00e9 adopt\u00e9 pour les poudres hydrocollo\u00efdes, qui \u00e9vite \u00e9galement les grumeaux et facilite une solubilisation rapide avec un tr\u00e8s faible cisaillement. Nous disposons de cette technologie et pouvons apporter des solutions. <\/li>\n<\/ul>\n<p>Contactez-nous pour plus d&rsquo;informations.<\/p>\n\n\t\t\t\t\t<\/div>\n\t<\/div>\n\n\n\n\n\t\t\t\t\t<div class=\"accordion__item group\/accordion border-b border-gray-10\" data-scroll-class=\"fadeInUpSmall\" data-scroll-delay=\"\" role=\"group\">\n\t\t\t<button class=\"accordion__item-header \/ w-full cursor-pointer flex gap-gutter justify-between items-center py-24\" role=\"button\" aria-controls=\"faq-answer-5\">\n\n\t\t\t<div class=\"btn-circle accordion__icon-open group-hover\/accordion:bg-blue-100\">\n\t\t\t\t<svg width=\"24\" height=\"24\" viewBox=\"0 0 24 24\" fill=\"none\" xmlns=\"http:\/\/www.w3.org\/2000\/svg\">\n<path d=\"M12 5V19\" stroke=\"currentColor\" stroke-width=\"2\" stroke-linecap=\"square\"\/>\n<path d=\"M5 12H19\" stroke=\"currentColor\" stroke-width=\"2\" stroke-linecap=\"square\"\/>\n<\/svg>\n\t\t\t<\/div>\n\t\t\t<div class=\"btn-circle accordion__icon-close group-hover\/accordion:bg-blue-100\">\n\t\t\t\t<svg width=\"24\" height=\"24\" viewBox=\"0 0 24 24\" fill=\"none\" xmlns=\"http:\/\/www.w3.org\/2000\/svg\">\n<path d=\"M5 12H19\" stroke=\"currentColor\" stroke-width=\"2\" stroke-linecap=\"square\"\/>\n<\/svg>\n\t\t\t<\/div>\n\n\t\t\t<h2 class=\"h6 mb-0 text-start flex-1 group-hover\/accordion:text-blue-100\">Les produits AGI conviennent-ils aux v\u00e9g\u00e9taliens, v\u00e9g\u00e9tariens, v\u00e9g\u00e9tariens ? <\/h2>\n\n\t\t<\/button>\n\t\n\t\t\t<div id=\"faq-answer-5\" class=\"accordion__item-content \/ transition-all duration-500 ease-in-out md:pl-64\" role=\"region\" aria-labelledby=\"faq-question-5\">\n\t\t\t\t\t\t\t<p>Oui, les produits AGI sont issus de plantes naturelles ou d\u2019algues. Nous pouvons toujours vous aider \u00e0 remplir les certificats en tant que V-label. <\/p>\n\n\t\t\t\t\t<\/div>\n\t<\/div>\n\n\n\n\n\t\t\t\t\t<div class=\"accordion__item group\/accordion border-b border-gray-10\" data-scroll-class=\"fadeInUpSmall\" data-scroll-delay=\"\" role=\"group\">\n\t\t\t<button class=\"accordion__item-header \/ w-full cursor-pointer flex gap-gutter justify-between items-center py-24\" role=\"button\" aria-controls=\"faq-answer-6\">\n\n\t\t\t<div class=\"btn-circle accordion__icon-open group-hover\/accordion:bg-blue-100\">\n\t\t\t\t<svg width=\"24\" height=\"24\" viewBox=\"0 0 24 24\" fill=\"none\" xmlns=\"http:\/\/www.w3.org\/2000\/svg\">\n<path d=\"M12 5V19\" stroke=\"currentColor\" stroke-width=\"2\" stroke-linecap=\"square\"\/>\n<path d=\"M5 12H19\" stroke=\"currentColor\" stroke-width=\"2\" stroke-linecap=\"square\"\/>\n<\/svg>\n\t\t\t<\/div>\n\t\t\t<div class=\"btn-circle accordion__icon-close group-hover\/accordion:bg-blue-100\">\n\t\t\t\t<svg width=\"24\" height=\"24\" viewBox=\"0 0 24 24\" fill=\"none\" xmlns=\"http:\/\/www.w3.org\/2000\/svg\">\n<path d=\"M5 12H19\" stroke=\"currentColor\" stroke-width=\"2\" stroke-linecap=\"square\"\/>\n<\/svg>\n\t\t\t<\/div>\n\n\t\t\t<h2 class=\"h6 mb-0 text-start flex-1 group-hover\/accordion:text-blue-100\">Les produits AGI sont-ils kasher ?  <\/h2>\n\n\t\t<\/button>\n\t\n\t\t\t<div id=\"faq-answer-6\" class=\"accordion__item-content \/ transition-all duration-500 ease-in-out md:pl-64\" role=\"region\" aria-labelledby=\"faq-question-6\">\n\t\t\t\t\t\t\t<p>Tous les produits AGI sont casher. Le certificat est disponible sur demande. <\/p>\n\n\t\t\t\t\t<\/div>\n\t<\/div>\n\n\n\n\n\t\t\t\t\t<div class=\"accordion__item group\/accordion border-b border-gray-10\" data-scroll-class=\"fadeInUpSmall\" data-scroll-delay=\"\" role=\"group\">\n\t\t\t<button class=\"accordion__item-header \/ w-full cursor-pointer flex gap-gutter justify-between items-center py-24\" role=\"button\" aria-controls=\"faq-answer-7\">\n\n\t\t\t<div class=\"btn-circle accordion__icon-open group-hover\/accordion:bg-blue-100\">\n\t\t\t\t<svg width=\"24\" height=\"24\" viewBox=\"0 0 24 24\" fill=\"none\" xmlns=\"http:\/\/www.w3.org\/2000\/svg\">\n<path d=\"M12 5V19\" stroke=\"currentColor\" stroke-width=\"2\" stroke-linecap=\"square\"\/>\n<path d=\"M5 12H19\" stroke=\"currentColor\" stroke-width=\"2\" stroke-linecap=\"square\"\/>\n<\/svg>\n\t\t\t<\/div>\n\t\t\t<div class=\"btn-circle accordion__icon-close group-hover\/accordion:bg-blue-100\">\n\t\t\t\t<svg width=\"24\" height=\"24\" viewBox=\"0 0 24 24\" fill=\"none\" xmlns=\"http:\/\/www.w3.org\/2000\/svg\">\n<path d=\"M5 12H19\" stroke=\"currentColor\" stroke-width=\"2\" stroke-linecap=\"square\"\/>\n<\/svg>\n\t\t\t<\/div>\n\n\t\t\t<h2 class=\"h6 mb-0 text-start flex-1 group-hover\/accordion:text-blue-100\">Les produits AGI sont-ils halal ?  <\/h2>\n\n\t\t<\/button>\n\t\n\t\t\t<div id=\"faq-answer-7\" class=\"accordion__item-content \/ transition-all duration-500 ease-in-out md:pl-64\" role=\"region\" aria-labelledby=\"faq-question-7\">\n\t\t\t\t\t\t\t<p>Tous les produits AGI sont halal. Le certificat est disponible sur demande. <\/p>\n\n\t\t\t\t\t<\/div>\n\t<\/div>\n\n\n\n\n\t\t\t\t\t<div class=\"accordion__item group\/accordion border-b border-gray-10\" data-scroll-class=\"fadeInUpSmall\" data-scroll-delay=\"\" role=\"group\">\n\t\t\t<button class=\"accordion__item-header \/ w-full cursor-pointer flex gap-gutter justify-between items-center py-24\" role=\"button\" aria-controls=\"faq-answer-8\">\n\n\t\t\t<div class=\"btn-circle accordion__icon-open group-hover\/accordion:bg-blue-100\">\n\t\t\t\t<svg width=\"24\" height=\"24\" viewBox=\"0 0 24 24\" fill=\"none\" xmlns=\"http:\/\/www.w3.org\/2000\/svg\">\n<path d=\"M12 5V19\" stroke=\"currentColor\" stroke-width=\"2\" stroke-linecap=\"square\"\/>\n<path d=\"M5 12H19\" stroke=\"currentColor\" stroke-width=\"2\" stroke-linecap=\"square\"\/>\n<\/svg>\n\t\t\t<\/div>\n\t\t\t<div class=\"btn-circle accordion__icon-close group-hover\/accordion:bg-blue-100\">\n\t\t\t\t<svg width=\"24\" height=\"24\" viewBox=\"0 0 24 24\" fill=\"none\" xmlns=\"http:\/\/www.w3.org\/2000\/svg\">\n<path d=\"M5 12H19\" stroke=\"currentColor\" stroke-width=\"2\" stroke-linecap=\"square\"\/>\n<\/svg>\n\t\t\t<\/div>\n\n\t\t\t<h2 class=\"h6 mb-0 text-start flex-1 group-hover\/accordion:text-blue-100\">Comment \u00e9tiqueter nos texturants ? <\/h2>\n\n\t\t<\/button>\n\t\n\t\t\t<div id=\"faq-answer-8\" class=\"accordion__item-content \/ transition-all duration-500 ease-in-out md:pl-64\" role=\"region\" aria-labelledby=\"faq-question-8\">\n\t\t\t\t\t\t\t<p>Un num\u00e9ro E signifie qu\u2019un additif a pass\u00e9 avec succ\u00e8s les tests de s\u00e9curit\u00e9 et a \u00e9t\u00e9 approuv\u00e9 pour une utilisation, et que son innocuit\u00e9 est \u00e9valu\u00e9e avant qu\u2019il puisse \u00eatre autoris\u00e9 \u00e0 \u00eatre utilis\u00e9 dans les aliments. Vous pouvez utiliser le num\u00e9ro E ou le nom (E410 ou gomme de caroube par exemple). <\/p>\n<p>Au cours des derni\u00e8res ann\u00e9es, AGI a d\u00e9velopp\u00e9 des alternatives aux additifs alimentaires du nombre E \u00e0 l\u2019aide d\u2019ingr\u00e9dients. Cette gamme clean label s\u2019appelle Helia. <\/p>\n\n\t\t\t\t\t<\/div>\n\t<\/div>\n\n\n\n\n\t\t\t\t\t<div class=\"accordion__item group\/accordion border-b border-gray-10\" data-scroll-class=\"fadeInUpSmall\" data-scroll-delay=\"\" role=\"group\">\n\t\t\t<button class=\"accordion__item-header \/ w-full cursor-pointer flex gap-gutter justify-between items-center py-24\" role=\"button\" aria-controls=\"faq-answer-9\">\n\n\t\t\t<div class=\"btn-circle accordion__icon-open group-hover\/accordion:bg-blue-100\">\n\t\t\t\t<svg width=\"24\" height=\"24\" viewBox=\"0 0 24 24\" fill=\"none\" xmlns=\"http:\/\/www.w3.org\/2000\/svg\">\n<path d=\"M12 5V19\" stroke=\"currentColor\" stroke-width=\"2\" stroke-linecap=\"square\"\/>\n<path d=\"M5 12H19\" stroke=\"currentColor\" stroke-width=\"2\" stroke-linecap=\"square\"\/>\n<\/svg>\n\t\t\t<\/div>\n\t\t\t<div class=\"btn-circle accordion__icon-close group-hover\/accordion:bg-blue-100\">\n\t\t\t\t<svg width=\"24\" height=\"24\" viewBox=\"0 0 24 24\" fill=\"none\" xmlns=\"http:\/\/www.w3.org\/2000\/svg\">\n<path d=\"M5 12H19\" stroke=\"currentColor\" stroke-width=\"2\" stroke-linecap=\"square\"\/>\n<\/svg>\n\t\t\t<\/div>\n\n\t\t\t<h2 class=\"h6 mb-0 text-start flex-1 group-hover\/accordion:text-blue-100\">Quelles sont les tailles\/poids des produits ? <\/h2>\n\n\t\t<\/button>\n\t\n\t\t\t<div id=\"faq-answer-9\" class=\"accordion__item-content \/ transition-all duration-500 ease-in-out md:pl-64\" role=\"region\" aria-labelledby=\"faq-question-9\">\n\t\t\t\t\t\t\t<p>En fonction des produits et des volumes, nous disposons d\u2019emballages de sacs ou de big bags. <br \/>Nous pouvons faire un poids sp\u00e9cifique pour les sacs, entre 10 et 25kg, AGI r\u00e9pond \u00e0 votre demande sp\u00e9cifique.<\/p>\n\n\t\t\t\t\t<\/div>\n\t<\/div>\n\n\n\n\n\t\t\n\t\n\n<\/div>\n\n\n<\/div>\n\t<\/div>\n<\/div>\n","protected":false},"excerpt":{"rendered":"","protected":false},"author":4,"featured_media":0,"parent":0,"menu_order":0,"comment_status":"closed","ping_status":"closed","template":"","meta":{"_acf_changed":false,"inline_featured_image":false,"footnotes":""},"class_list":["post-1835","page","type-page","status-publish","hentry"],"acf":[],"_links":{"self":[{"href":"https:\/\/agi-sa.fr\/fr\/wp-json\/wp\/v2\/pages\/1835","targetHints":{"allow":["GET"]}}],"collection":[{"href":"https:\/\/agi-sa.fr\/fr\/wp-json\/wp\/v2\/pages"}],"about":[{"href":"https:\/\/agi-sa.fr\/fr\/wp-json\/wp\/v2\/types\/page"}],"author":[{"embeddable":true,"href":"https:\/\/agi-sa.fr\/fr\/wp-json\/wp\/v2\/users\/4"}],"replies":[{"embeddable":true,"href":"https:\/\/agi-sa.fr\/fr\/wp-json\/wp\/v2\/comments?post=1835"}],"version-history":[{"count":0,"href":"https:\/\/agi-sa.fr\/fr\/wp-json\/wp\/v2\/pages\/1835\/revisions"}],"wp:attachment":[{"href":"https:\/\/agi-sa.fr\/fr\/wp-json\/wp\/v2\/media?parent=1835"}],"curies":[{"name":"wp","href":"https:\/\/api.w.org\/{rel}","templated":true}]}}