{"id":294,"date":"2024-11-26T22:03:17","date_gmt":"2024-11-26T22:03:17","guid":{"rendered":"https:\/\/agi-sa.fr\/?page_id=294"},"modified":"2025-03-10T17:19:46","modified_gmt":"2025-03-10T17:19:46","slug":"a-propos-de-nous","status":"publish","type":"page","link":"https:\/\/agi-sa.fr\/fr\/a-propos-de-nous\/","title":{"rendered":"A propos de nous"},"content":{"rendered":"<!-- Hero Banner - Hero Banner at the top of the page -->\n\n\n<div id=\"site-banner\" class=\"block__hero-banner \/  is-block theme-white theme-white-bg overflow-hidden md-down:pb-40\">\n\t<div class=\"container md:py-gutter\">\n\t\t<div class=\"flex flex-col \/ md:gap-gutter-xl md:grid md:grid-flow-col md:auto-cols-fr md:items-center md:min-h-banner-hero\">\n\n\t\t\t<div class=\"flex-stack gap-gutter justify-center order-2 max-w-banner-hero-width \/ md:order-1 \/ mt-gutter md:mt-0\">\n\t\t\t\t\t\t\t\t<p class=\"text-subtitle\" data-scroll-class='fadeInUpSmall' data-scroll-delay='200'>\n\t\t\t\t\tA propos de nous\n\t\t\t\t<\/p>\n\t\t\t\t\n\t\t\t\t<div class=\"has-text-lg text-balance\" data-scroll-class='fadeInUpSmall' data-scroll-delay='400'>\n\t\t\t\t\t<div class=\"flex-stack gap-24\">\n\n<h1 data-scroll-class=\"fadeInUpSmall\" class=\"wp-block-heading\">Des solutions <mark style=\"background-color:rgba(0, 0, 0, 0)\" class=\"has-inline-color has-green-100-color\">texturantes innovantes<\/mark>, d\u2019origine v\u00e9g\u00e9tale&nbsp;<\/h1>\n\n\n\n<p data-scroll-class=\"fadeInUpSmall\">Nous partons de votre besoin ou probl\u00e9matique de texture pour vous proposer un support technique \u00e0 fa\u00e7on et de qualit\u00e9 en lien direct avec vos besoins sp\u00e9cifiques. En utilisant cette approche coop\u00e9rative, nous travaillons en \u00e9troite colaboration avec les industriels de l\u2019agro-alimentaire, du petfood, des produits d\u2019hygi\u00e8ne et cosm\u00e9tique ou encore des secteurs techniques. Cette d\u00e9marche nous aide \u00e0 identifier leurs enjeux et \u00e0 d\u00e9velopper des solutions qui s&rsquo;int\u00e8grent parfaitement dans leurs processus. Le r\u00e9sultat ? Des solutions de texture fiables, sur lesquelles nos clients peuvent s&rsquo;appuyer.&nbsp;<\/p>\n\n\n<!-- A propos de nous - A group of buttons -->\n\n<div class=\"block__buttons \/  is-block pt-0 pb-0 \/ flex flex-row justify-start gap-gutter-sm flex-wrap\" data-scroll-class='fadeInUpSmall'>\n\t\n\t\n\n\t\n\t\t\t\t\t<a  href=\"https:\/\/agi-sa.fr\/fr\/ce-que-nous-faisons\/\" id=\"block_d862354979cfccd7c2aea0bcd2dc3d0c\" class=\"btn-text \" target=\"\">\n\n\t<span class=\"btn-icon\">\n\t\t<span class=\"btn-icon-inner\"><\/span>\n\t<\/span>\n\n\tCe que nous faisons\n\n<\/a>\n\n\t\t\n\t\t\n\t\n\n<\/div>\n\n<\/div>\n\t\t\t\t<\/div>\n\t\t\t<\/div>\n\n\n\t\t\t\n\n\t\t<\/div>\n\t<\/div>\n<\/div>\n\n<script>\nvar body = document.body;\nbody.classList.add(\"has-banner\");\n<\/script>\n\n\n<!-- Media Combo - Media Combo -->\n\n\n\n\n\n<div  class=\"block__media-combo \/  is-block theme-light theme-light-bg pt-md pb-md\">\n\t<div class=\"container\">\n\n\t\t<div class=\"flex flex-col items-center gap-gutter-lg \/ lg:grid lg:grid-cols-12 lg:gap-x-gutter-xl\">\n\t\t\t<div class=\"lg:col-span-6 order-last\" data-scroll-class='fadeInUpBig'>\n\t\t\t\t\t\t\t\t\t\n\t\t\t\t\n\t<picture class=\"\" data-media-id=\"1370\">\n\t\t<source media=\"(min-width:1280px)\" srcset=\"https:\/\/agi-sa.fr\/wp-content\/uploads\/2025\/01\/agi-lab-image-001.webp\">\n\t\t<source media=\"(min-width:1024px)\" srcset=\"https:\/\/agi-sa.fr\/wp-content\/uploads\/2025\/01\/agi-lab-image-001.webp\">\n\t\t<source media=\"(min-width:600px)\" srcset=\"https:\/\/agi-sa.fr\/wp-content\/uploads\/2025\/01\/agi-lab-image-001.webp\">\n\n\t\t\t\t\t<img decoding=\"async\" class=\" md:aspect-landscape aspect-square object-cover w-full\" src=\"https:\/\/agi-sa.fr\/wp-content\/uploads\/2025\/01\/agi-lab-image-001.webp\" alt=\"Photo of an AGI labratory\" loading=\"lazy\">\n\t\t\n  <\/picture>\n\t\t\t\t\t\t\t<\/div>\n\n\t\t\t<div class=\"lg:col-span-6\" data-scroll-class='fadeInUpBig' data-scroll-delay='200'>\n\t\t\t\t<div class=\"acf-innerblocks-container\">\n\n<h2 data-scroll-class=\"fadeInUpSmall\" class=\"wp-block-heading\">Notre expertise<\/h2>\n\n\n\n<p data-scroll-class=\"fadeInUpSmall\">Compos\u00e9e essentiellement de scientifiques, l\u2019\u00e9quipe innove jour apr\u00e8s jour et con\u00e7oit les syst\u00e8mes fonctionnels texturants indispensables \u00e0 l\u2019industrie agro- alimentaire, \u00e0 l\u2019indutrie des aliments pour animaux de compagnie,&nbsp; aux industries des produits d\u2019hygi\u00e8ne et cosm\u00e9tique et pour certaines industries techniques.<\/p>\n\n\n\n<p data-scroll-class=\"fadeInUpSmall\">Notre \u00e9quipe de scientifiques s&#8217;emploie en permanence \u00e0 concevoir et \u00e0 am\u00e9liorer des solutions de texture, assurant ainsi pr\u00e9cision et efficacit\u00e9, que ce soit \u00e0 travers la selection d\u2019ingr\u00e9dients ou d\u2019hydrocollo\u00efdes sp\u00e9cifiques ou \u00e0 la cr\u00e9ation d\u2019une solution sur mesure adapt\u00e9e \u00e0 vos exigences particuli\u00e8res. Nous nous d\u00e9dions \u00e0 fournir des produits et services de qualit\u00e9,&nbsp; performants, en faisant preuve d\u2019agilit\u00e9 et de fiabilitit\u00e9.<\/p>\n\n<\/div>\n\t\t\t<\/div>\n\t\t<\/div>\n\n\t<\/div>\n<\/div>\n\n\n<!-- Media Combo - Media Combo -->\n\n\n\n\n\n<div  class=\"block__media-combo \/  is-block theme-light theme-light-bg pt-md pb-md\">\n\t<div class=\"container\">\n\n\t\t<div class=\"flex flex-col items-center gap-gutter-lg \/ lg:grid lg:grid-cols-12 lg:gap-x-gutter-xl\">\n\t\t\t<div class=\"lg:col-span-6 \" data-scroll-class='fadeInUpBig'>\n\t\t\t\t\t\t\t\t\t\n\t\t\t\t\n\t<picture class=\"\" data-media-id=\"1379\">\n\t\t<source media=\"(min-width:1280px)\" srcset=\"https:\/\/agi-sa.fr\/wp-content\/uploads\/2025\/01\/6b95663b-e74c-44c2-b23f-1a203adc59ed-1920x1440.webp\">\n\t\t<source media=\"(min-width:1024px)\" srcset=\"https:\/\/agi-sa.fr\/wp-content\/uploads\/2025\/01\/6b95663b-e74c-44c2-b23f-1a203adc59ed-1024x768.webp\">\n\t\t<source media=\"(min-width:600px)\" srcset=\"https:\/\/agi-sa.fr\/wp-content\/uploads\/2025\/01\/6b95663b-e74c-44c2-b23f-1a203adc59ed-800x600.webp\">\n\n\t\t\t\t\t<img decoding=\"async\" class=\" md:aspect-landscape aspect-square object-cover w-full\" src=\"https:\/\/agi-sa.fr\/wp-content\/uploads\/2025\/01\/6b95663b-e74c-44c2-b23f-1a203adc59ed-800x600.webp\" alt=\"AGI team in the lab\" loading=\"lazy\">\n\t\t\n  <\/picture>\n\t\t\t\t\t\t\t<\/div>\n\n\t\t\t<div class=\"lg:col-span-6\" data-scroll-class='fadeInUpBig' data-scroll-delay='200'>\n\t\t\t\t<div class=\"acf-innerblocks-container\">\n\n<h2 data-scroll-class=\"fadeInUpSmall\" class=\"wp-block-heading\">A propos de nous<\/h2>\n\n\n\n<p data-scroll-class=\"fadeInUpSmall\">Alliance Gums et Industries a \u00e9t\u00e9 fond\u00e9e en 2000. Elle devient rapidement un important acteur , sp\u00e9cialis\u00e9 dans la formulation et la fabrication de syst\u00e8mes fonctionnels \u00e9paississants et g\u00e9lifiants d\u2019origine v\u00e9g\u00e9tale.<br><br>AGI a implant\u00e9 sa production de m\u00e9langes fonctionnels, son si\u00e8ge social, son laboratoire et son atelier pilote R&amp;D en r\u00e9gion parisienne.<\/p>\n\n\n\n<p data-scroll-class=\"fadeInUpSmall\">Depuis 2024, AGI est une filiale du groupe <a href=\"https:\/\/www.jungbunzlauer.com\/\" target=\"_blank\" rel=\"noreferrer noopener\">Jungbunzlauer<\/a>, un producteur leader dans les ingr\u00e9dients de haute qualit\u00e9, durables et d\u2019origine v\u00e9g\u00e9tale .\u00a0<br>Int\u00e9grer le groupe Jungbunzlauer a renforc\u00e9 les capacit\u00e9s d\u2019AGI \u00e0\u00a0 fournir des produits et solutions texturantes innovantes de qualit\u00e9 pour tout types d\u2019industries.<\/p>\n\n<\/div>\n\t\t\t<\/div>\n\t\t<\/div>\n\n\t<\/div>\n<\/div>\n\n\n<!-- Media Combo - Media Combo -->\n\n\n\n\n\n<div  class=\"block__media-combo \/  is-block theme-light theme-light-bg pt-md pb-md\">\n\t<div class=\"container\">\n\n\t\t<div class=\"flex flex-col items-center gap-gutter-lg \/ lg:grid lg:grid-cols-12 lg:gap-x-gutter-xl\">\n\t\t\t<div class=\"lg:col-span-6 order-last\" data-scroll-class='fadeInUpBig'>\n\t\t\t\t\t\t\t\t\t\n\t\t\t\t\n\t<picture class=\"\" data-media-id=\"1650\">\n\t\t<source media=\"(min-width:1280px)\" srcset=\"https:\/\/agi-sa.fr\/wp-content\/uploads\/2025\/01\/lab-image-004-1920x1537.webp\">\n\t\t<source media=\"(min-width:1024px)\" srcset=\"https:\/\/agi-sa.fr\/wp-content\/uploads\/2025\/01\/lab-image-004-1024x819.webp\">\n\t\t<source media=\"(min-width:600px)\" srcset=\"https:\/\/agi-sa.fr\/wp-content\/uploads\/2025\/01\/lab-image-004-800x640.webp\">\n\n\t\t\t\t\t<img decoding=\"async\" class=\" md:aspect-landscape aspect-square object-cover w-full\" src=\"https:\/\/agi-sa.fr\/wp-content\/uploads\/2025\/01\/lab-image-004-800x640.webp\" alt=\"A woman working in a lab\" width=\"2158\" height=\"1727\" loading=\"lazy\">\n\t\t\n  <\/picture>\n\t\t\t\t\t\t\t<\/div>\n\n\t\t\t<div class=\"lg:col-span-6\" data-scroll-class='fadeInUpBig' data-scroll-delay='200'>\n\t\t\t\t<div class=\"acf-innerblocks-container\">\n\n<h2 data-scroll-class=\"fadeInUpSmall\" class=\"wp-block-heading\">Notre mission<\/h2>\n\n\n\n<p data-scroll-class=\"fadeInUpSmall\">Nous d\u00e9veloppons des solutions texturantes sur mesure, adapt\u00e9es aux recettes et aux proc\u00e9d\u00e9s de fabrication&nbsp; afin d&rsquo;am\u00e9liorer et de valoriser les formulations de nos clients. Notre approche repose sur un portefeuille de mati\u00e8res premi\u00e8res, incluant ingr\u00e9dients et hydrocollo\u00efdes, que nous combinons avec notre expertise technique pour offrir des solutions personnalis\u00e9es \u00e0 forte valeur ajout\u00e9e. Notre connaissance approfondie des texturants \u00e0 l&rsquo;\u00e9chelle mondiale nous permet de proposer les meilleures solutions techniques et commerciales.&nbsp;<\/p>\n\n\n\n<p data-scroll-class=\"fadeInUpSmall\">En ayant une vision globale du march\u00e9 des mati\u00e8res premi\u00e8res texturantes, nous sommes en mesure d&rsquo;offrir des perspectives qui facilitent l&rsquo;introduction rapide de nouvelles fonctionnalit\u00e9s tout en garantissant des cha\u00eenes d&rsquo;approvisionnement s\u00e9curis\u00e9es, fiables et rentables. Nous privil\u00e9gions l&rsquo;approvisionnement en mati\u00e8res premi\u00e8res de haute qualit\u00e9, en mettant l&rsquo;accent sur des sources durables et \u00e9thiques&nbsp;<\/p>\n\n<\/div>\n\t\t\t<\/div>\n\t\t<\/div>\n\n\t<\/div>\n<\/div>\n\n\n<!-- Media Combo - Media Combo -->\n\n\n\n\n\n<div  class=\"block__media-combo \/  is-block theme-light theme-light-bg pt-md pb-md\">\n\t<div class=\"container\">\n\n\t\t<div class=\"flex flex-col items-center gap-gutter-lg \/ lg:grid lg:grid-cols-12 lg:gap-x-gutter-xl\">\n\t\t\t<div class=\"lg:col-span-6 \" data-scroll-class='fadeInUpBig'>\n\t\t\t\t\t\t\t\t\t\n\t\t\t\t\n\t<picture class=\"\" data-media-id=\"1646\">\n\t\t<source media=\"(min-width:1280px)\" srcset=\"https:\/\/agi-sa.fr\/wp-content\/uploads\/2025\/01\/agi-people-reviewing-source-2.webp\">\n\t\t<source media=\"(min-width:1024px)\" srcset=\"https:\/\/agi-sa.fr\/wp-content\/uploads\/2025\/01\/agi-people-reviewing-source-2.webp\">\n\t\t<source media=\"(min-width:600px)\" srcset=\"https:\/\/agi-sa.fr\/wp-content\/uploads\/2025\/01\/agi-people-reviewing-source-2-800x600.webp\">\n\n\t\t\t\t\t<img decoding=\"async\" class=\" md:aspect-landscape aspect-square object-cover w-full\" src=\"https:\/\/agi-sa.fr\/wp-content\/uploads\/2025\/01\/agi-people-reviewing-source-2-800x600.webp\" alt=\"Indrediants being sourced\" loading=\"lazy\">\n\t\t\n  <\/picture>\n\t\t\t\t\t\t\t<\/div>\n\n\t\t\t<div class=\"lg:col-span-6\" data-scroll-class='fadeInUpBig' data-scroll-delay='200'>\n\t\t\t\t<div class=\"acf-innerblocks-container\">\n\n<h2 data-scroll-class=\"fadeInUpSmall\" class=\"wp-block-heading\">Pourquoi choisir AGI?<\/h2>\n\n\n\n<p data-scroll-class=\"fadeInUpSmall\"><strong>Performance optimis\u00e9e :<\/strong> Nos solutions am\u00e9liorent la texture et la stabilit\u00e9 des produits finis garantissant une texture optimale tout au long de la dur\u00e9e de vie et int\u00e9grant un co\u00fbt d\u2019usage optimis\u00e9.<\/p>\n\n\n\n<p data-scroll-class=\"fadeInUpSmall\"><strong>Int\u00e9gration transparente:<\/strong> Des d\u00e9cennies d\u2019exp\u00e9rience dans les ingr\u00e9dients texturants d\u2019origine naturelle.\u202f<\/p>\n\n\n\n<p data-scroll-class=\"fadeInUpSmall\"><strong>Support technique expert:<\/strong> Acc\u00e9l\u00e9rez le d\u00e9veloppement de vos recettes, boostez vos innovations produits et optimisez les processus de fabrication&nbsp;<\/p>\n\n\n\n<p data-scroll-class=\"fadeInUpSmall\"><strong>Assurance qualit\u00e9 certifi\u00e9e : <\/strong>Les certifications ISO 9001 et FSSC 22000 garantissent une tra\u00e7abilit\u00e9 compl\u00e8te&nbsp; et la garantie de la s\u00e9curit\u00e9 alimentaire tout au long de la chaine d\u2019approvsionnement et de livraison.&nbsp;<\/p>\n\n\n\n<p data-scroll-class=\"fadeInUpSmall\"><strong>Partenariat fiable : <\/strong>Un engagement \u00e0 long terme pour une collaboration \u00e9troite avec nos fournisseurs et nos clients.<\/p>\n\n<\/div>\n\t\t\t<\/div>\n\t\t<\/div>\n\n\t<\/div>\n<\/div>\n\n\n<!-- Content Container - Block to add a fixed width to your content -->\n\n<div class=\"block__content-container \/  is-block theme-light theme-light-bg pt-lg pb-lg text-start justify-start\">\n\t<div class=\"container\">\n\t\t<div class=\"acf-innerblocks-container\">\n<!-- Testimonial - Testimonial -->\n\n<div class=\"block__testimonial \/  is-block theme-white theme-white-bg has-overlap \/ flex flex-col gap-gutter-lg justify-center items-center text-center py px-gutter\" role=\"complementary\" aria-label=\"Testimonial\">\n\n\t<svg width=\"42\" height=\"37\" viewBox=\"0 0 42 37\" fill=\"none\" xmlns=\"http:\/\/www.w3.org\/2000\/svg\">\n<path d=\"M41.7362 8.12518C39.1762 9.06384 37.2135 10.5145 35.8482 12.4772C34.5682 14.4398 33.9282 16.7865 33.9282 19.5172H41.7362V36.7972H25.7362V19.5172C25.7362 17.1278 26.1628 14.9092 27.0162 12.8612C27.8695 10.8132 29.0215 9.02118 30.4722 7.48518C31.9228 5.86384 33.5868 4.49851 35.4642 3.38918C37.4268 2.27984 39.5175 1.38384 41.7362 0.701172V8.12518ZM16.2642 8.12518C13.7042 9.06384 11.7415 10.5145 10.3762 12.4772C9.09616 14.4398 8.45616 16.7865 8.45616 19.5172H16.2642V36.7972H0.26416V19.5172C0.26416 17.1278 0.690827 14.9092 1.54416 12.8612C2.39749 10.8132 3.54949 9.02118 5.00016 7.48518C6.45083 5.86384 8.11483 4.49851 9.99216 3.38918C11.9548 2.27984 14.0455 1.38384 16.2642 0.701172V8.12518Z\" fill=\"currentColor\"\/>\n<\/svg>\n\n\t<div class=\"h3 max-w-[960px] *:leading-tight\" aria-live=\"polite\">\n\t\t<div class=\"acf-innerblocks-container\">\n\n<p data-scroll-class=\"fadeInUpSmall\">Encore <mark style=\"background-color:rgba(0, 0, 0, 0)\" class=\"has-inline-color has-green-100-color\">merci \u00e0 toute<\/mark> votre \u00e9quipe pour l\u2019accueil et le programme tr\u00e8s complet de la journ\u00e9e, nous sommes tr\u00e8s satisfaits non seulement par le contenu du s\u00e9minaire mais aussi par la qualit\u00e9 des \u00e9quipements de votre atelier pilote.<\/p>\n\n<\/div>\n\t<\/div>\n\n\t<div class=\"flex flex-col gap-gutter-sm md:flex-row md:gap-gutter items-center text-start\" aria-labelledby=\"testimonialName\" aria-describedby=\"testimonialTitle\">\n\n\t\t<figure data-scroll-class='fadeIn' data-scroll-delay='600'>\n\t\t\t\t\t<\/figure>\n\n\t\t<div class=\"text-center md:text-left\" data-scroll-class='fadeIn' data-scroll-delay='600'>\n\t\t\t<strong class=\"uppercase\" id=\"testimonialName\">\n\t\t\t\t\n\t\t\t<\/strong>\n\t\t\t<br>\n\t\t\t<span class=\"text-gray-50\" id=\"testimonialTitle\">\n\t\t\t\tCommentaires d\u2019un industriel laitier apr\u00e8s un s\u00e9minaire \u00e0 AGI\n\t\t\t<\/span>\n\t\t<\/div>\n\n\t<\/div>\n\n<\/div>\n\n<\/div>\n\t<\/div>\n<\/div>\n\n\n<!-- Introduction - Introduction block -->\n\n\t\n\n<div class=\"block__introduction \/  is-block theme-dark theme-dark-bg pt-lg pb-md has-text-lg\">\n\t<div class=\"container\">\n\t\t<div class=\"flex flex-col gap-gutter \/ lg:grid lg:grid-flow-col lg:auto-cols-fr\">\n\n\t\t\t<div class=\"flex-stack gap-24\">\n\n<h3 data-scroll-class=\"fadeInUpSmall\" class=\"wp-block-heading has-xx-large-font-size\">Une carri\u00e8re dans l\u2019innovation, <mark style=\"background-color:rgba(0, 0, 0, 0)\" class=\"has-inline-color has-green-140-color\">o\u00f9 vous pouvez avoir un impact<\/mark><\/h3>\n\n<\/div>\n\n\t\t\t<div class=\"flex-stack gap-24\" data-scroll-class='fadeIn' data-scroll-delay='600'>\n\t\t\t\t<p>Chez AGI, nous pensons que nous travaillons mieux lorsque nous travaillons ensemble. C\u2019est pourquoi nous relevons de nouveaux d\u00e9fis c\u00f4te \u00e0 c\u00f4te en tant qu\u2019\u00e9quipe collaborative avec pour mission de stimuler l\u2019innovation et d\u2019offrir une qualit\u00e9 exceptionnelle. Apprenez-en plus sur la vie chez AGI et les comp\u00e9tences que nous recherchons chez les personnes que nous employons.<\/p>\n\n\n\t\t\t\t\t\t\t\t\t<div>\n\t\t\t\t\t\t\n\t\t\t\t\t\t\n<a href=\"https:\/\/agi-sa.fr\/fr\/carrieres\/\" id=\"block_7db72e06a196a351d68a8d7ddcb33879\" class=\"btn inline-flex \" target=\"\">\n\n\t<span class=\"btn-inner\">\n\n\t\t\t\t<svg width=\"8\" height=\"12\" viewBox=\"0 0 8 12\"  xmlns=\"http:\/\/www.w3.org\/2000\/svg\">\n<path  d=\"M0 0.294643L5.7737 5.94643V6.05357L0 11.7054V12H2.07951L8 6.24107V5.75893L2.07951 0H0V0.294643Z\"  fill=\"currentColor\" \/>\n<\/svg>\n\t\n\tCarri\u00e8res \u00e0 AGI\n\n\t\n\t<\/span>\n\n<\/a>\n\n\t\t\n\t\t\t\n\n\t\n\n\t\t\t\t\t<\/div>\n\t\t\t\t\n\t\t\t<\/div>\n\n\t\t<\/div>\n\t<\/div>\n<\/div>\n\n","protected":false},"excerpt":{"rendered":"","protected":false},"author":2,"featured_media":0,"parent":0,"menu_order":0,"comment_status":"closed","ping_status":"closed","template":"","meta":{"_acf_changed":false,"inline_featured_image":false,"footnotes":""},"class_list":["post-294","page","type-page","status-publish","hentry"],"acf":[],"_links":{"self":[{"href":"https:\/\/agi-sa.fr\/fr\/wp-json\/wp\/v2\/pages\/294","targetHints":{"allow":["GET"]}}],"collection":[{"href":"https:\/\/agi-sa.fr\/fr\/wp-json\/wp\/v2\/pages"}],"about":[{"href":"https:\/\/agi-sa.fr\/fr\/wp-json\/wp\/v2\/types\/page"}],"author":[{"embeddable":true,"href":"https:\/\/agi-sa.fr\/fr\/wp-json\/wp\/v2\/users\/2"}],"replies":[{"embeddable":true,"href":"https:\/\/agi-sa.fr\/fr\/wp-json\/wp\/v2\/comments?post=294"}],"version-history":[{"count":0,"href":"https:\/\/agi-sa.fr\/fr\/wp-json\/wp\/v2\/pages\/294\/revisions"}],"wp:attachment":[{"href":"https:\/\/agi-sa.fr\/fr\/wp-json\/wp\/v2\/media?parent=294"}],"curies":[{"name":"wp","href":"https:\/\/api.w.org\/{rel}","templated":true}]}}