{"id":324,"date":"2024-11-28T10:33:20","date_gmt":"2024-11-28T10:33:20","guid":{"rendered":"https:\/\/agi-sa.fr\/ce-que-nous-faisons\/"},"modified":"2025-03-12T10:04:39","modified_gmt":"2025-03-12T10:04:39","slug":"ce-que-nous-faisons","status":"publish","type":"page","link":"https:\/\/agi-sa.fr\/fr\/ce-que-nous-faisons\/","title":{"rendered":"Ce que nous faisons"},"content":{"rendered":"<!-- Hero Banner - Hero Banner at the top of the page -->\n\n\n<div id=\"site-banner\" class=\"block__hero-banner \/  is-block theme-white theme-white-bg overflow-hidden md-down:pb-40\">\n\t<div class=\"container md:py-gutter\">\n\t\t<div class=\"flex flex-col \/ md:gap-gutter-xl md:grid md:grid-flow-col md:auto-cols-fr md:items-center md:min-h-banner-hero\">\n\n\t\t\t<div class=\"flex-stack gap-gutter justify-center order-2 max-w-banner-hero-width \/ md:order-1 \/ mt-gutter md:mt-0\">\n\t\t\t\t\t\t\t\t<p class=\"text-subtitle\" data-scroll-class='fadeInUpSmall' data-scroll-delay='200'>\n\t\t\t\t\tCe que nous faisons\n\t\t\t\t<\/p>\n\t\t\t\t\n\t\t\t\t<div class=\"has-text-lg text-balance\" data-scroll-class='fadeInUpSmall' data-scroll-delay='400'>\n\t\t\t\t\t<div class=\"flex-stack gap-24\">\n\n<h1 data-scroll-class=\"fadeInUpSmall\" class=\"wp-block-heading\">Des <mark style=\"background-color:rgba(0, 0, 0, 0)\" class=\"has-inline-color has-green-100-color\">solutions de texture<\/mark> sur mesure pour am\u00e9liorer vos produits&nbsp;<\/h1>\n\n\n\n<p data-scroll-class=\"fadeInUpSmall\">Notre \u00e9quipe d\u2019experts vous apporte des solutions innovantes, adapt\u00e9es aux exigences sp\u00e9cifiques de vos produits.&nbsp;<br><\/p>\n\n\n<!-- Ce que nous faisons - A group of buttons -->\n\n<div class=\"block__buttons \/  is-block pt-0 pb-0 \/ flex flex-row justify-start gap-gutter-sm flex-wrap\" data-scroll-class='fadeInUpSmall'>\n\t\n\t\n\n\t\n\t\t\t\t\t<a  href=\"https:\/\/agi-sa.fr\/fr\/produits\/\" id=\"block_de6a0d5bb63b8c4bd169e9a38bf1d822\" class=\"btn-text \" target=\"\">\n\n\t<span class=\"btn-icon\">\n\t\t<span class=\"btn-icon-inner\"><\/span>\n\t<\/span>\n\n\tVoir les produits \n\n<\/a>\n\n\t\t\n\t\t\n\t\n\n<\/div>\n\n<\/div>\n\t\t\t\t<\/div>\n\t\t\t<\/div>\n\n\n\t\t\t\n\n\t\t<\/div>\n\t<\/div>\n<\/div>\n\n<script>\nvar body = document.body;\nbody.classList.add(\"has-banner\");\n<\/script>\n\n\n<!-- Content Container - Block to add a fixed width to your content -->\n\n<div class=\"block__content-container \/  is-block theme-white theme-white-bg pt-md pb-md text-start justify-start\">\n\t<div class=\"container\">\n\t\t<div class=\"acf-innerblocks-container\">\n\n<h3 data-scroll-class=\"fadeInUpSmall\" class=\"wp-block-heading\">Ce que nous faisons&nbsp;<\/h3>\n\n\n<!-- Columns - Columns -->\n<div class=\"flex flex-col md:flex-row gap-gutter md:gap-gutter block__columns \/  is-block\">\n<!-- Column - Column -->\n<div class=\"block__column \/  is-block text-start justify-start flex-1 md:basis-2\/3\">\n\t<div class=\"acf-innerblocks-container\">\n\n<p data-scroll-class=\"fadeInUpSmall\">Nous sommes sp\u00e9cialis\u00e9s dans la cr\u00e9ation de syst\u00e8mes de stabilisation sur mesure, combinant notre expertise en mati\u00e8re d\u2019ingr\u00e9dients texturants et d\u2019hydrocollo\u00efdes avec notre connaissance des recettes et des processus de fabrication.Travaillant en \u00e9troite collaboration avec nos clients, nous fournissons des solutions d\u2019ingr\u00e9dients et de texturants \u00e0 fa\u00e7on qui r\u00e9pondent \u00e0 des exigences fonctionnelles et de performance pr\u00e9cises, toutes fi\u00e8rement fabriqu\u00e9es en France.&nbsp;<\/p>\n\n<\/div>\n<\/div>\n\n\n<!-- Column - Column -->\n<div class=\"block__column \/  is-block text-start justify-start flex-1 md:basis-1\/3\">\n\t<div class=\"acf-innerblocks-container\"><\/div>\n<\/div>\n\n<\/div>\n\n\n<\/div>\n\t<\/div>\n<\/div>\n\n\n<!-- Content Container - Block to add a fixed width to your content -->\n\n<div class=\"block__content-container \/  is-block theme-white theme-white-bg pt-0 pb-lg text-start justify-start\">\n\t<div class=\"container\">\n\t\t<div class=\"acf-innerblocks-container\">\n<!-- Video Embed - Embed a video file -->\n\n<div  class=\"block__video-embed \/  is-block has-overlap\" data-scroll-class='fadeInUpSmall'>\n\t<video\n\tposter=\"https:\/\/agi-sa.fr\/wp-content\/uploads\/2025\/01\/video-banner-poster-2.webp\"\n\tpreload=\"auto\"\n\t\tautoplay\n\tplaysinline\n\t\n\t\tmuted\n\t\n\t\tloop\n\t\n\t\tclass=\"w-full block object-cover object-center\"\n\twidth=\"1400\"\n\theight=\"564\">\n\n\t<source src=\"https:\/\/agi-sa.fr\/wp-content\/uploads\/2025\/01\/video-banner-optimised-3.mp4\" type=\"video\/mp4\" \/>\n<\/video>\n<\/div>\n\n<\/div>\n\t<\/div>\n<\/div>\n\n\n<!-- Media Combo - Media Combo -->\n\n\n\n\n\n<div  class=\"block__media-combo \/  is-block theme-dark theme-dark-bg pt-lg pb-md\">\n\t<div class=\"container\">\n\n\t\t<div class=\"flex flex-col items-start gap-gutter-lg \/ lg:grid lg:grid-cols-12 lg:gap-x-gutter-xl\">\n\t\t\t<div class=\"lg:col-span-6 order-last\" data-scroll-class='fadeInUpBig'>\n\t\t\t\t\t\t\t\t\t\n\t\t\t\t\n\t<picture class=\"\" data-media-id=\"1397\">\n\t\t<source media=\"(min-width:1280px)\" srcset=\"https:\/\/agi-sa.fr\/wp-content\/uploads\/2025\/01\/c1164b10-4149-4c9e-bc80-867db9e187ed-1920x1440.webp\">\n\t\t<source media=\"(min-width:1024px)\" srcset=\"https:\/\/agi-sa.fr\/wp-content\/uploads\/2025\/01\/c1164b10-4149-4c9e-bc80-867db9e187ed-1024x768.webp\">\n\t\t<source media=\"(min-width:600px)\" srcset=\"https:\/\/agi-sa.fr\/wp-content\/uploads\/2025\/01\/c1164b10-4149-4c9e-bc80-867db9e187ed-800x600.webp\">\n\n\t\t\t\t\t<img decoding=\"async\" class=\" md:aspect-auto aspect-auto object-cover w-full\" src=\"https:\/\/agi-sa.fr\/wp-content\/uploads\/2025\/01\/c1164b10-4149-4c9e-bc80-867db9e187ed-800x600.webp\" alt=\"AGI team in the lab\" loading=\"lazy\">\n\t\t\n  <\/picture>\n\t\t\t\t\t\t\t<\/div>\n\n\t\t\t<div class=\"lg:col-span-6\" data-scroll-class='fadeInUpBig' data-scroll-delay='200'>\n\t\t\t\t<div class=\"acf-innerblocks-container\">\n\n<h3 data-scroll-class=\"fadeInUpSmall\" class=\"wp-block-heading\">Notre expertise en action \u202f&nbsp;<\/h3>\n\n\n\n<h4 data-scroll-class=\"fadeInUpSmall\" class=\"wp-block-heading has-medium-font-size\">Ma\u00eetrise des mati\u00e8res premi\u00e8res&nbsp;&nbsp;<\/h4>\n\n\n\n<p data-scroll-class=\"fadeInUpSmall\">Chez AGI nous veillons \u00e0 ce que chaque ingr\u00e9dient r\u00e9ponde aux normes de qualit\u00e9 et de fonctionnalit\u00e9 les plus \u00e9lev\u00e9es. Nos ing\u00e9nieurs exp\u00e9riment\u00e9s s&rsquo;appuient sur leur savoir-faire pour offrir une qualit\u00e9 et des performances constantes, adapt\u00e9es \u00e0 vos besoins sp\u00e9cifiques.&nbsp;&nbsp;<\/p>\n\n\n\n<p data-scroll-class=\"fadeInUpSmall\">Nos \u00e9quipes poss\u00e8dent un ensemble de connaissances techniques indispensables \u00e0 la s\u00e9lection des meilleures mati\u00e8res premi\u00e8res pouvant \u00eatre associ\u00e9es pour r\u00e9pondre \u00e0 votre besoin technique.<\/p>\n\n\n\n<p data-scroll-class=\"fadeInUpSmall\">Notre solide exp\u00e9rience concernant le traitement de ces mati\u00e8res nous permet de sourcer la qualit\u00e9 appropri\u00e9e pour telle ou telle texture recherch\u00e9e.&nbsp;<\/p>\n\n\n\n<p data-scroll-class=\"fadeInUpSmall\">Notre longue relation avec nos fournisseurs nous permet d\u2019avoir une logistique robuste et fiable. AGI vous simplifie l\u2019approvisionnement de vos texturants, acc\u00e9l\u00e9rant ainsi vos d\u00e9veloppements et mises sur le march\u00e9.&nbsp;&nbsp;&nbsp;<\/p>\n\n\n\n<p data-scroll-class=\"fadeInUpSmall\">Notre veille active nous permet d\u2019avoir des ingr\u00e9dients toujours novateurs et r\u00e9pondant aux besoins du march\u00e9.&nbsp;&nbsp;<\/p>\n\n\n\n<p data-scroll-class=\"fadeInUpSmall\">Gr\u00e2ce \u00e0 une compr\u00e9hension approfondie de la fa\u00e7on dont les hydrocollo\u00efdes interagissent avec d\u2019autres ingr\u00e9dients de la recette nous \u00e9laborons des formulations efficaces. Nous sommes toujours \u00e0 m\u00eame de cr\u00e9er des formulations pertinentes pour stabiliser une sauce, am\u00e9liorer une texture de produit surgel\u00e9, remplacer des ingr\u00e9dients co\u00fbteux\u2026&nbsp;<\/p>\n\n\n\n<p data-scroll-class=\"fadeInUpSmall\">Nous d\u00e9veloppons des solutions innovantes qui optimisent \u00e0 la fois la fonctionnalit\u00e9 et la rentabilit\u00e9.&nbsp;&nbsp;<\/p>\n\n\n\n<h4 data-scroll-class=\"fadeInUpSmall\" class=\"wp-block-heading has-medium-font-size\">Tests d\u2019application pour des r\u00e9sultats garantis&nbsp;&nbsp;<\/h4>\n\n\n\n<p data-scroll-class=\"fadeInUpSmall\">Nous testons rigoureusement chaque formulation dans nos laboratoires et centre d\u2019application R&amp;D sous la supervision d\u2019experts. Qu\u2019il s\u2019agisse de produits laitiers, de viande, de sauces ou d\u2019aliments pour animaux de compagnie, nous veillons \u00e0 ce que nos solutions soient parfaitement align\u00e9es sur les besoins de votre application.\u202f&nbsp;<\/p>\n\n<\/div>\n\t\t\t<\/div>\n\t\t<\/div>\n\n\t<\/div>\n<\/div>\n\n\n<!-- Media Combo - Media Combo -->\n\n\n\n\n\n<div  class=\"block__media-combo \/  is-block theme-light theme-light-bg pt-lg pb-md\">\n\t<div class=\"container\">\n\n\t\t<div class=\"flex flex-col items-start gap-gutter-lg \/ lg:grid lg:grid-cols-12 lg:gap-x-gutter-xl\">\n\t\t\t<div class=\"lg:col-span-6 \" data-scroll-class='fadeInUpBig'>\n\t\t\t\t\t\t\t\t\t\n\t\t\t\t\n\t<picture class=\"\" data-media-id=\"1277\">\n\t\t<source media=\"(min-width:1280px)\" srcset=\"https:\/\/agi-sa.fr\/wp-content\/uploads\/2025\/01\/Image-Fixed-Aspect-Ratio.webp\">\n\t\t<source media=\"(min-width:1024px)\" srcset=\"https:\/\/agi-sa.fr\/wp-content\/uploads\/2025\/01\/Image-Fixed-Aspect-Ratio.webp\">\n\t\t<source media=\"(min-width:600px)\" srcset=\"https:\/\/agi-sa.fr\/wp-content\/uploads\/2025\/01\/Image-Fixed-Aspect-Ratio.webp\">\n\n\t\t\t\t\t<img decoding=\"async\" class=\" md:aspect-auto aspect-auto object-cover w-full\" src=\"https:\/\/agi-sa.fr\/wp-content\/uploads\/2025\/01\/Image-Fixed-Aspect-Ratio.webp\" alt=\"A photo of AGI specialists mixing products\" width=\"630\" height=\"394\" loading=\"lazy\">\n\t\t\n  <\/picture>\n\t\t\t\t\t\t\t<\/div>\n\n\t\t\t<div class=\"lg:col-span-6\" data-scroll-class='fadeInUpBig' data-scroll-delay='200'>\n\t\t\t\t<div class=\"acf-innerblocks-container\">\n\n<h3 data-scroll-class=\"fadeInUpSmall\" class=\"wp-block-heading\">Des services sur mesure pour r\u00e9pondre \u00e0 vos besoins&nbsp;<\/h3>\n\n\n\n<h4 data-scroll-class=\"fadeInUpSmall\" class=\"wp-block-heading has-medium-font-size\">La formulation sur-mesure : une fa\u00e7on pertinente de se distinguer&nbsp;<\/h4>\n\n\n\n<p data-scroll-class=\"fadeInUpSmall\">Longue exp\u00e9rience et \u00e9coute attentive d\u00e9finissent en deux points essentiels nos experts. Ils d\u00e9veloppent votre requ\u00eate en une formulation sur-mesure, parfaitement adapt\u00e9e \u00e0 votre recette et \u00e0 votre produit.&nbsp;<\/p>\n\n\n\n<h4 data-scroll-class=\"fadeInUpSmall\" class=\"wp-block-heading has-medium-font-size\">Notre accompagnement dans l\u2019\u00e9laboration de vos propres recettes&nbsp;<\/h4>\n\n\n\n<p data-scroll-class=\"fadeInUpSmall\">Que vous d\u00e9veloppiez un nouveau produit ou que vous souhaitiez am\u00e9liorer une recette existante, notre mission consiste alors \u00e0 vous aider dans sa fabrication, qu\u2019il est parfois possible de perfectionner. Dans ce cas particulier, nos experts vous proposent des suggestions pr\u00e9cises.&nbsp;<\/p>\n\n\n\n<h4 data-scroll-class=\"fadeInUpSmall\" class=\"wp-block-heading has-medium-font-size\">Une \u00e9quipe tr\u00e8s r\u00e9active : un mode de fonctionnement, tout simplement&nbsp;<\/h4>\n\n\n\n<p data-scroll-class=\"fadeInUpSmall\">Lorsque vous venez vers nous, c\u2019est que vous avez enclench\u00e9 une r\u00e9felxion, un projetqui doivent \u00eatre g\u00e9r\u00e9s au mieux et au plus vite.&nbsp;<br>C\u2019est pourquoi nous nous engageons \u00e0 faire preuve d\u2019une grande r\u00e9activit\u00e9 et&nbsp; flexibilit\u00e9 pour garantir \u00e0 notre partenariat le succ\u00e8s escompt\u00e9.&nbsp;<\/p>\n\n\n\n<h6 data-scroll-class=\"fadeInUpSmall\" class=\"wp-block-heading\">L\u2019\u00e9laboration de vos formules associ\u00e9e \u00e0 votre rentabilit\u00e9&nbsp;<\/h6>\n\n\n\n<p data-scroll-class=\"fadeInUpSmall\">La ma\u00eetrise de nos experts, en mati\u00e8re de portefeuille de texturants ou de syst\u00e8mes, vous assure des produits con\u00e7us et pens\u00e9s pour r\u00e9pondre \u00e0 tous les crit\u00e8res de la s\u00e9curit\u00e9 alimentaire. Sur le plan financier aussi, nous nous attachons \u00e0 respecter consciencieusement le cahier des charges fourni.<\/p>\n\n\n\n<h6 data-scroll-class=\"fadeInUpSmall\" class=\"wp-block-heading\">Conditionnement \u00e0 fa\u00e7on : AGI r\u00e9pond \u00e0 vos demandes particuli\u00e8res.&nbsp;<\/h6>\n\n\n\n<p data-scroll-class=\"fadeInUpSmall\">Poids de sacs r\u00e9duits ou au contraire demande de Big Bags, d\u2019\u00e9tiquettes sp\u00e9cifiques,&#8230; vos produits sont conditionn\u00e9s selon vos exigences ou vos pr\u00e9f\u00e9rences, tout naturellement.&nbsp;<\/p>\n\n<\/div>\n\t\t\t<\/div>\n\t\t<\/div>\n\n\t<\/div>\n<\/div>\n\n\n<!-- Content Container - Block to add a fixed width to your content -->\n\n<div class=\"block__content-container \/  is-block theme-light theme-light-bg pt-sm pb-sm text-start justify-start\">\n\t<div class=\"container\">\n\t\t<div class=\"acf-innerblocks-container\">\n\n<h3 data-scroll-class=\"fadeInUpSmall\" class=\"wp-block-heading\">l&rsquo;innovation par l&rsquo;audace et la cr\u00e9ativit\u00e9&nbsp;<\/h3>\n\n<\/div>\n\t<\/div>\n<\/div>\n\n\n<!-- Content Container - Block to add a fixed width to your content -->\n\n<div class=\"block__content-container \/  is-block theme-light theme-light-bg pt-0 pb-0 text-start justify-start\">\n\t<div class=\"container\">\n\t\t<div class=\"acf-innerblocks-container\">\n<!-- Columns - Columns -->\n<div class=\"flex flex-col md:flex-row gap-gutter md:gap-gutter block__columns \/  is-block\">\n<!-- Column - Column -->\n<div class=\"block__column \/  is-block text-start justify-start flex-1 md:basis-1\/2\">\n\t<div class=\"acf-innerblocks-container\">\n\n<h4 data-scroll-class=\"fadeInUpSmall\" class=\"wp-block-heading has-medium-font-size\">Recherche et d\u00e9veloppement&nbsp;&nbsp;<\/h4>\n\n\n\n<p data-scroll-class=\"fadeInUpSmall\">Pour nous, l\u2019innovation est plus qu\u2019un objectif, c\u2019est une valeur qui fa\u00e7onne tout ce que nous faisons. Avec cr\u00e9ativit\u00e9, nous nous effor\u00e7ons de lancer de nouveaux produits et processus qui rel\u00e8vent des d\u00e9fis uniques et comblent les attentes de nos clients.&nbsp;&nbsp;<\/p>\n\n<\/div>\n<\/div>\n\n\n<!-- Column - Column -->\n<div class=\"block__column \/  is-block text-start justify-start flex-1 md:basis-1\/2\">\n\t<div class=\"acf-innerblocks-container\">\n\n<h4 data-scroll-class=\"fadeInUpSmall\" class=\"wp-block-heading has-medium-font-size\">Notre centre d\u2019application R&amp;D est \u00e9quip\u00e9 d\u2019outils nous permettant de r\u00e9aliser des maquettes de toutes sortes d\u2019applications : produits laitiers ou de salaison, sauces&#8230;&nbsp;&nbsp;<\/h4>\n\n\n\n<p data-scroll-class=\"fadeInUpSmall\">Ainsi, nous pouvons faire des traitements thermiques de pasteurisation batch ou continu. Nous avons aussi la possibilit\u00e9 de faire de l\u2019UHT de mani\u00e8re tr\u00e8s flexible sur les temps et temp\u00e9rature appliqu\u00e9s, l\u2019\u00e9tape d\u2019homog\u00e9n\u00e9isation peut aussi \u00eatre r\u00e9alis\u00e9e en amont ou apr\u00e8s le traitement thermique.&nbsp;&nbsp;<\/p>\n\n<\/div>\n<\/div>\n\n<\/div>\n\n\n<\/div>\n\t<\/div>\n<\/div>\n\n\n<!-- Content Container - Block to add a fixed width to your content -->\n\n<div class=\"block__content-container \/  is-block theme-light theme-light-bg pt-0 pb-sm text-start justify-start\">\n\t<div class=\"container\">\n\t\t<div class=\"acf-innerblocks-container\">\n<!-- Columns - Columns -->\n<div class=\"flex flex-col md:flex-row gap-gutter md:gap-gutter block__columns \/  is-block\">\n<!-- Column - Column -->\n<div class=\"block__column \/  is-block text-start justify-start flex-1 md:basis-1\/2\">\n\t<div class=\"acf-innerblocks-container\">\n\n<h4 data-scroll-class=\"fadeInUpSmall\" class=\"wp-block-heading has-medium-font-size\">Pr\u00e9cision gr\u00e2ce \u00e0 une technologie de pointe&nbsp;&nbsp;<\/h4>\n\n\n\n<p data-scroll-class=\"fadeInUpSmall\">\u00c9quip\u00e9s d\u2019outils de pointe pour la caract\u00e9risation des textures, nous plongeons dans la science de la viscosit\u00e9, de la force de gel et autres fonctionnalit\u00e9s. En adaptant nos formulations aux applications du monde industriel, nous nous assurons que nos solutions r\u00e9pondent aux besoins de nos clients et&nbsp;des consommateurs.&nbsp;<\/p>\n\n<\/div>\n<\/div>\n\n\n<!-- Column - Column -->\n<div class=\"block__column \/  is-block text-start justify-start flex-1 md:basis-1\/2\">\n\t<div class=\"acf-innerblocks-container\"><\/div>\n<\/div>\n\n<\/div>\n\n\n<\/div>\n\t<\/div>\n<\/div>\n\n\n<!-- Media Combo - Media Combo -->\n\n\n\n\n\n<div  class=\"block__media-combo \/  is-block theme-light theme-light-bg pt-md pb-md\">\n\t<div class=\"container\">\n\n\t\t<div class=\"flex flex-col items-start gap-gutter-lg \/ lg:grid lg:grid-cols-12 lg:gap-x-gutter-xl\">\n\t\t\t<div class=\"lg:col-span-6 \" data-scroll-class='fadeInUpBig'>\n\t\t\t\t\t\t\t\t\t\n\t\t\t\t\n\t<picture class=\"\" data-media-id=\"1646\">\n\t\t<source media=\"(min-width:1280px)\" srcset=\"https:\/\/agi-sa.fr\/wp-content\/uploads\/2025\/01\/agi-people-reviewing-source-2.webp\">\n\t\t<source media=\"(min-width:1024px)\" srcset=\"https:\/\/agi-sa.fr\/wp-content\/uploads\/2025\/01\/agi-people-reviewing-source-2.webp\">\n\t\t<source media=\"(min-width:600px)\" srcset=\"https:\/\/agi-sa.fr\/wp-content\/uploads\/2025\/01\/agi-people-reviewing-source-2-800x600.webp\">\n\n\t\t\t\t\t<img decoding=\"async\" class=\" md:aspect-auto aspect-auto object-cover w-full\" src=\"https:\/\/agi-sa.fr\/wp-content\/uploads\/2025\/01\/agi-people-reviewing-source-2-800x600.webp\" alt=\"Indrediants being sourced\" width=\"1000\" height=\"750\" loading=\"lazy\">\n\t\t\n  <\/picture>\n\t\t\t\t\t\t\t<\/div>\n\n\t\t\t<div class=\"lg:col-span-6\" data-scroll-class='fadeInUpBig' data-scroll-delay='200'>\n\t\t\t\t<div class=\"acf-innerblocks-container\">\n\n<h3 data-scroll-class=\"fadeInUpSmall\" class=\"wp-block-heading\">Qualit\u00e9 &amp; s\u00e9curit\u00e9 alimentaire : une d\u00e9marche rigoureuse vers l\u2019excellence&nbsp;<\/h3>\n\n\n\n<h4 data-scroll-class=\"fadeInUpSmall\" class=\"wp-block-heading has-medium-font-size\">Pour AGI, qualit\u00e9 et s\u00e9curit\u00e9 vont de soi&nbsp;<\/h4>\n\n\n\n<p data-scroll-class=\"fadeInUpSmall\">AGI adh\u00e8re \u00e0 une philosophie de qualit\u00e9 sans compromis ax\u00e9e sur la s\u00e9curit\u00e9 alimentaire. Nous s\u00e9lectionnons soigneusement les mati\u00e8res premi\u00e8res aupr\u00e8s de fournisseurs exemplaires, en veillant \u00e0 ce que seuls les meilleurs ingr\u00e9dients soient utilis\u00e9s dans nos formulations.<\/p>\n\n\n\n<h4 data-scroll-class=\"fadeInUpSmall\" class=\"wp-block-heading has-medium-font-size\">Des mati\u00e8res premi\u00e8res et des produits finis rigoureusement contr\u00f4l\u00e9s&nbsp;<\/h4>\n\n\n\n<p data-scroll-class=\"fadeInUpSmall\">Tout travail de nouvelle formulation suppose d&rsquo;avoir valid\u00e9 en amont les mati\u00e8res premi\u00e8res et toute livraison fait l\u2019object au pr\u00e9alable \u00e0 d\u2019un contr\u00f4le lib\u00e9ratoire. Ces deux \u00e9tapes sont effectu\u00e9es par notre service Qualit\u00e9 et garantissent la qualit\u00e9 et la s\u00e9curit\u00e9 alimentaire de nos produits.&nbsp;<\/p>\n\n\n\n<h4 data-scroll-class=\"fadeInUpSmall\" class=\"wp-block-heading has-medium-font-size\">Une fabrication respectueuse des normes et de la tra\u00e7abilit\u00e9&nbsp;<\/h4>\n\n\n\n<p data-scroll-class=\"fadeInUpSmall\">AGI est certifi\u00e9 selon&nbsp;les normes ISO 9001 et FSSC 22000. Nos produits b\u00e9n\u00e9ficient d\u2019une tra\u00e7abilit\u00e9 en amont et en aval gr\u00e2ce \u00e0 notre syst\u00e8me de gestion ERP. Par ailleurs, nos produits b\u00e9n\u00e9ficient des certifications Halal et Kasher.&nbsp;<\/p>\n\n\n\n<p data-scroll-class=\"fadeInUpSmall\">Chaque \u00e9tape de notre processus est r\u00e9gie par des contr\u00f4les de qualit\u00e9 stricts. Les mati\u00e8res premi\u00e8res sont rigoureusement contr\u00f4l\u00e9es avant d\u2019\u00eatre utilis\u00e9es, et tout produit quittant nos installations a r\u00e9pondu avec succ\u00e8s aux contr\u00f4les lib\u00e9ratoires r\u00e9alis\u00e9s. Ces mesures, men\u00e9es par notre service Qualit\u00e9&nbsp; garantissent la s\u00e9curit\u00e9 alimentaire et l\u2019int\u00e9grit\u00e9 de nos solutions.&nbsp;<\/p>\n\n<\/div>\n\t\t\t<\/div>\n\t\t<\/div>\n\n\t<\/div>\n<\/div>\n\n\n<!-- Ce que nous faisons - Find out more -->\n\n<div class=\"block__find-out-more \/  is-block theme-dark theme-dark-bg py\">\n\t<div class=\"container\">\n\n\t\t<div class=\"flex flex-col md:grid grid-cols-12 md:items-center gap-gutter\">\n\t\t\t<div class=\"col-span-6 lg:col-span-4\">\n\t\t\t\t<div class=\"acf-innerblocks-container\">\n\n<h2 data-scroll-class=\"fadeInUpSmall\" class=\"wp-block-heading\">En savoir plus \u00e0 <mark style=\"background-color:rgba(0, 0, 0, 0)\" class=\"has-inline-color has-green-100-color\">propos d&rsquo;AGI<\/mark>&nbsp;<\/h2>\n\n<\/div>\n\t\t\t<\/div>\n\n\t\t\t<div class=\"col-span-6 lg:col-span-8 \/ flex flex-col lg:grid grid-cols-2 gap-gutter\">\n\t\t\t\t\t\t\t\t\t\n\n<div data-scroll-class=\"fadeInUpBig\" data-scroll-delay=\"100\" class=\"\">\n\n\t<a class=\"group link flex flex-col gap-gutter justify-between p theme-white-bg hover:shadow-lg transition \" href=\"https:\/\/agi-sa.fr\/fr\/carrieres\/\">\n\n\t\t<h3 class=\"h4 break-words transition mb-0 text-green-100 group-hover:text-blue-100\">Carri\u00e8res \u00e0 AGI <\/h3>\n\n\t\t\t<p class=\"hidden lg:flex mb-0 min-h-120\">Explorez la joie de travailler chez AGI et d\u00e9couvrez comment vous pouvez passer \u00e0 l\u2019\u00e9tape suivante de votre carri\u00e8re avec nous, en travaillant au sein d\u2019une \u00e9quipe collaborative qui valorise l\u2019innovation et donne la priorit\u00e9 \u00e0 la croissance personnelle. <\/p>\n\t\n\t\t<div class=\"flex justify-end\">\n\t\t\t\n<button tabindex=\"-1\" id=\"\" type=\"\" class=\"btn-circle group-hover:bg-blue-100\" >\n\n\t<span class=\"sr-only\">\n\t\tCarri\u00e8res \u00e0 AGI \n\t<\/span>\n\n\t<span class=\"btn-icon\">\n\t\t<span class=\"btn-icon-inner\"><\/span>\n\t<\/span>\n\n<\/button>\n\n\t\t<\/div>\n\n\t<\/a>\n<\/div>\n\n\t\t\t\t\t\t\t\t\t\t\n\n<div data-scroll-class=\"fadeInUpBig\" data-scroll-delay=\"200\" class=\"lg:mt-72\">\n\n\t<a class=\"group link flex flex-col gap-gutter justify-between p theme-white-bg hover:shadow-lg transition \" href=\"https:\/\/agi-sa.fr\/fr\/produits\/\">\n\n\t\t<h3 class=\"h4 break-words transition mb-0 text-green-100 group-hover:text-blue-100\">Nos produits <\/h3>\n\n\t\t\t<p class=\"hidden lg:flex mb-0 min-h-120\">D\u00e9couvrez notre large gamme de solutions texturantes innovantes qui peuvent \u00eatre utilis\u00e9es pour une vari\u00e9t\u00e9 d\u2019applications tels que les secteurs de l\u2019alimentation et des boissons, des produits d\u2019hygi\u00e8ne et de cosm\u00e9tiques, des aliments pour animaux de compagnie et m\u00eame des industries techniques. <\/p>\n\t\n\t\t<div class=\"flex justify-end\">\n\t\t\t\n<button tabindex=\"-1\" id=\"\" type=\"\" class=\"btn-circle group-hover:bg-blue-100\" >\n\n\t<span class=\"sr-only\">\n\t\tNos produits \n\t<\/span>\n\n\t<span class=\"btn-icon\">\n\t\t<span class=\"btn-icon-inner\"><\/span>\n\t<\/span>\n\n<\/button>\n\n\t\t<\/div>\n\n\t<\/a>\n<\/div>\n\n\t\t\t\t\n\t\t\t<\/div>\n\t\t<\/div>\n\n\t<\/div>\n<\/div>\n","protected":false},"excerpt":{"rendered":"","protected":false},"author":4,"featured_media":0,"parent":0,"menu_order":0,"comment_status":"closed","ping_status":"closed","template":"","meta":{"_acf_changed":false,"inline_featured_image":false,"footnotes":""},"class_list":["post-324","page","type-page","status-publish","hentry"],"acf":[],"_links":{"self":[{"href":"https:\/\/agi-sa.fr\/fr\/wp-json\/wp\/v2\/pages\/324","targetHints":{"allow":["GET"]}}],"collection":[{"href":"https:\/\/agi-sa.fr\/fr\/wp-json\/wp\/v2\/pages"}],"about":[{"href":"https:\/\/agi-sa.fr\/fr\/wp-json\/wp\/v2\/types\/page"}],"author":[{"embeddable":true,"href":"https:\/\/agi-sa.fr\/fr\/wp-json\/wp\/v2\/users\/4"}],"replies":[{"embeddable":true,"href":"https:\/\/agi-sa.fr\/fr\/wp-json\/wp\/v2\/comments?post=324"}],"version-history":[{"count":0,"href":"https:\/\/agi-sa.fr\/fr\/wp-json\/wp\/v2\/pages\/324\/revisions"}],"wp:attachment":[{"href":"https:\/\/agi-sa.fr\/fr\/wp-json\/wp\/v2\/media?parent=324"}],"curies":[{"name":"wp","href":"https:\/\/api.w.org\/{rel}","templated":true}]}}