{"id":1746,"date":"2024-11-28T10:59:25","date_gmt":"2024-11-28T10:59:25","guid":{"rendered":"https:\/\/agi-sa.fr\/product\/guar\/"},"modified":"2025-01-29T16:50:43","modified_gmt":"2025-01-29T16:50:43","slug":"guar","status":"publish","type":"product","link":"https:\/\/agi-sa.fr\/fr\/produits\/guar\/","title":{"rendered":"Guar"},"content":{"rendered":"<!-- Content Container - Block to add a fixed width to your content -->\n\n<div class=\"block__content-container \/  is-block theme-light theme-light-bg pt-sm pb-sm text-start justify-start\">\n\t<div class=\"container\">\n\t\t<div class=\"acf-innerblocks-container\">\n\n<p data-scroll-class=\"fadeInUpSmall\" class=\"has-medium-font-size\">La gomme de guar (E 412) est obtenue \u00e0 partir de la graine de guar<em>(Cyamopsis tetragonolobus<\/em>) par traitement m\u00e9canique et thermique.  <br><br>Elle offre une viscosit\u00e9 \u00e0 froid qui est consid\u00e9rablement am\u00e9lior\u00e9e lorsqu&rsquo;elle est utilis\u00e9e avec de la gomme xanthane, ce qui constitue une solution rentable. AGI propose une gamme compl\u00e8te de gommes de guar de qualit\u00e9 alimentaire, \u00e0 la fois \u00e0 faible et \u00e0 forte viscosit\u00e9.   <\/p>\n\n<\/div>\n\t<\/div>\n<\/div>\n\n\n<!-- Introduction - Introduction block -->\n\n\t\n\n<div class=\"block__introduction \/  is-block theme-dark theme-dark-bg pt-md pb-md has-text-lg\">\n\t<div class=\"container\">\n\t\t<div class=\"flex flex-col gap-gutter \/ lg:grid lg:grid-flow-col lg:auto-cols-fr\">\n\n\t\t\t<div class=\"flex-stack gap-24\">\n\n<h2 data-scroll-class=\"fadeInUpSmall\" class=\"wp-block-heading\">Contactez <mark style=\"background-color:rgba(0, 0, 0, 0)\" class=\"has-inline-color has-green-140-color\">AGI<\/mark><\/h2>\n\n<\/div>\n\n\t\t\t<div class=\"flex-stack gap-24\" data-scroll-class='fadeIn' data-scroll-delay='600'>\n\t\t\t\t<p class=\"p1\">Notre \u00e9quipe d\u2019experts est toujours \u00e0 votre disposition pour vous apporter son aide. Que vous souhaitiez explorer des solutions pour un nouveau produit en d\u00e9veloppement ou obtenir un support concernant une commande existante, n\u2019h\u00e9sitez pas \u00e0 nous contacter \u2013 nous serons ravis de vous aider.<\/p>\n\n\n\t\t\t\t\t\t\t\t\t<div>\n\t\t\t\t\t\t\n\t\t\t\t\t\t\n<a href=\"https:\/\/agi-sa.fr\/fr\/contact\/\" id=\"block_d7deace39d83f3d731adfd7af6592be9\" class=\"btn inline-flex \" target=\"\">\n\n\t<span class=\"btn-inner\">\n\n\t\t\t\t<svg width=\"8\" height=\"12\" viewBox=\"0 0 8 12\"  xmlns=\"http:\/\/www.w3.org\/2000\/svg\">\n<path  d=\"M0 0.294643L5.7737 5.94643V6.05357L0 11.7054V12H2.07951L8 6.24107V5.75893L2.07951 0H0V0.294643Z\"  fill=\"currentColor\" \/>\n<\/svg>\n\t\n\tContactez AGI\n\n\t\n\t<\/span>\n\n<\/a>\n\n\t\t\n\t\t\t\n\n\t\n\n\t\t\t\t\t<\/div>\n\t\t\t\t\n\t\t\t<\/div>\n\n\t\t<\/div>\n\t<\/div>\n<\/div>\n\n","protected":false},"excerpt":{"rendered":"<p>Principaux avantages : \u00c9paississement, r\u00e9tention d&rsquo;eau, synergie avec la gomme xanthane.  <\/p>\n","protected":false},"featured_media":974,"template":"","product-category":[57],"class_list":["post-1746","product","type-product","status-publish","has-post-thumbnail","hentry","product-category-portefeuille-ingredients-fr"],"acf":[],"_links":{"self":[{"href":"https:\/\/agi-sa.fr\/fr\/wp-json\/wp\/v2\/product\/1746","targetHints":{"allow":["GET"]}}],"collection":[{"href":"https:\/\/agi-sa.fr\/fr\/wp-json\/wp\/v2\/product"}],"about":[{"href":"https:\/\/agi-sa.fr\/fr\/wp-json\/wp\/v2\/types\/product"}],"wp:featuredmedia":[{"embeddable":true,"href":"https:\/\/agi-sa.fr\/fr\/wp-json\/wp\/v2\/media\/974"}],"wp:attachment":[{"href":"https:\/\/agi-sa.fr\/fr\/wp-json\/wp\/v2\/media?parent=1746"}],"wp:term":[{"taxonomy":"product-category","embeddable":true,"href":"https:\/\/agi-sa.fr\/fr\/wp-json\/wp\/v2\/product-category?post=1746"}],"curies":[{"name":"wp","href":"https:\/\/api.w.org\/{rel}","templated":true}]}}