{"id":1911,"date":"2024-11-28T10:59:13","date_gmt":"2024-11-28T10:59:13","guid":{"rendered":"https:\/\/agi-sa.fr\/product\/carrageenans\/"},"modified":"2025-03-10T14:09:23","modified_gmt":"2025-03-10T14:09:23","slug":"carraghenanes","status":"publish","type":"product","link":"https:\/\/agi-sa.fr\/fr\/produits\/carraghenanes\/","title":{"rendered":"Carragh\u00e9nanes"},"content":{"rendered":"<!-- Content Container - Block to add a fixed width to your content -->\n\n<div class=\"block__content-container \/  is-block theme-light theme-light-bg pt-sm pb-sm text-start justify-start\">\n\t<div class=\"container\">\n\t\t<div class=\"acf-innerblocks-container\">\n\n<p data-scroll-class=\"fadeInUpSmall\" class=\"has-medium-font-size\">Les carragh\u00e9nanes sont extraits d\u2019algues rouges et class\u00e9s en trois types &#8211; Kappa, Iota et Lambda &#8211; chacun avec des caract\u00e9ristiques sp\u00e9cifiques. On distingue aussi les carragh\u00e9nanes raffin\u00e9s (E 407) des carragh\u00e9nanes semi-raffin\u00e9s (E 407a), tous deux font partie de notre gamme. L\u2019expertise d\u2019AGI nous permet de m\u00e9langer ces extraits afin d\u2019obtenir la texture id\u00e9ale pour votre produit et votre processus.<\/p>\n\n<\/div>\n\t<\/div>\n<\/div>\n\n\n<!-- Introduction - Introduction block -->\n\n\t\n\n<div class=\"block__introduction \/  is-block theme-dark theme-dark-bg pt-md pb-md has-text-lg\">\n\t<div class=\"container\">\n\t\t<div class=\"flex flex-col gap-gutter \/ lg:grid lg:grid-flow-col lg:auto-cols-fr\">\n\n\t\t\t<div class=\"flex-stack gap-24\">\n\n<h2 data-scroll-class=\"fadeInUpSmall\" class=\"wp-block-heading\">Contactez <mark style=\"background-color:rgba(0, 0, 0, 0)\" class=\"has-inline-color has-green-140-color\">AGI<\/mark><\/h2>\n\n<\/div>\n\n\t\t\t<div class=\"flex-stack gap-24\" data-scroll-class='fadeIn' data-scroll-delay='600'>\n\t\t\t\t<p class=\"p1\">Notre \u00e9quipe d\u2019experts est toujours \u00e0 votre disposition pour vous apporter son aide. Que vous souhaitiez explorer des solutions pour un nouveau produit en d\u00e9veloppement ou obtenir un support concernant une commande existante, n\u2019h\u00e9sitez pas \u00e0 nous contacter \u2013 nous serons ravis de vous aider.<\/p>\n\n\n\t\t\t\t\t\t\t\t\t<div>\n\t\t\t\t\t\t\n\t\t\t\t\t\t\n<a href=\"https:\/\/agi-sa.fr\/fr\/contact\/\" id=\"block_35148b8e9177ea1fc477c9fa7e033120\" class=\"btn inline-flex \" target=\"\">\n\n\t<span class=\"btn-inner\">\n\n\t\t\t\t<svg width=\"8\" height=\"12\" viewBox=\"0 0 8 12\"  xmlns=\"http:\/\/www.w3.org\/2000\/svg\">\n<path  d=\"M0 0.294643L5.7737 5.94643V6.05357L0 11.7054V12H2.07951L8 6.24107V5.75893L2.07951 0H0V0.294643Z\"  fill=\"currentColor\" \/>\n<\/svg>\n\t\n\tContactez AGI\n\n\t\n\t<\/span>\n\n<\/a>\n\n\t\t\n\t\t\t\n\n\t\n\n\t\t\t\t\t<\/div>\n\t\t\t\t\n\t\t\t<\/div>\n\n\t\t<\/div>\n\t<\/div>\n<\/div>\n\n","protected":false},"excerpt":{"rendered":"<p>Principaux avantages : Propri\u00e9t\u00e9s \u00e9paississantes ou g\u00e9lifiantes ; gels mous, cassants ou fermes.<\/p>\n","protected":false},"featured_media":1245,"template":"","product-category":[57],"class_list":["post-1911","product","type-product","status-publish","has-post-thumbnail","hentry","product-category-portefeuille-ingredients-fr"],"acf":[],"_links":{"self":[{"href":"https:\/\/agi-sa.fr\/fr\/wp-json\/wp\/v2\/product\/1911","targetHints":{"allow":["GET"]}}],"collection":[{"href":"https:\/\/agi-sa.fr\/fr\/wp-json\/wp\/v2\/product"}],"about":[{"href":"https:\/\/agi-sa.fr\/fr\/wp-json\/wp\/v2\/types\/product"}],"wp:featuredmedia":[{"embeddable":true,"href":"https:\/\/agi-sa.fr\/fr\/wp-json\/wp\/v2\/media\/1245"}],"wp:attachment":[{"href":"https:\/\/agi-sa.fr\/fr\/wp-json\/wp\/v2\/media?parent=1911"}],"wp:term":[{"taxonomy":"product-category","embeddable":true,"href":"https:\/\/agi-sa.fr\/fr\/wp-json\/wp\/v2\/product-category?post=1911"}],"curies":[{"name":"wp","href":"https:\/\/api.w.org\/{rel}","templated":true}]}}